{"id":3099,"date":"2018-06-04T12:36:31","date_gmt":"2018-06-04T10:36:31","guid":{"rendered":"https:\/\/holistischcentrum-brabant.nl\/?page_id=3099"},"modified":"2023-01-16T19:49:52","modified_gmt":"2023-01-16T18:49:52","slug":"delta-m","status":"publish","type":"page","link":"https:\/\/holistischcentrum-brabant.nl\/de\/delta-m\/","title":{"rendered":"Delta M"},"content":{"rendered":"<p style=\"text-align: left;\"><em>Sie wurden auf die Website von Holistisch Centrum Brabant weitergeleitet, dem Unternehmen, das ich gemeinsam mit Wilma gegr\u00fcndet habe. Wir sind seit fast 40 Jahren zusammen und seit Anfang 2007 auch gemeinsam unternehmerisch t\u00e4tig. Schauen Sie sich gerne auf der Website um. Nachstehend finden Sie Informationen zu den Aktivit\u00e4ten, die ich unter dem Label Delta M anbiete.<\/em><\/p>\n<p><img loading=\"lazy\" decoding=\"async\" class=\"wp-image-5793 alignleft\" src=\"https:\/\/holistischcentrum-brabant.nl\/wp-content\/uploads\/2021\/08\/holistischcentrum-4442LR.jpg\" alt=\"\" width=\"400\" height=\"600\" srcset=\"https:\/\/holistischcentrum-brabant.nl\/wp-content\/uploads\/2021\/08\/holistischcentrum-4442LR.jpg 667w, https:\/\/holistischcentrum-brabant.nl\/wp-content\/uploads\/2021\/08\/holistischcentrum-4442LR-200x300.jpg 200w\" sizes=\"auto, (max-width: 400px) 100vw, 400px\" \/><\/p>\n<h2>\u00dcber mich<\/h2>\n<p>Als Coach bin ich immer auf der Suche nach dem, was Ihnen und den Mitarbeitern Ihres Unternehmens helfen kann, in Bewegung zu kommen und den n\u00e4chsten Schritt zu tun. Meine Lieblingsfrage lautet daher: Was brauchen Sie, um \u2026? Ich bin davon \u00fcberzeugt, dass Sie alle notwendigen Antworten in sich tragen. Meine Aufgabe besteht lediglich darin, Ihre eigene Weisheit zum Vorschein zu bringen.<\/p>\n<p>In meiner Rolle als Trainer habe ich ein gutes Gesp\u00fcr daf\u00fcr, was in der Gruppe vor sich geht. Ich setze Humor ein, spreche aber auch Verantwortlichkeiten und Probleme an. Wissen ist zum Teilen da, daher nutze ich das vorhandene Wissen in der Gruppe vor allem auch, um voneinander zu lernen. Der Austausch von Erfahrungen ist ein wirkungsvolles Instrument. Ich setze auch viele k\u00f6rperliche \u00dcbungen ein, um den Lernprozess zu verankern.<\/p>\n<p>In F\u00fchrungspositionen werde ich als selbstst\u00e4ndiger, praxisorientierter Manager, kreativ, organisatorisch begabt, mit Weitblick, innovativ, enthusiastisch, motiviert und ergebnisorientiert beschrieben.<\/p>\n<p>&nbsp;<\/p>\n<p>Als Mensch bin ich gleichzeitig auf einer spirituellen Suche nach Sinn in einem kosmischen Bewusstsein. Das Bewusstsein, wie scheinbar unbedeutende Begegnungen zwischen Menschen manchmal Leben ver\u00e4ndern k\u00f6nnen, macht jeden Tag und jedes Gespr\u00e4ch zu etwas Besonderem. Zwei Seiten derselben Pers\u00f6nlichkeit: die spirituelle Suche auf der einen Seite und der energiegeladene Manager, der es genie\u00dft, \u201cDinge zu erledigen\u201d, auf der anderen Seite.<\/p>\n<p>Lange Zeit dachte ich dabei in Begriffen wie \u2018entweder\/oder\u2019, aber das scheint nicht der Fall zu sein. Meine Erfahrung und \u00dcberzeugung ist, dass es \u2018sowohl als auch\u2019 ist. Meine spirituelle Weisheit ist dabei, dass die Interaktionen zwischen Menschen alle in einem gro\u00dfen und unergr\u00fcndlichen kosmischen System stattfinden. Ich bin mir absolut sicher, dass das Leben nicht einmalig ist, aber nur einmal gelebt werden kann. Das macht f\u00fcr mich jeden Tag zu einem Festtag... okay... fast jeden Tag \ud83d\ude42<\/p>\n<h2><\/h2>\n<p>&nbsp;<\/p>\n<h2>Schulungen<\/h2>\n<p>Diese werden immer individuell auf den Auftraggeber, die Zielgruppe und das gew\u00fcnschte Ergebnis zugeschnitten. Dazu geh\u00f6ren:<\/p>\n<ul>\n<li>Kommerzielle Schulungen<\/li>\n<li>Pers\u00f6nliche F\u00fchrungsqualit\u00e4ten<\/li>\n<li>Kommunikationsf\u00e4higkeiten<\/li>\n<li>Zusammenarbeiten<\/li>\n<\/ul>\n<p>Je nach den Anforderungen des Auftraggebers arbeite ich mit verschiedenen Organisationen zusammen und habe viele Spezialisten in meinem Netzwerk, die mich in bestimmten Bereichen unterst\u00fctzen.<\/p>","protected":false},"excerpt":{"rendered":"<p>Je bent door gelinkt naar de website van Holistisch Centrum Brabant de onderneming die ik samen met Wilma ben gestart. Wij zijn al bijna 40 jaar samen en sinds begin&hellip;<\/p>","protected":false},"author":1,"featured_media":0,"parent":0,"menu_order":0,"comment_status":"closed","ping_status":"closed","template":"","meta":{"_exactmetrics_skip_tracking":false,"_exactmetrics_sitenote_active":false,"_exactmetrics_sitenote_note":"","_exactmetrics_sitenote_category":0,"footnotes":""},"class_list":["post-3099","page","type-page","status-publish","hentry","entry","no-media"],"yoast_head":"<!-- This site is optimized with the Yoast SEO plugin v27.4 - https:\/\/yoast.com\/product\/yoast-seo-wordpress\/ -->\n<title>Delta M - Holistisch Centrum Brabant<\/title>\n<meta name=\"robots\" content=\"index, follow, max-snippet:-1, max-image-preview:large, max-video-preview:-1\" \/>\n<link rel=\"canonical\" href=\"https:\/\/holistischcentrum-brabant.nl\/de\/delta-m\/\" \/>\n<meta property=\"og:locale\" content=\"de_DE\" \/>\n<meta property=\"og:type\" content=\"article\" \/>\n<meta property=\"og:title\" content=\"Delta M - Holistisch Centrum Brabant\" \/>\n<meta property=\"og:description\" content=\"Je bent door gelinkt naar de website van Holistisch Centrum Brabant de onderneming die ik samen met Wilma ben gestart. Wij zijn al bijna 40 jaar samen en sinds begin&hellip;\" \/>\n<meta property=\"og:url\" content=\"https:\/\/holistischcentrum-brabant.nl\/de\/delta-m\/\" \/>\n<meta property=\"og:site_name\" content=\"Holistisch Centrum Brabant\" \/>\n<meta property=\"article:publisher\" content=\"https:\/\/www.facebook.com\/holistischcentrumbrabant\" \/>\n<meta property=\"article:modified_time\" content=\"2023-01-16T18:49:52+00:00\" \/>\n<meta property=\"og:image\" content=\"https:\/\/holistischcentrum-brabant.nl\/wp-content\/uploads\/2021\/08\/holistischcentrum-4442LR.jpg\" \/>\n<meta name=\"twitter:card\" content=\"summary_large_image\" \/>\n<meta name=\"twitter:label1\" content=\"Gesch\u00e4tzte Lesezeit\" \/>\n\t<meta name=\"twitter:data1\" content=\"3\u00a0Minuten\" \/>\n<script type=\"application\/ld+json\" class=\"yoast-schema-graph\">{\"@context\":\"https:\\\/\\\/schema.org\",\"@graph\":[{\"@type\":\"WebPage\",\"@id\":\"https:\\\/\\\/holistischcentrum-brabant.nl\\\/delta-m\\\/\",\"url\":\"https:\\\/\\\/holistischcentrum-brabant.nl\\\/delta-m\\\/\",\"name\":\"Delta M - Holistisch Centrum Brabant\",\"isPartOf\":{\"@id\":\"https:\\\/\\\/holistischcentrum-brabant.nl\\\/#website\"},\"primaryImageOfPage\":{\"@id\":\"https:\\\/\\\/holistischcentrum-brabant.nl\\\/delta-m\\\/#primaryimage\"},\"image\":{\"@id\":\"https:\\\/\\\/holistischcentrum-brabant.nl\\\/delta-m\\\/#primaryimage\"},\"thumbnailUrl\":\"https:\\\/\\\/holistischcentrum-brabant.nl\\\/wp-content\\\/uploads\\\/2021\\\/08\\\/holistischcentrum-4442LR.jpg\",\"datePublished\":\"2018-06-04T10:36:31+00:00\",\"dateModified\":\"2023-01-16T18:49:52+00:00\",\"breadcrumb\":{\"@id\":\"https:\\\/\\\/holistischcentrum-brabant.nl\\\/delta-m\\\/#breadcrumb\"},\"inLanguage\":\"de\",\"potentialAction\":[{\"@type\":\"ReadAction\",\"target\":[\"https:\\\/\\\/holistischcentrum-brabant.nl\\\/delta-m\\\/\"]}]},{\"@type\":\"ImageObject\",\"inLanguage\":\"de\",\"@id\":\"https:\\\/\\\/holistischcentrum-brabant.nl\\\/delta-m\\\/#primaryimage\",\"url\":\"https:\\\/\\\/holistischcentrum-brabant.nl\\\/wp-content\\\/uploads\\\/2021\\\/08\\\/holistischcentrum-4442LR.jpg\",\"contentUrl\":\"https:\\\/\\\/holistischcentrum-brabant.nl\\\/wp-content\\\/uploads\\\/2021\\\/08\\\/holistischcentrum-4442LR.jpg\"},{\"@type\":\"BreadcrumbList\",\"@id\":\"https:\\\/\\\/holistischcentrum-brabant.nl\\\/delta-m\\\/#breadcrumb\",\"itemListElement\":[{\"@type\":\"ListItem\",\"position\":1,\"name\":\"Home\",\"item\":\"https:\\\/\\\/holistischcentrum-brabant.nl\\\/\"},{\"@type\":\"ListItem\",\"position\":2,\"name\":\"Delta M\"}]},{\"@type\":\"WebSite\",\"@id\":\"https:\\\/\\\/holistischcentrum-brabant.nl\\\/#website\",\"url\":\"https:\\\/\\\/holistischcentrum-brabant.nl\\\/\",\"name\":\"Holistisch Centrum Brabant\",\"description\":\"\",\"publisher\":{\"@id\":\"https:\\\/\\\/holistischcentrum-brabant.nl\\\/#organization\"},\"potentialAction\":[{\"@type\":\"SearchAction\",\"target\":{\"@type\":\"EntryPoint\",\"urlTemplate\":\"https:\\\/\\\/holistischcentrum-brabant.nl\\\/?s={search_term_string}\"},\"query-input\":{\"@type\":\"PropertyValueSpecification\",\"valueRequired\":true,\"valueName\":\"search_term_string\"}}],\"inLanguage\":\"de\"},{\"@type\":\"Organization\",\"@id\":\"https:\\\/\\\/holistischcentrum-brabant.nl\\\/#organization\",\"name\":\"Holistisch Centrum Brabant\",\"url\":\"https:\\\/\\\/holistischcentrum-brabant.nl\\\/\",\"logo\":{\"@type\":\"ImageObject\",\"inLanguage\":\"de\",\"@id\":\"https:\\\/\\\/holistischcentrum-brabant.nl\\\/#\\\/schema\\\/logo\\\/image\\\/\",\"url\":\"https:\\\/\\\/holistischcentrum-brabant.nl\\\/wp-content\\\/uploads\\\/2024\\\/06\\\/Logo-HCB-hoge-resolutie-1.jpg\",\"contentUrl\":\"https:\\\/\\\/holistischcentrum-brabant.nl\\\/wp-content\\\/uploads\\\/2024\\\/06\\\/Logo-HCB-hoge-resolutie-1.jpg\",\"width\":527,\"height\":205,\"caption\":\"Holistisch Centrum Brabant\"},\"image\":{\"@id\":\"https:\\\/\\\/holistischcentrum-brabant.nl\\\/#\\\/schema\\\/logo\\\/image\\\/\"},\"sameAs\":[\"https:\\\/\\\/www.facebook.com\\\/holistischcentrumbrabant\"]}]}<\/script>\n<!-- \/ Yoast SEO plugin. -->","yoast_head_json":{"title":"Delta M \u2013 Holistisches Zentrum Brabant","robots":{"index":"index","follow":"follow","max-snippet":"max-snippet:-1","max-image-preview":"max-image-preview:large","max-video-preview":"max-video-preview:-1"},"canonical":"https:\/\/holistischcentrum-brabant.nl\/de\/delta-m\/","og_locale":"de_DE","og_type":"article","og_title":"Delta M - Holistisch Centrum Brabant","og_description":"Je bent door gelinkt naar de website van Holistisch Centrum Brabant de onderneming die ik samen met Wilma ben gestart. Wij zijn al bijna 40 jaar samen en sinds begin&hellip;","og_url":"https:\/\/holistischcentrum-brabant.nl\/de\/delta-m\/","og_site_name":"Holistisch Centrum Brabant","article_publisher":"https:\/\/www.facebook.com\/holistischcentrumbrabant","article_modified_time":"2023-01-16T18:49:52+00:00","og_image":[{"url":"https:\/\/holistischcentrum-brabant.nl\/wp-content\/uploads\/2021\/08\/holistischcentrum-4442LR.jpg","type":"","width":"","height":""}],"twitter_card":"summary_large_image","twitter_misc":{"Gesch\u00e4tzte Lesezeit":"3\u00a0Minuten"},"schema":{"@context":"https:\/\/schema.org","@graph":[{"@type":"WebPage","@id":"https:\/\/holistischcentrum-brabant.nl\/delta-m\/","url":"https:\/\/holistischcentrum-brabant.nl\/delta-m\/","name":"Delta M \u2013 Holistisches Zentrum Brabant","isPartOf":{"@id":"https:\/\/holistischcentrum-brabant.nl\/#website"},"primaryImageOfPage":{"@id":"https:\/\/holistischcentrum-brabant.nl\/delta-m\/#primaryimage"},"image":{"@id":"https:\/\/holistischcentrum-brabant.nl\/delta-m\/#primaryimage"},"thumbnailUrl":"https:\/\/holistischcentrum-brabant.nl\/wp-content\/uploads\/2021\/08\/holistischcentrum-4442LR.jpg","datePublished":"2018-06-04T10:36:31+00:00","dateModified":"2023-01-16T18:49:52+00:00","breadcrumb":{"@id":"https:\/\/holistischcentrum-brabant.nl\/delta-m\/#breadcrumb"},"inLanguage":"de","potentialAction":[{"@type":"ReadAction","target":["https:\/\/holistischcentrum-brabant.nl\/delta-m\/"]}]},{"@type":"ImageObject","inLanguage":"de","@id":"https:\/\/holistischcentrum-brabant.nl\/delta-m\/#primaryimage","url":"https:\/\/holistischcentrum-brabant.nl\/wp-content\/uploads\/2021\/08\/holistischcentrum-4442LR.jpg","contentUrl":"https:\/\/holistischcentrum-brabant.nl\/wp-content\/uploads\/2021\/08\/holistischcentrum-4442LR.jpg"},{"@type":"BreadcrumbList","@id":"https:\/\/holistischcentrum-brabant.nl\/delta-m\/#breadcrumb","itemListElement":[{"@type":"ListItem","position":1,"name":"Home","item":"https:\/\/holistischcentrum-brabant.nl\/"},{"@type":"ListItem","position":2,"name":"Delta M"}]},{"@type":"WebSite","@id":"https:\/\/holistischcentrum-brabant.nl\/#website","url":"https:\/\/holistischcentrum-brabant.nl\/","name":"Holistic Center Brabant","description":"","publisher":{"@id":"https:\/\/holistischcentrum-brabant.nl\/#organization"},"potentialAction":[{"@type":"SearchAction","target":{"@type":"EntryPoint","urlTemplate":"https:\/\/holistischcentrum-brabant.nl\/?s={search_term_string}"},"query-input":{"@type":"PropertyValueSpecification","valueRequired":true,"valueName":"search_term_string"}}],"inLanguage":"de"},{"@type":"Organization","@id":"https:\/\/holistischcentrum-brabant.nl\/#organization","name":"Holistic Center Brabant","url":"https:\/\/holistischcentrum-brabant.nl\/","logo":{"@type":"ImageObject","inLanguage":"de","@id":"https:\/\/holistischcentrum-brabant.nl\/#\/schema\/logo\/image\/","url":"https:\/\/holistischcentrum-brabant.nl\/wp-content\/uploads\/2024\/06\/Logo-HCB-hoge-resolutie-1.jpg","contentUrl":"https:\/\/holistischcentrum-brabant.nl\/wp-content\/uploads\/2024\/06\/Logo-HCB-hoge-resolutie-1.jpg","width":527,"height":205,"caption":"Holistisch Centrum Brabant"},"image":{"@id":"https:\/\/holistischcentrum-brabant.nl\/#\/schema\/logo\/image\/"},"sameAs":["https:\/\/www.facebook.com\/holistischcentrumbrabant"]}]}},"_links":{"self":[{"href":"https:\/\/holistischcentrum-brabant.nl\/de\/wp-json\/wp\/v2\/pages\/3099","targetHints":{"allow":["GET"]}}],"collection":[{"href":"https:\/\/holistischcentrum-brabant.nl\/de\/wp-json\/wp\/v2\/pages"}],"about":[{"href":"https:\/\/holistischcentrum-brabant.nl\/de\/wp-json\/wp\/v2\/types\/page"}],"author":[{"embeddable":true,"href":"https:\/\/holistischcentrum-brabant.nl\/de\/wp-json\/wp\/v2\/users\/1"}],"replies":[{"embeddable":true,"href":"https:\/\/holistischcentrum-brabant.nl\/de\/wp-json\/wp\/v2\/comments?post=3099"}],"version-history":[{"count":13,"href":"https:\/\/holistischcentrum-brabant.nl\/de\/wp-json\/wp\/v2\/pages\/3099\/revisions"}],"predecessor-version":[{"id":3648,"href":"https:\/\/holistischcentrum-brabant.nl\/de\/wp-json\/wp\/v2\/pages\/3099\/revisions\/3648"}],"wp:attachment":[{"href":"https:\/\/holistischcentrum-brabant.nl\/de\/wp-json\/wp\/v2\/media?parent=3099"}],"curies":[{"name":"wp","href":"https:\/\/api.w.org\/{rel}","templated":true}]}}