{"id":365,"date":"2016-12-21T10:47:54","date_gmt":"2016-12-21T09:47:54","guid":{"rendered":"https:\/\/holistischcentrum-brabant.nl\/?page_id=365"},"modified":"2023-01-16T19:46:10","modified_gmt":"2023-01-16T18:46:10","slug":"workshops","status":"publish","type":"page","link":"https:\/\/holistischcentrum-brabant.nl\/de\/workshops\/","title":{"rendered":"Ausbildungen"},"content":{"rendered":"<div class=\"wpb-content-wrapper\"><div class=\"vc_row wpb_row vc_row-fluid wpex-relative\"><\/div><div class=\"wpb_column vc_column_container vc_col-sm-12\"><div class=\"vc_column-inner vc_custom_1482152567928\"><div class=\"wpb_wrapper\"><\/div><\/div><\/div>\n\t<div class=\"wpb_text_column wpb_content_element\" >\n\t\t<div class=\"wpb_wrapper\">\n\t\t\t\n\t\t<\/div>\n\t<\/div>\n<strong>Im Holistisch Centrum Brabant teilen wir unser Wissen und unsere Erfahrungen gerne mit anderen, weil wir selbst davon lernen und weil dadurch die Welt ein St\u00fcckchen sch\u00f6ner wird. Denn jeder Mensch, der an Bewusstsein und Sinnhaftigkeit gewinnt, kann dadurch wieder mehr Bedeutung f\u00fcr sein Umfeld erlangen. Derzeit arbeiten wir in unserem Team an der Entwicklung neuer Kurse. \u00dcber den Newsletter werden wir Sie auf dem Laufenden halten.\u00a0 Selbstverst\u00e4ndlich ist es jederzeit m\u00f6glich, einen Kurs nach Ma\u00df zu gestalten.<\/strong><\/p>\n<p><img loading=\"lazy\" decoding=\"async\" class=\"wp-image-6305 alignleft\" src=\"https:\/\/holistischcentrum-brabant.nl\/wp-content\/uploads\/2022\/08\/holistischcentrum-6459-1024x683.jpg\" alt=\"\" width=\"401\" height=\"268\" srcset=\"https:\/\/holistischcentrum-brabant.nl\/wp-content\/uploads\/2022\/08\/holistischcentrum-6459-1024x683.jpg 1024w, https:\/\/holistischcentrum-brabant.nl\/wp-content\/uploads\/2022\/08\/holistischcentrum-6459-300x200.jpg 300w, https:\/\/holistischcentrum-brabant.nl\/wp-content\/uploads\/2022\/08\/holistischcentrum-6459-768x512.jpg 768w, https:\/\/holistischcentrum-brabant.nl\/wp-content\/uploads\/2022\/08\/holistischcentrum-6459-1536x1024.jpg 1536w, https:\/\/holistischcentrum-brabant.nl\/wp-content\/uploads\/2022\/08\/holistischcentrum-6459-2048x1365.jpg 2048w\" sizes=\"auto, (max-width: 401px) 100vw, 401px\" \/><\/p>\n<\/div>","protected":false},"excerpt":{"rendered":"<p>Binnen Holistisch Centrum Brabant delen we onze kennis en ervaringen graag met anderen omdat wij daar zelf weer van leren en omdat daarmee de wereld weer een stukje mooier wordt.&hellip;<\/p>","protected":false},"author":1,"featured_media":0,"parent":0,"menu_order":0,"comment_status":"closed","ping_status":"closed","template":"","meta":{"_exactmetrics_skip_tracking":false,"_exactmetrics_sitenote_active":false,"_exactmetrics_sitenote_note":"","_exactmetrics_sitenote_category":0,"footnotes":""},"class_list":["post-365","page","type-page","status-publish","hentry","entry","no-media"],"yoast_head":"<!-- This site is optimized with the Yoast SEO plugin v27.4 - https:\/\/yoast.com\/product\/yoast-seo-wordpress\/ -->\n<title>Opleidingen - Holistisch Centrum Brabant<\/title>\n<meta name=\"description\" content=\"Binnen Holistisch Centrum Brabant delen we onze kennis en ervaringen graag met anderen via workshops omdat daarmee de wereld weer een stukje mooier wordt.\" \/>\n<meta name=\"robots\" content=\"index, follow, max-snippet:-1, max-image-preview:large, max-video-preview:-1\" \/>\n<link rel=\"canonical\" href=\"https:\/\/holistischcentrum-brabant.nl\/de\/workshops\/\" \/>\n<meta property=\"og:locale\" content=\"de_DE\" \/>\n<meta property=\"og:type\" content=\"article\" \/>\n<meta property=\"og:title\" content=\"Opleidingen - Holistisch Centrum Brabant\" \/>\n<meta property=\"og:description\" content=\"Binnen Holistisch Centrum Brabant delen we onze kennis en ervaringen graag met anderen via workshops omdat daarmee de wereld weer een stukje mooier wordt.\" \/>\n<meta property=\"og:url\" content=\"https:\/\/holistischcentrum-brabant.nl\/de\/workshops\/\" \/>\n<meta property=\"og:site_name\" content=\"Holistisch Centrum Brabant\" \/>\n<meta property=\"article:publisher\" content=\"https:\/\/www.facebook.com\/holistischcentrumbrabant\" \/>\n<meta property=\"article:modified_time\" content=\"2023-01-16T18:46:10+00:00\" \/>\n<meta property=\"og:image\" content=\"https:\/\/holistischcentrum-brabant.nl\/wp-content\/uploads\/2022\/08\/holistischcentrum-6459-1024x683.jpg\" \/>\n<meta name=\"twitter:card\" content=\"summary_large_image\" \/>\n<meta name=\"twitter:label1\" content=\"Gesch\u00e4tzte Lesezeit\" \/>\n\t<meta name=\"twitter:data1\" content=\"1\u00a0Minute\" \/>\n<script type=\"application\/ld+json\" class=\"yoast-schema-graph\">{\"@context\":\"https:\\\/\\\/schema.org\",\"@graph\":[{\"@type\":\"WebPage\",\"@id\":\"https:\\\/\\\/holistischcentrum-brabant.nl\\\/workshops\\\/\",\"url\":\"https:\\\/\\\/holistischcentrum-brabant.nl\\\/workshops\\\/\",\"name\":\"Opleidingen - Holistisch Centrum Brabant\",\"isPartOf\":{\"@id\":\"https:\\\/\\\/holistischcentrum-brabant.nl\\\/#website\"},\"primaryImageOfPage\":{\"@id\":\"https:\\\/\\\/holistischcentrum-brabant.nl\\\/workshops\\\/#primaryimage\"},\"image\":{\"@id\":\"https:\\\/\\\/holistischcentrum-brabant.nl\\\/workshops\\\/#primaryimage\"},\"thumbnailUrl\":\"https:\\\/\\\/holistischcentrum-brabant.nl\\\/wp-content\\\/uploads\\\/2022\\\/08\\\/holistischcentrum-6459-1024x683.jpg\",\"datePublished\":\"2016-12-21T09:47:54+00:00\",\"dateModified\":\"2023-01-16T18:46:10+00:00\",\"description\":\"Binnen Holistisch Centrum Brabant delen we onze kennis en ervaringen graag met anderen via workshops omdat daarmee de wereld weer een stukje mooier wordt.\",\"breadcrumb\":{\"@id\":\"https:\\\/\\\/holistischcentrum-brabant.nl\\\/workshops\\\/#breadcrumb\"},\"inLanguage\":\"de\",\"potentialAction\":[{\"@type\":\"ReadAction\",\"target\":[\"https:\\\/\\\/holistischcentrum-brabant.nl\\\/workshops\\\/\"]}]},{\"@type\":\"ImageObject\",\"inLanguage\":\"de\",\"@id\":\"https:\\\/\\\/holistischcentrum-brabant.nl\\\/workshops\\\/#primaryimage\",\"url\":\"https:\\\/\\\/holistischcentrum-brabant.nl\\\/wp-content\\\/uploads\\\/2022\\\/08\\\/holistischcentrum-6459-1024x683.jpg\",\"contentUrl\":\"https:\\\/\\\/holistischcentrum-brabant.nl\\\/wp-content\\\/uploads\\\/2022\\\/08\\\/holistischcentrum-6459-1024x683.jpg\"},{\"@type\":\"BreadcrumbList\",\"@id\":\"https:\\\/\\\/holistischcentrum-brabant.nl\\\/workshops\\\/#breadcrumb\",\"itemListElement\":[{\"@type\":\"ListItem\",\"position\":1,\"name\":\"Home\",\"item\":\"https:\\\/\\\/holistischcentrum-brabant.nl\\\/\"},{\"@type\":\"ListItem\",\"position\":2,\"name\":\"Opleidingen\"}]},{\"@type\":\"WebSite\",\"@id\":\"https:\\\/\\\/holistischcentrum-brabant.nl\\\/#website\",\"url\":\"https:\\\/\\\/holistischcentrum-brabant.nl\\\/\",\"name\":\"Holistisch Centrum Brabant\",\"description\":\"\",\"publisher\":{\"@id\":\"https:\\\/\\\/holistischcentrum-brabant.nl\\\/#organization\"},\"potentialAction\":[{\"@type\":\"SearchAction\",\"target\":{\"@type\":\"EntryPoint\",\"urlTemplate\":\"https:\\\/\\\/holistischcentrum-brabant.nl\\\/?s={search_term_string}\"},\"query-input\":{\"@type\":\"PropertyValueSpecification\",\"valueRequired\":true,\"valueName\":\"search_term_string\"}}],\"inLanguage\":\"de\"},{\"@type\":\"Organization\",\"@id\":\"https:\\\/\\\/holistischcentrum-brabant.nl\\\/#organization\",\"name\":\"Holistisch Centrum Brabant\",\"url\":\"https:\\\/\\\/holistischcentrum-brabant.nl\\\/\",\"logo\":{\"@type\":\"ImageObject\",\"inLanguage\":\"de\",\"@id\":\"https:\\\/\\\/holistischcentrum-brabant.nl\\\/#\\\/schema\\\/logo\\\/image\\\/\",\"url\":\"https:\\\/\\\/holistischcentrum-brabant.nl\\\/wp-content\\\/uploads\\\/2024\\\/06\\\/Logo-HCB-hoge-resolutie-1.jpg\",\"contentUrl\":\"https:\\\/\\\/holistischcentrum-brabant.nl\\\/wp-content\\\/uploads\\\/2024\\\/06\\\/Logo-HCB-hoge-resolutie-1.jpg\",\"width\":527,\"height\":205,\"caption\":\"Holistisch Centrum Brabant\"},\"image\":{\"@id\":\"https:\\\/\\\/holistischcentrum-brabant.nl\\\/#\\\/schema\\\/logo\\\/image\\\/\"},\"sameAs\":[\"https:\\\/\\\/www.facebook.com\\\/holistischcentrumbrabant\"]}]}<\/script>\n<!-- \/ Yoast SEO plugin. -->","yoast_head_json":{"title":"Ausbildungen \u2013 Holistisch Centrum Brabant","description":"Im Holistisch Centrum Brabant teilen wir unser Wissen und unsere Erfahrungen gerne mit anderen in Workshops, weil das die Welt ein St\u00fcck sch\u00f6ner macht.","robots":{"index":"index","follow":"follow","max-snippet":"max-snippet:-1","max-image-preview":"max-image-preview:large","max-video-preview":"max-video-preview:-1"},"canonical":"https:\/\/holistischcentrum-brabant.nl\/de\/workshops\/","og_locale":"de_DE","og_type":"article","og_title":"Opleidingen - Holistisch Centrum Brabant","og_description":"Binnen Holistisch Centrum Brabant delen we onze kennis en ervaringen graag met anderen via workshops omdat daarmee de wereld weer een stukje mooier wordt.","og_url":"https:\/\/holistischcentrum-brabant.nl\/de\/workshops\/","og_site_name":"Holistisch Centrum Brabant","article_publisher":"https:\/\/www.facebook.com\/holistischcentrumbrabant","article_modified_time":"2023-01-16T18:46:10+00:00","og_image":[{"url":"https:\/\/holistischcentrum-brabant.nl\/wp-content\/uploads\/2022\/08\/holistischcentrum-6459-1024x683.jpg","type":"","width":"","height":""}],"twitter_card":"summary_large_image","twitter_misc":{"Gesch\u00e4tzte Lesezeit":"1\u00a0Minute"},"schema":{"@context":"https:\/\/schema.org","@graph":[{"@type":"WebPage","@id":"https:\/\/holistischcentrum-brabant.nl\/workshops\/","url":"https:\/\/holistischcentrum-brabant.nl\/workshops\/","name":"Ausbildungen \u2013 Holistisch Centrum Brabant","isPartOf":{"@id":"https:\/\/holistischcentrum-brabant.nl\/#website"},"primaryImageOfPage":{"@id":"https:\/\/holistischcentrum-brabant.nl\/workshops\/#primaryimage"},"image":{"@id":"https:\/\/holistischcentrum-brabant.nl\/workshops\/#primaryimage"},"thumbnailUrl":"https:\/\/holistischcentrum-brabant.nl\/wp-content\/uploads\/2022\/08\/holistischcentrum-6459-1024x683.jpg","datePublished":"2016-12-21T09:47:54+00:00","dateModified":"2023-01-16T18:46:10+00:00","description":"Im Holistisch Centrum Brabant teilen wir unser Wissen und unsere Erfahrungen gerne mit anderen in Workshops, weil das die Welt ein St\u00fcck sch\u00f6ner macht.","breadcrumb":{"@id":"https:\/\/holistischcentrum-brabant.nl\/workshops\/#breadcrumb"},"inLanguage":"de","potentialAction":[{"@type":"ReadAction","target":["https:\/\/holistischcentrum-brabant.nl\/workshops\/"]}]},{"@type":"ImageObject","inLanguage":"de","@id":"https:\/\/holistischcentrum-brabant.nl\/workshops\/#primaryimage","url":"https:\/\/holistischcentrum-brabant.nl\/wp-content\/uploads\/2022\/08\/holistischcentrum-6459-1024x683.jpg","contentUrl":"https:\/\/holistischcentrum-brabant.nl\/wp-content\/uploads\/2022\/08\/holistischcentrum-6459-1024x683.jpg"},{"@type":"BreadcrumbList","@id":"https:\/\/holistischcentrum-brabant.nl\/workshops\/#breadcrumb","itemListElement":[{"@type":"ListItem","position":1,"name":"Home","item":"https:\/\/holistischcentrum-brabant.nl\/"},{"@type":"ListItem","position":2,"name":"Opleidingen"}]},{"@type":"WebSite","@id":"https:\/\/holistischcentrum-brabant.nl\/#website","url":"https:\/\/holistischcentrum-brabant.nl\/","name":"Holistic Center Brabant","description":"","publisher":{"@id":"https:\/\/holistischcentrum-brabant.nl\/#organization"},"potentialAction":[{"@type":"SearchAction","target":{"@type":"EntryPoint","urlTemplate":"https:\/\/holistischcentrum-brabant.nl\/?s={search_term_string}"},"query-input":{"@type":"PropertyValueSpecification","valueRequired":true,"valueName":"search_term_string"}}],"inLanguage":"de"},{"@type":"Organization","@id":"https:\/\/holistischcentrum-brabant.nl\/#organization","name":"Holistic Center Brabant","url":"https:\/\/holistischcentrum-brabant.nl\/","logo":{"@type":"ImageObject","inLanguage":"de","@id":"https:\/\/holistischcentrum-brabant.nl\/#\/schema\/logo\/image\/","url":"https:\/\/holistischcentrum-brabant.nl\/wp-content\/uploads\/2024\/06\/Logo-HCB-hoge-resolutie-1.jpg","contentUrl":"https:\/\/holistischcentrum-brabant.nl\/wp-content\/uploads\/2024\/06\/Logo-HCB-hoge-resolutie-1.jpg","width":527,"height":205,"caption":"Holistisch Centrum Brabant"},"image":{"@id":"https:\/\/holistischcentrum-brabant.nl\/#\/schema\/logo\/image\/"},"sameAs":["https:\/\/www.facebook.com\/holistischcentrumbrabant"]}]}},"_links":{"self":[{"href":"https:\/\/holistischcentrum-brabant.nl\/de\/wp-json\/wp\/v2\/pages\/365","targetHints":{"allow":["GET"]}}],"collection":[{"href":"https:\/\/holistischcentrum-brabant.nl\/de\/wp-json\/wp\/v2\/pages"}],"about":[{"href":"https:\/\/holistischcentrum-brabant.nl\/de\/wp-json\/wp\/v2\/types\/page"}],"author":[{"embeddable":true,"href":"https:\/\/holistischcentrum-brabant.nl\/de\/wp-json\/wp\/v2\/users\/1"}],"replies":[{"embeddable":true,"href":"https:\/\/holistischcentrum-brabant.nl\/de\/wp-json\/wp\/v2\/comments?post=365"}],"version-history":[{"count":21,"href":"https:\/\/holistischcentrum-brabant.nl\/de\/wp-json\/wp\/v2\/pages\/365\/revisions"}],"predecessor-version":[{"id":6626,"href":"https:\/\/holistischcentrum-brabant.nl\/de\/wp-json\/wp\/v2\/pages\/365\/revisions\/6626"}],"wp:attachment":[{"href":"https:\/\/holistischcentrum-brabant.nl\/de\/wp-json\/wp\/v2\/media?parent=365"}],"curies":[{"name":"wp","href":"https:\/\/api.w.org\/{rel}","templated":true}]}}