{"id":5045,"date":"2020-12-03T21:46:17","date_gmt":"2020-12-03T20:46:17","guid":{"rendered":"https:\/\/holistischcentrum-brabant.nl\/?page_id=5045"},"modified":"2026-03-05T11:00:38","modified_gmt":"2026-03-05T10:00:38","slug":"tarife","status":"publish","type":"page","link":"https:\/\/holistischcentrum-brabant.nl\/de\/tarife\/","title":{"rendered":"Preise"},"content":{"rendered":"<h2>Nachstehend finden Sie die Preise f\u00fcr professionelle Dienstleistungen<\/h2>\r\n<p>Wir verf\u00fcgen alle \u00fcber einen Hochschulabschluss und Ben und Wilma ter Horst sind Mitglied in Berufsverb\u00e4nden (siehe unten auf dieser Seite). Daher f\u00e4llt keine Mehrwertsteuer an und die Behandlungen von Ben und Wilma werden oft von der Krankenkasse erstattet, wenn Sie zus\u00e4tzlich versichert sind. In den meisten F\u00e4llen betr\u00e4gt die Erstattung 40 Euro pro Behandlung.<\/p>\r\n<p><strong>Energetisch<\/strong><\/p>\r\n<p>45-min\u00fctige Reiki-Behandlung 75 Euro<\/p>\r\n<p>Eine Stunde Energie-Therapie 95 Euro\u00a0<\/p>\r\n<p>NEI-Sitzung von etwa einer Stunde Dauer 95 Euro<\/p>\r\n<p>&nbsp;<\/p>\r\n<p><strong>Hypnotherapie<\/strong><\/p>\r\n<p>Hypnotherapie-Basissitzung von maximal einer Stunde 125 Euro<\/p>\r\n<p>Hypnotherapie ausf\u00fchrlich, z. B. Regression 150 Euro<\/p>\r\n<p>&nbsp;<\/p>\r\n<p><strong>EMDR<\/strong> <strong>(Eye Movement Desensibilisierung und Aufarbeitung)<\/strong><\/p>\r\n<p>EMDR-Erstgespr\u00e4ch 75 Euro<\/p>\r\n<p>1,5-st\u00fcndige EMDR-Sitzung 150 Euro<\/p>\r\n<p>&nbsp;<\/p>\r\n<p><strong>Coaching<\/strong><\/p>\r\n<p>Individuelles Coaching 125 Euro pro Stunde<\/p>\r\n<p>Beziehungscoaching 125 Euro pro Stunde<\/p>\r\n<p>&nbsp;<\/p>\r\n<p><strong>Systemische Arbeit<\/strong><\/p>\r\n<p>Individuelles Training mit Coaching 1,5 Stunden f\u00fcr 150 Euro<\/p>\r\n<p>Familienaufstellung Fragesteller 95 Euro<\/p>\r\n<p>Familienaufstellung Vertreter 25 Euro<\/p>\r\n<p>&nbsp;<\/p>\r\n<p><strong>AGB-Code<\/strong><\/p>\r\n<p>AGB-Code Praxis 90091345<\/p>\r\n<p>&nbsp;<\/p>\r\n<p>AGB-Code <strong>Ben ter Horst<\/strong> 90114259 mit Leistungscode  9000 Psychosozialer Betreuer.<\/p>\r\n<p>Dabei kann Hypnotherapie m\u00f6glicherweise aus einer Zusatzversicherung erstattet werden.<\/p>\r\n<p>&nbsp;<\/p>\r\n<p>AGB-Code <strong>Wilma ter Horst<\/strong> 90114533 mit Leistungscode 9021 Sonstige Heiler.<\/p>\r\n<p>Die Behandlungen, die unter <strong>Energetisch<\/strong> werden m\u00f6glicherweise von der Zusatzversicherung erstattet.<\/p>\r\n<p>Die\u00a0<strong>Hypnotherapie, Coaching, Systemische Arbeit <\/strong>sind nicht erstattungsf\u00e4hig.<\/p>\r\n<p>&nbsp;<\/p>\r\n<p>&nbsp;<\/p>\r\n<p><strong>Handelsregisternummer 857134632<\/strong><\/p>\r\n<p>&nbsp;<\/p>\r\n<p>Ben ter Horst ist Mitglied des niederl\u00e4ndischen Berufsverbands f\u00fcr Hypnotherapeuten.<\/p>\r\n<p>und das Kollektiv alternativer Therapeuten<\/p>\r\n<p>&nbsp;<\/p>\r\n<p><img loading=\"lazy\" decoding=\"async\" class=\"alignnone  wp-image-6492\" src=\"https:\/\/holistischcentrum-brabant.nl\/wp-content\/uploads\/2022\/11\/download.png\" alt=\"\" width=\"163\" height=\"85\" srcset=\"https:\/\/holistischcentrum-brabant.nl\/wp-content\/uploads\/2022\/11\/download.png 311w, https:\/\/holistischcentrum-brabant.nl\/wp-content\/uploads\/2022\/11\/download-300x156.png 300w\" sizes=\"auto, (max-width: 163px) 100vw, 163px\" \/><img loading=\"lazy\" decoding=\"async\" class=\"alignnone wp-image-7712 size-full\" src=\"https:\/\/holistischcentrum-brabant.nl\/wp-content\/uploads\/2024\/11\/download.png\" alt=\"\" width=\"225\" height=\"224\" srcset=\"https:\/\/holistischcentrum-brabant.nl\/wp-content\/uploads\/2024\/11\/download.png 225w, https:\/\/holistischcentrum-brabant.nl\/wp-content\/uploads\/2024\/11\/download-150x150.png 150w\" sizes=\"auto, (max-width: 225px) 100vw, 225px\" \/><\/p>\r\n\r\n\r\n\r\n<figure class=\"wp-block-image size-large\"><\/figure>\r\n<p>&nbsp;<\/p>\r\n<p>Wilma ter Horst ist Mitglied der RBCZ und der Landelijke Vereniging Natuurgeneeskundig Therapeuten (Nationaler Verband f\u00fcr Naturheilkundetherapeuten).<\/p>\r\n<p>&nbsp;<\/p>\r\n<p><img loading=\"lazy\" decoding=\"async\" class=\"alignnone  wp-image-6497\" src=\"https:\/\/holistischcentrum-brabant.nl\/wp-content\/uploads\/2022\/11\/Logo-LVNT-definitief.jpeg\" alt=\"\" width=\"117\" height=\"61\" \/><img loading=\"lazy\" decoding=\"async\" class=\"wp-image-6635  alignleft\" src=\"https:\/\/holistischcentrum-brabant.nl\/wp-content\/uploads\/2023\/03\/RBCZ-logo_RGB_payoff-1024x493.jpeg\" alt=\"\" width=\"127\" height=\"61\" \/><\/p>\r\n<p>&nbsp;<\/p>\r\n<p>&nbsp;<\/p>","protected":false},"excerpt":{"rendered":"<p>Hieronder de tarieven voor professionele dienstverlening Wij zijn allemaal HBO \/ Universitair geschoold en Ben en Wilma ter Horst zijn aangesloten bij beroepsverenigingen zie onderaan deze pagina. Daardoor is er&hellip;<\/p>","protected":false},"author":3,"featured_media":0,"parent":0,"menu_order":0,"comment_status":"closed","ping_status":"closed","template":"","meta":{"_exactmetrics_skip_tracking":false,"_exactmetrics_sitenote_active":false,"_exactmetrics_sitenote_note":"","_exactmetrics_sitenote_category":0,"footnotes":""},"class_list":["post-5045","page","type-page","status-publish","hentry","entry","no-media"],"yoast_head":"<!-- This site is optimized with the Yoast SEO plugin v27.4 - https:\/\/yoast.com\/product\/yoast-seo-wordpress\/ -->\n<title>Tarieven - Holistisch Centrum Brabant<\/title>\n<meta name=\"robots\" content=\"index, follow, max-snippet:-1, max-image-preview:large, max-video-preview:-1\" \/>\n<link rel=\"canonical\" href=\"https:\/\/holistischcentrum-brabant.nl\/de\/tarife\/\" \/>\n<meta property=\"og:locale\" content=\"de_DE\" \/>\n<meta property=\"og:type\" content=\"article\" \/>\n<meta property=\"og:title\" content=\"Tarieven - Holistisch Centrum Brabant\" \/>\n<meta property=\"og:description\" content=\"Hieronder de tarieven voor professionele dienstverlening Wij zijn allemaal HBO \/ Universitair geschoold en Ben en Wilma ter Horst zijn aangesloten bij beroepsverenigingen zie onderaan deze pagina. Daardoor is er&hellip;\" \/>\n<meta property=\"og:url\" content=\"https:\/\/holistischcentrum-brabant.nl\/de\/tarife\/\" \/>\n<meta property=\"og:site_name\" content=\"Holistisch Centrum Brabant\" \/>\n<meta property=\"article:publisher\" content=\"https:\/\/www.facebook.com\/holistischcentrumbrabant\" \/>\n<meta property=\"article:modified_time\" content=\"2026-03-05T10:00:38+00:00\" \/>\n<meta property=\"og:image\" content=\"https:\/\/holistischcentrum-brabant.nl\/wp-content\/uploads\/2022\/11\/download.png\" \/>\n\t<meta property=\"og:image:width\" content=\"311\" \/>\n\t<meta property=\"og:image:height\" content=\"162\" \/>\n\t<meta property=\"og:image:type\" content=\"image\/png\" \/>\n<meta name=\"twitter:card\" content=\"summary_large_image\" \/>\n<meta name=\"twitter:label1\" content=\"Gesch\u00e4tzte Lesezeit\" \/>\n\t<meta name=\"twitter:data1\" content=\"3\u00a0Minuten\" \/>\n<script type=\"application\/ld+json\" class=\"yoast-schema-graph\">{\"@context\":\"https:\\\/\\\/schema.org\",\"@graph\":[{\"@type\":\"WebPage\",\"@id\":\"https:\\\/\\\/holistischcentrum-brabant.nl\\\/tarieven\\\/\",\"url\":\"https:\\\/\\\/holistischcentrum-brabant.nl\\\/tarieven\\\/\",\"name\":\"Tarieven - Holistisch Centrum Brabant\",\"isPartOf\":{\"@id\":\"https:\\\/\\\/holistischcentrum-brabant.nl\\\/#website\"},\"primaryImageOfPage\":{\"@id\":\"https:\\\/\\\/holistischcentrum-brabant.nl\\\/tarieven\\\/#primaryimage\"},\"image\":{\"@id\":\"https:\\\/\\\/holistischcentrum-brabant.nl\\\/tarieven\\\/#primaryimage\"},\"thumbnailUrl\":\"https:\\\/\\\/holistischcentrum-brabant.nl\\\/wp-content\\\/uploads\\\/2022\\\/11\\\/download.png\",\"datePublished\":\"2020-12-03T20:46:17+00:00\",\"dateModified\":\"2026-03-05T10:00:38+00:00\",\"breadcrumb\":{\"@id\":\"https:\\\/\\\/holistischcentrum-brabant.nl\\\/tarieven\\\/#breadcrumb\"},\"inLanguage\":\"de\",\"potentialAction\":[{\"@type\":\"ReadAction\",\"target\":[\"https:\\\/\\\/holistischcentrum-brabant.nl\\\/tarieven\\\/\"]}]},{\"@type\":\"ImageObject\",\"inLanguage\":\"de\",\"@id\":\"https:\\\/\\\/holistischcentrum-brabant.nl\\\/tarieven\\\/#primaryimage\",\"url\":\"https:\\\/\\\/holistischcentrum-brabant.nl\\\/wp-content\\\/uploads\\\/2022\\\/11\\\/download.png\",\"contentUrl\":\"https:\\\/\\\/holistischcentrum-brabant.nl\\\/wp-content\\\/uploads\\\/2022\\\/11\\\/download.png\"},{\"@type\":\"BreadcrumbList\",\"@id\":\"https:\\\/\\\/holistischcentrum-brabant.nl\\\/tarieven\\\/#breadcrumb\",\"itemListElement\":[{\"@type\":\"ListItem\",\"position\":1,\"name\":\"Home\",\"item\":\"https:\\\/\\\/holistischcentrum-brabant.nl\\\/\"},{\"@type\":\"ListItem\",\"position\":2,\"name\":\"Tarieven\"}]},{\"@type\":\"WebSite\",\"@id\":\"https:\\\/\\\/holistischcentrum-brabant.nl\\\/#website\",\"url\":\"https:\\\/\\\/holistischcentrum-brabant.nl\\\/\",\"name\":\"Holistisch Centrum Brabant\",\"description\":\"\",\"publisher\":{\"@id\":\"https:\\\/\\\/holistischcentrum-brabant.nl\\\/#organization\"},\"potentialAction\":[{\"@type\":\"SearchAction\",\"target\":{\"@type\":\"EntryPoint\",\"urlTemplate\":\"https:\\\/\\\/holistischcentrum-brabant.nl\\\/?s={search_term_string}\"},\"query-input\":{\"@type\":\"PropertyValueSpecification\",\"valueRequired\":true,\"valueName\":\"search_term_string\"}}],\"inLanguage\":\"de\"},{\"@type\":\"Organization\",\"@id\":\"https:\\\/\\\/holistischcentrum-brabant.nl\\\/#organization\",\"name\":\"Holistisch Centrum Brabant\",\"url\":\"https:\\\/\\\/holistischcentrum-brabant.nl\\\/\",\"logo\":{\"@type\":\"ImageObject\",\"inLanguage\":\"de\",\"@id\":\"https:\\\/\\\/holistischcentrum-brabant.nl\\\/#\\\/schema\\\/logo\\\/image\\\/\",\"url\":\"https:\\\/\\\/holistischcentrum-brabant.nl\\\/wp-content\\\/uploads\\\/2024\\\/06\\\/Logo-HCB-hoge-resolutie-1.jpg\",\"contentUrl\":\"https:\\\/\\\/holistischcentrum-brabant.nl\\\/wp-content\\\/uploads\\\/2024\\\/06\\\/Logo-HCB-hoge-resolutie-1.jpg\",\"width\":527,\"height\":205,\"caption\":\"Holistisch Centrum Brabant\"},\"image\":{\"@id\":\"https:\\\/\\\/holistischcentrum-brabant.nl\\\/#\\\/schema\\\/logo\\\/image\\\/\"},\"sameAs\":[\"https:\\\/\\\/www.facebook.com\\\/holistischcentrumbrabant\"]}]}<\/script>\n<!-- \/ Yoast SEO plugin. -->","yoast_head_json":{"title":"Preise \u2013 Holistisch Centrum Brabant","robots":{"index":"index","follow":"follow","max-snippet":"max-snippet:-1","max-image-preview":"max-image-preview:large","max-video-preview":"max-video-preview:-1"},"canonical":"https:\/\/holistischcentrum-brabant.nl\/de\/tarife\/","og_locale":"de_DE","og_type":"article","og_title":"Tarieven - Holistisch Centrum Brabant","og_description":"Hieronder de tarieven voor professionele dienstverlening Wij zijn allemaal HBO \/ Universitair geschoold en Ben en Wilma ter Horst zijn aangesloten bij beroepsverenigingen zie onderaan deze pagina. Daardoor is er&hellip;","og_url":"https:\/\/holistischcentrum-brabant.nl\/de\/tarife\/","og_site_name":"Holistisch Centrum Brabant","article_publisher":"https:\/\/www.facebook.com\/holistischcentrumbrabant","article_modified_time":"2026-03-05T10:00:38+00:00","og_image":[{"width":311,"height":162,"url":"https:\/\/holistischcentrum-brabant.nl\/wp-content\/uploads\/2022\/11\/download.png","type":"image\/png"}],"twitter_card":"summary_large_image","twitter_misc":{"Gesch\u00e4tzte Lesezeit":"3\u00a0Minuten"},"schema":{"@context":"https:\/\/schema.org","@graph":[{"@type":"WebPage","@id":"https:\/\/holistischcentrum-brabant.nl\/tarieven\/","url":"https:\/\/holistischcentrum-brabant.nl\/tarieven\/","name":"Preise \u2013 Holistisch Centrum Brabant","isPartOf":{"@id":"https:\/\/holistischcentrum-brabant.nl\/#website"},"primaryImageOfPage":{"@id":"https:\/\/holistischcentrum-brabant.nl\/tarieven\/#primaryimage"},"image":{"@id":"https:\/\/holistischcentrum-brabant.nl\/tarieven\/#primaryimage"},"thumbnailUrl":"https:\/\/holistischcentrum-brabant.nl\/wp-content\/uploads\/2022\/11\/download.png","datePublished":"2020-12-03T20:46:17+00:00","dateModified":"2026-03-05T10:00:38+00:00","breadcrumb":{"@id":"https:\/\/holistischcentrum-brabant.nl\/tarieven\/#breadcrumb"},"inLanguage":"de","potentialAction":[{"@type":"ReadAction","target":["https:\/\/holistischcentrum-brabant.nl\/tarieven\/"]}]},{"@type":"ImageObject","inLanguage":"de","@id":"https:\/\/holistischcentrum-brabant.nl\/tarieven\/#primaryimage","url":"https:\/\/holistischcentrum-brabant.nl\/wp-content\/uploads\/2022\/11\/download.png","contentUrl":"https:\/\/holistischcentrum-brabant.nl\/wp-content\/uploads\/2022\/11\/download.png"},{"@type":"BreadcrumbList","@id":"https:\/\/holistischcentrum-brabant.nl\/tarieven\/#breadcrumb","itemListElement":[{"@type":"ListItem","position":1,"name":"Home","item":"https:\/\/holistischcentrum-brabant.nl\/"},{"@type":"ListItem","position":2,"name":"Tarieven"}]},{"@type":"WebSite","@id":"https:\/\/holistischcentrum-brabant.nl\/#website","url":"https:\/\/holistischcentrum-brabant.nl\/","name":"Holistic Center Brabant","description":"","publisher":{"@id":"https:\/\/holistischcentrum-brabant.nl\/#organization"},"potentialAction":[{"@type":"SearchAction","target":{"@type":"EntryPoint","urlTemplate":"https:\/\/holistischcentrum-brabant.nl\/?s={search_term_string}"},"query-input":{"@type":"PropertyValueSpecification","valueRequired":true,"valueName":"search_term_string"}}],"inLanguage":"de"},{"@type":"Organization","@id":"https:\/\/holistischcentrum-brabant.nl\/#organization","name":"Holistic Center Brabant","url":"https:\/\/holistischcentrum-brabant.nl\/","logo":{"@type":"ImageObject","inLanguage":"de","@id":"https:\/\/holistischcentrum-brabant.nl\/#\/schema\/logo\/image\/","url":"https:\/\/holistischcentrum-brabant.nl\/wp-content\/uploads\/2024\/06\/Logo-HCB-hoge-resolutie-1.jpg","contentUrl":"https:\/\/holistischcentrum-brabant.nl\/wp-content\/uploads\/2024\/06\/Logo-HCB-hoge-resolutie-1.jpg","width":527,"height":205,"caption":"Holistisch Centrum Brabant"},"image":{"@id":"https:\/\/holistischcentrum-brabant.nl\/#\/schema\/logo\/image\/"},"sameAs":["https:\/\/www.facebook.com\/holistischcentrumbrabant"]}]}},"_links":{"self":[{"href":"https:\/\/holistischcentrum-brabant.nl\/de\/wp-json\/wp\/v2\/pages\/5045","targetHints":{"allow":["GET"]}}],"collection":[{"href":"https:\/\/holistischcentrum-brabant.nl\/de\/wp-json\/wp\/v2\/pages"}],"about":[{"href":"https:\/\/holistischcentrum-brabant.nl\/de\/wp-json\/wp\/v2\/types\/page"}],"author":[{"embeddable":true,"href":"https:\/\/holistischcentrum-brabant.nl\/de\/wp-json\/wp\/v2\/users\/3"}],"replies":[{"embeddable":true,"href":"https:\/\/holistischcentrum-brabant.nl\/de\/wp-json\/wp\/v2\/comments?post=5045"}],"version-history":[{"count":29,"href":"https:\/\/holistischcentrum-brabant.nl\/de\/wp-json\/wp\/v2\/pages\/5045\/revisions"}],"predecessor-version":[{"id":8077,"href":"https:\/\/holistischcentrum-brabant.nl\/de\/wp-json\/wp\/v2\/pages\/5045\/revisions\/8077"}],"wp:attachment":[{"href":"https:\/\/holistischcentrum-brabant.nl\/de\/wp-json\/wp\/v2\/media?parent=5045"}],"curies":[{"name":"wp","href":"https:\/\/api.w.org\/{rel}","templated":true}]}}