{"id":7159,"date":"2024-07-08T15:48:08","date_gmt":"2024-07-08T13:48:08","guid":{"rendered":"https:\/\/holistischcentrum-brabant.nl\/?page_id=7159"},"modified":"2024-11-20T14:15:35","modified_gmt":"2024-11-20T13:15:35","slug":"nei","status":"publish","type":"page","link":"https:\/\/holistischcentrum-brabant.nl\/de\/nei\/","title":{"rendered":"NEI"},"content":{"rendered":"<div class=\"wpb-content-wrapper\"><div class=\"vc_row wpb_row vc_row-fluid wpex-relative\"><div class=\"wpb_column vc_column_container vc_col-sm-12\"><div class=\"vc_column-inner\"><div class=\"wpb_wrapper\"><div class=\"vc_row wpb_row vc_inner vc_row-fluid wpex-relative\"><div class=\"wpb_column vc_column_container vc_col-sm-12\"><div class=\"vc_column-inner\"><div class=\"wpb_wrapper\"><div class=\"templatera_shortcode\"><div class=\"vc_row wpb_row vc_row-fluid vc_custom_1482426130675 wpex-relative\"><div class=\"wpb_column vc_column_container vc_col-sm-3\"><div class=\"vc_column-inner\"><div class=\"wpb_wrapper\"><style>.vcex-icon.vcex_69e312608a96c .vcex-icon-wrap{color:#e63e23;}.vcex-icon.vcex_69e312608a96c .vcex-icon-wrap:hover{color:#ed6719;}<\/style><div class=\"vcex-icon vcex-module vcex-icon-medium wpex-text-center vcex_69e312608a96c\"><a href=\"https:\/\/holistischcentrum-brabant.nl\/de\/coaching\/\" class=\"vcex-icon-link wpex-no-underline wpex-text-current wpex-hover-text-current\"><div class=\"vcex-icon-wrap wpex-inline-flex wpex-items-center wpex-justify-center wpex-leading-none wpex-transition-colors wpex-duration-200\"><span aria-hidden=\"true\" class=\"vc-oi vc-oi-chat\"><\/span><\/div><\/a><\/div><style>.vcex-button.vcex_69e312608ab9a{background:#ffffff;color:#e63e23!important;font-size:20px;font-weight:700;}.vcex-button.vcex_69e312608ab9a:hover{background:#ffffff!important;color:#ed6719!important;}<\/style><div class=\"theme-button-wrap textcenter wpex-clr\"><a href=\"https:\/\/holistischcentrum-brabant.nl\/de\/coaching\/\" class=\"vcex-button theme-button align-center inline vcex_69e312608ab9a\"><span class=\"vcex-button-inner theme-button-inner wpex-flex wpex-flex-wrap wpex-items-center wpex-justify-center\">COACHING<\/span><\/a><\/div> <\/div><\/div><\/div><div class=\"wpb_column vc_column_container vc_col-sm-3\"><div class=\"vc_column-inner\"><div class=\"wpb_wrapper\"><style>.vcex-icon.vcex_69e312608adc1 .vcex-icon-wrap{color:#f9c90b;}.vcex-icon.vcex_69e312608adc1 .vcex-icon-wrap:hover{color:#fad90b;}<\/style><div class=\"vcex-icon vcex-module vcex-icon-medium wpex-text-center vcex_69e312608adc1\"><a href=\"https:\/\/holistischcentrum-brabant.nl\/de\/hypnose\/\" class=\"vcex-icon-link wpex-no-underline wpex-text-current wpex-hover-text-current\"><div class=\"vcex-icon-wrap wpex-inline-flex wpex-items-center wpex-justify-center wpex-leading-none wpex-transition-colors wpex-duration-200\"><span aria-hidden=\"true\" class=\"vc-oi vc-oi-aperture\"><\/span><\/div><\/a><\/div><style>.vcex-button.vcex_69e312608af77{background:#ffffff;color:#f9c90b!important;font-size:20px;font-weight:700;}.vcex-button.vcex_69e312608af77:hover{background:#ffffff!important;color:#fad90b!important;}<\/style><div class=\"theme-button-wrap textcenter wpex-clr\"><a href=\"https:\/\/holistischcentrum-brabant.nl\/de\/hypnose\/\" class=\"vcex-button theme-button align-center inline vcex_69e312608af77\"><span class=\"vcex-button-inner theme-button-inner wpex-flex wpex-flex-wrap wpex-items-center wpex-justify-center\">HYPNOSE<\/span><\/a><\/div> <\/div><\/div><\/div><div class=\"wpb_column vc_column_container vc_col-sm-3\"><div class=\"vc_column-inner\"><div class=\"wpb_wrapper\"><style>.vcex-icon.vcex_69e312608b164 .vcex-icon-wrap{color:#56b13d;}.vcex-icon.vcex_69e312608b164 .vcex-icon-wrap:hover{color:#accf20;}<\/style><div class=\"vcex-icon vcex-module vcex-icon-medium wpex-text-center vcex_69e312608b164\"><a href=\"https:\/\/holistischcentrum-brabant.nl\/de\/spiritualitat\/\" class=\"vcex-icon-link wpex-no-underline wpex-text-current wpex-hover-text-current\"><div class=\"vcex-icon-wrap wpex-inline-flex wpex-items-center wpex-justify-center wpex-leading-none wpex-transition-colors wpex-duration-200\"><span aria-hidden=\"true\" class=\"entypo-icon entypo-icon-users\"><\/span><\/div><\/a><\/div><style>.vcex-button.vcex_69e312608b31a{background:#ffffff;color:#56b13d!important;font-size:20px;font-weight:700;}.vcex-button.vcex_69e312608b31a:hover{background:#ffffff!important;color:#accf20!important;}<\/style><div class=\"theme-button-wrap textcenter wpex-clr\"><a href=\"https:\/\/holistischcentrum-brabant.nl\/de\/spiritualitat\/\" class=\"vcex-button theme-button align-center inline vcex_69e312608b31a\"><span class=\"vcex-button-inner theme-button-inner wpex-flex wpex-flex-wrap wpex-items-center wpex-justify-center\">SYSTEMISCH<\/span><\/a><\/div> <\/div><\/div><\/div><div class=\"wpb_column vc_column_container vc_col-sm-3\"><div class=\"vc_column-inner\"><div class=\"wpb_wrapper\"><style>.vcex-icon.vcex_69e312608b4fe .vcex-icon-wrap{color:#543287;}.vcex-icon.vcex_69e312608b4fe .vcex-icon-wrap:hover{color:#843e90;}<\/style><div class=\"vcex-icon vcex-module vcex-icon-medium wpex-text-center vcex_69e312608b4fe\"><a href=\"https:\/\/holistischcentrum-brabant.nl\/de\/energetische-behandlung\/\" class=\"vcex-icon-link wpex-no-underline wpex-text-current wpex-hover-text-current\"><div class=\"vcex-icon-wrap wpex-inline-flex wpex-items-center wpex-justify-center wpex-leading-none wpex-transition-colors wpex-duration-200\"><span aria-hidden=\"true\" class=\"fas fa-feather-alt\"><\/span><\/div><\/a><\/div><style>.vcex-button.vcex_69e312608b6af{background:#ffffff;color:#543287!important;font-size:20px;font-weight:700;}.vcex-button.vcex_69e312608b6af:hover{background:#ffffff!important;color:#843e90!important;}<\/style><div class=\"theme-button-wrap textcenter wpex-clr\"><a href=\"https:\/\/holistischcentrum-brabant.nl\/de\/energetische-behandlung\/\" class=\"vcex-button theme-button align-center inline vcex_69e312608b6af\"><span class=\"vcex-button-inner theme-button-inner wpex-flex wpex-flex-wrap wpex-items-center wpex-justify-center\">ENERGETISCH<\/span><\/a><\/div> <\/div><\/div><\/div><\/div><\/div><\/div><\/div><\/div><\/div><\/div><\/div><\/div><\/div><div class=\"vc_row wpb_row vc_row-fluid vc_row-o-equal-height vc_row-flex wpex-relative\"><div class=\"wpb_column vc_column_container vc_col-sm-8\"><div class=\"vc_column-inner\"><div class=\"wpb_wrapper\"><style>.vcex-heading.vcex_69e312608b9d8{color:#543287;}<\/style><h2 class=\"vcex-heading vcex-heading-plain vcex-module wpex-heading wpex-text-2xl wpex-mb-20 vcex_69e312608b9d8\"><span class=\"vcex-heading-inner wpex-inline-block\">Neuro-Emotionale Integration \u2013 was bedeutet das eigentlich?<\/span><\/h2>\n\t<div class=\"wpb_text_column wpb_content_element\" >\n\t\t<div class=\"wpb_wrapper\">\n\t\t\t<p>NEI steht f\u00fcr Neuro-Emotionale Integration und ist eine sehr effektive Methode, um ohne Einsatz unseres \u201cDenkens\u201d die Ursache von Problemen zu finden und diese anschlie\u00dfend zu l\u00f6sen. NEI wurde Anfang der 1980er Jahre vom Amerikaner Scott Walker entwickelt. In den Niederlanden wurde NEI durch den Arzt Roy Martina bekannt. NEI nutzt verschiedene Elemente aus \u00f6stlichen und westlichen Heilmethoden und basiert unter anderem auf Prinzipien aus den Neurowissenschaften, der Psychotherapie, der Akupunktur und nat\u00fcrlich der Neurolinguistischen Programmierung (NLP).<\/p>\n\n\t\t<\/div>\n\t<\/div>\n<style>.vcex-button.vcex_69e312608bc0d{background:#543287;margin-block-start:10px;}.vcex-button.vcex_69e312608bc0d:hover{background:#843e90!important;}<\/style><a href=\"https:\/\/holistischcentrum-brabant.nl\/de\/termin-vereinbaren\/\" class=\"vcex-button theme-button inline vcex_69e312608bc0d\"><span class=\"vcex-button-inner theme-button-inner wpex-flex wpex-flex-wrap wpex-items-center wpex-justify-center\">Termin vereinbaren <\/span><\/a> <\/div><\/div><\/div><div class=\"wpb_column vc_column_container vc_col-sm-4\"><div class=\"vc_column-inner\"><div class=\"wpb_wrapper\"><figure class=\"vcex-image vcex-module\"><div class=\"vcex-image-inner wpex-relative wpex-inline-block\"><img width=\"2560\" height=\"1920\" src=\"https:\/\/holistischcentrum-brabant.nl\/wp-content\/uploads\/2023\/09\/IMG_2663-scaled.jpg\" class=\"vcex-image-img wpex-align-middle wpex-aspect-1-1 wpex-object-cover\" alt=\"\" loading=\"lazy\" decoding=\"async\" srcset=\"https:\/\/holistischcentrum-brabant.nl\/wp-content\/uploads\/2023\/09\/IMG_2663-scaled.jpg 2560w, https:\/\/holistischcentrum-brabant.nl\/wp-content\/uploads\/2023\/09\/IMG_2663-300x225.jpg 300w, https:\/\/holistischcentrum-brabant.nl\/wp-content\/uploads\/2023\/09\/IMG_2663-1024x768.jpg 1024w, https:\/\/holistischcentrum-brabant.nl\/wp-content\/uploads\/2023\/09\/IMG_2663-768x576.jpg 768w, https:\/\/holistischcentrum-brabant.nl\/wp-content\/uploads\/2023\/09\/IMG_2663-1536x1152.jpg 1536w, https:\/\/holistischcentrum-brabant.nl\/wp-content\/uploads\/2023\/09\/IMG_2663-2048x1536.jpg 2048w\" sizes=\"auto, (max-width: 2560px) 100vw, 2560px\" \/><\/div><\/figure><\/div><\/div><\/div><\/div><div class=\"vc_row wpb_row vc_row-fluid vc_custom_1709821581691 wpex-relative\"><div class=\"wpb_column vc_column_container vc_col-sm-6\"><div class=\"vc_column-inner\"><div class=\"wpb_wrapper\"><style>.vcex-heading.vcex_69e312608c1e4{color:#543287;}<\/style><h2 class=\"vcex-heading vcex-heading-plain vcex-module wpex-heading wpex-text-2xl wpex-mt-30 wpex-mb-20 wpex-text-left vcex_69e312608c1e4\"><span class=\"vcex-heading-inner wpex-inline-block\">Wie funktioniert NEI in der Praxis?<\/span><\/h2>\n\t<div style=\"text-align:start;\" class=\"wpb_text_column wpb_content_element\" >\n\t\t<div class=\"wpb_wrapper\">\n\t\t\t<p>Um das Denken so wenig wie m\u00f6glich in den Prozess einflie\u00dfen zu lassen, wird ein Biotensor verwendet. Dabei handelt es sich um einen Griff, an dem ein d\u00fcnner Stahldraht befestigt ist, der sich auf und ab, von links nach rechts oder im Kreis bewegen kann. Der Therapeut (in diesem Fall Wilma) h\u00e4lt diesen fest, und auch Sie halten einen Sensor in Ihren H\u00e4nden. Beide sind \u00fcber einen Draht miteinander verbunden.<\/p>\n<p>Anschlie\u00dfend versuche ich anhand einer Reihe von Frageb\u00f6gen (Protokollen) die Ursache Ihres Problems zu ermitteln. Der Biotensor gibt die Antwort, und genau wie bei einem \u201cL\u00fcgendetektor\u201d k\u00f6nnen Sie den Prozess nicht (bewusst) durch Ihre Gedanken beeinflussen, was ihn zu einem sehr pr\u00e4zisen Instrument macht.<\/p>\n\n\t\t<\/div>\n\t<\/div>\n<div class=\"vc_empty_space\"   style=\"height: 32px\"><span class=\"vc_empty_space_inner\"><\/span><\/div><\/div><\/div><\/div><div class=\"wpb_column vc_column_container vc_col-sm-6\"><div class=\"vc_column-inner\"><div class=\"wpb_wrapper\"><style>.vcex-heading.vcex_69e312608c456{color:#543287;}<\/style><h2 class=\"vcex-heading vcex-heading-plain vcex-module wpex-heading wpex-text-2xl wpex-mt-30 wpex-mb-20 wpex-text-left vcex_69e312608c456\"><span class=\"vcex-heading-inner wpex-inline-block\">Wann nutzt man eine NEI-Sitzung?<\/span><\/h2>\n\t<div style=\"text-align:start;\" class=\"wpb_text_column wpb_content_element\" >\n\t\t<div class=\"wpb_wrapper\">\n\t\t\t<p>Da das Denken keine Rolle spielt, ist eine NEI-Behandlung auch dann sehr effektiv, wenn Sie die Ursache eines Problems nicht kennen oder bereits alle anderen Methoden ausprobiert haben. Dar\u00fcber hinaus ist NEI sehr vielseitig einsetzbar, beispielsweise in folgenden Bereichen:<\/p>\n<ul>\n<li>Emotionale Probleme<\/li>\n<li>Chronische Erkrankungen (insbesondere auch unerkl\u00e4rliche)<\/li>\n<li>K\u00f6rperliche Beschwerden<\/li>\n<li>Sucht<\/li>\n<li>Schwangerschaft \/ Kinderwunsch<\/li>\n<li>Trauma<\/li>\n<li>\u00c4ngste<\/li>\n<li>und vieles mehr<\/li>\n<\/ul>\n\n\t\t<\/div>\n\t<\/div>\n<\/div><\/div><\/div><\/div><div class=\"vc_row wpb_row vc_row-fluid wpex-relative\"><div class=\"wpb_column vc_column_container vc_col-sm-12\"><div class=\"vc_column-inner\"><div class=\"wpb_wrapper\">\n\t<div class=\"wpb_text_column wpb_content_element\" >\n\t\t<div class=\"wpb_wrapper\">\n\t\t\t<p>Wie Sie sehen, gibt es viele M\u00f6glichkeiten. Es gibt auch NEI-Therapeuten, die alle Hilfsanfragen mit NEI bearbeiten. Wir arbeiten aus einer breiteren Perspektive, wie Sie auf der Website sehen k\u00f6nnen. Wir sehen es so, dass wir eine gro\u00dfe Tasche mit Werkzeugen haben, aus der wir f\u00fcr jeden Klienten das richtige Werkzeug herausholen. Die einzige M\u00f6glichkeit, herauszufinden, ob diese Behandlungsform zu Ihnen passt, ist, eine Sitzung zu buchen. Vereinbaren Sie also einfach einen Termin und lassen Sie sich \u00fcberraschen, was in Ihrem Unterbewusstsein verborgen ist und wie der Biotensor Ihnen helfen kann.<\/p>\n\n\t\t<\/div>\n\t<\/div>\n<\/div><\/div><\/div><\/div><div class=\"vc_row wpb_row vc_row-fluid wpex-relative\"><div class=\"wpb_column vc_column_container vc_col-sm-12\"><div class=\"vc_column-inner\"><div class=\"wpb_wrapper\"><style>.vcex-heading.vcex_69e312608c831{color:#543287;}<\/style><h3 class=\"vcex-heading vcex-heading-plain vcex-module wpex-heading wpex-text-2xl wpex-mb-20 vcex_69e312608c831\"><span class=\"vcex-heading-inner wpex-inline-block\">Wer ist Ihr Gespr\u00e4chspartner?<\/span><\/h3><div class=\"vc_row wpb_row vc_inner vc_row-fluid vc_row-o-equal-height vc_row-flex wpex-relative\"><div class=\"wpb_column vc_column_container vc_col-sm-4\"><div class=\"vc_column-inner\"><div class=\"wpb_wrapper\"><figure class=\"vcex-image vcex-module\"><div class=\"vcex-image-inner wpex-relative wpex-inline-block\"><img width=\"1000\" height=\"667\" src=\"https:\/\/holistischcentrum-brabant.nl\/wp-content\/uploads\/2021\/08\/holistischcentrum-4207LR.jpg\" class=\"vcex-image-img wpex-align-middle\" alt=\"\" loading=\"lazy\" decoding=\"async\" srcset=\"https:\/\/holistischcentrum-brabant.nl\/wp-content\/uploads\/2021\/08\/holistischcentrum-4207LR.jpg 1000w, https:\/\/holistischcentrum-brabant.nl\/wp-content\/uploads\/2021\/08\/holistischcentrum-4207LR-300x200.jpg 300w, https:\/\/holistischcentrum-brabant.nl\/wp-content\/uploads\/2021\/08\/holistischcentrum-4207LR-768x512.jpg 768w\" sizes=\"auto, (max-width: 1000px) 100vw, 1000px\" \/><\/div><\/figure>\n\t<div style=\"font-size:16px;\" class=\"wpb_text_column wpb_content_element\" >\n\t\t<div class=\"wpb_wrapper\">\n\t\t\t<p>Wilma ter Horst<\/p>\n\n\t\t<\/div>\n\t<\/div>\n<\/div><\/div><\/div><div class=\"wpb_column vc_column_container vc_col-sm-4\"><div class=\"vc_column-inner\"><div class=\"wpb_wrapper\"><\/div><\/div><\/div><\/div><div class=\"vc_row wpb_row vc_inner vc_row-fluid wpex-relative\"><div class=\"wpb_column vc_column_container vc_col-sm-12\"><div class=\"vc_column-inner\"><div class=\"wpb_wrapper\"><div class=\"vc_empty_space\"   style=\"height: 32px\"><span class=\"vc_empty_space_inner\"><\/span><\/div><\/div><\/div><\/div><\/div><div class=\"vc_row wpb_row vc_inner vc_row-fluid wpex-relative\"><div class=\"wpb_column vc_column_container vc_col-sm-12\"><div class=\"vc_column-inner\"><div class=\"wpb_wrapper\"><style>.vcex-heading.vcex_69e312608cdfa{color:#543287;}.vcex-heading.vcex_69e312608cdfa:hover{color:#543287;}<\/style><h2 class=\"vcex-heading vcex-heading-plain vcex-module wpex-heading wpex-text-2xl vcex_69e312608cdfa\"><span class=\"vcex-heading-inner wpex-inline-block\">Unsere Preise<\/span><\/h2><\/div><\/div><\/div><\/div><div class=\"vc_row wpb_row vc_inner vc_row-fluid wpex-relative\"><div class=\"wpb_column vc_column_container vc_col-sm-12\"><div class=\"vc_column-inner\"><div class=\"wpb_wrapper\"><section ><div id=\"vc-pricing-table-69e312608cfa4\" class=\"vc_general wpb-pricing-table\"><h3 class=\"wpb-plan-title\">NEI-Sitzung<\/h2><p class=\"wpb-plan-description\"><\/p><div class=\"wpb-price-container\"><sup class=\"wpb-currency\">\u20ac<\/sup><strong class=\"wpb-price\">95<\/strong><sub class=\"wpb-period\"><\/sub><\/div><div class=\"vc_btn3-container vc_btn3-center\" ><a style=\"background-color:#543287; color:#ffffff;\" class=\"vc_general vc_btn3 vc_btn3-size-md vc_btn3-shape-rounded vc_btn3-style-custom vc_btn3-block\" href=\"https:\/\/holistischcentrum-brabant.nl\/de\/termin-vereinbaren\/\" title=\"\">Vereinbaren Sie einen Termin<\/a><\/div><ul class=\"wpb-plan-features\">\n<li>Der Preis gilt f\u00fcr eine etwa einst\u00fcndige Behandlung durch Wilma ter Horst.<\/li>\n<\/ul>\n<\/div><\/section><style>#vc-pricing-table-69e312608cfa4 .wpb-plan-features li::before {  content: \"\";  display: inline-block;  margin: 0 10px 0 0; width: 18px;  height: 18px;  vertical-align: middle;  background: url(\"data:image\/svg+xml,%3Csvg xmlns='http:\/\/www.w3.org\/2000\/svg' width='22px' height='22px' viewBox='0 0 22 22' version='1.1'%3E%3Cg id='Page-1' stroke='none' stroke-width='1' fill='none' fill-rule='evenodd'%3E%3Cg id='Artboard' transform='translate(-472.000000, -546.000000)' fill-rule='nonzero'%3E%3Cg id='wpb-pricing-table-element' transform='translate(445.000000, 222.000000)'%3E%3Cg id='bullet' transform='translate(27.000000, 324.000000)'%3E%3Cpath d='M22,10.9999756 C22,17.0751668 17.0751778,22 11,22 C4.92487111,22 0,17.0751668 0,10.9999756 C0,4.92488206 4.92487111,0 11,0 C17.0751778,0 22,4.92488206 22,10.9999756 Z' id='Path' fill='%23543287'\/%3E%3Cpolygon id='Path' fill='%23FFFFFF' transform='translate(11.011123, 9.631788) rotate(-45.000000) translate(-11.011123, -9.631788) ' points='8.39375516 6.63178844 8.39375516 10.0231025 16.2371538 10.0231255 16.2371538 12.6317884 5.78509217 12.6317133 5.78509217 6.63178844'\/%3E%3C\/g%3E%3C\/g%3E%3C\/g%3E%3C\/g%3E%3C\/svg%3E\") center no-repeat;  background-size: 18px; }<\/style><\/div><\/div><\/div><\/div><\/div><\/div><\/div><\/div>\n<\/div>","protected":false},"excerpt":{"rendered":"COACHING HYPNOSE SYSTEMISCH ENERGETISCH Neuro Emotionele Integratie, waar staat dat eigenlijk voor ? NEI staat voor Neuro Emotionele Integratie en is een zeer effectieve manier om zonder gebruik te maken&hellip;","protected":false},"author":5,"featured_media":0,"parent":0,"menu_order":0,"comment_status":"closed","ping_status":"closed","template":"","meta":{"_exactmetrics_skip_tracking":false,"_exactmetrics_sitenote_active":false,"_exactmetrics_sitenote_note":"","_exactmetrics_sitenote_category":0,"footnotes":""},"class_list":["post-7159","page","type-page","status-publish","hentry","entry","no-media"],"yoast_head":"<!-- This site is optimized with the Yoast SEO plugin v27.4 - https:\/\/yoast.com\/product\/yoast-seo-wordpress\/ -->\n<title>NEI - Holistisch Centrum Brabant<\/title>\n<meta name=\"description\" content=\"Het geconcentreerd lezen van een boek, waardoor je de wereld om je heen vergeet, is al hypnose. Bent u benieuwd naar alle mogelijkheden? Bekijk onze website\" \/>\n<meta name=\"robots\" content=\"index, follow, max-snippet:-1, max-image-preview:large, max-video-preview:-1\" \/>\n<link rel=\"canonical\" href=\"https:\/\/holistischcentrum-brabant.nl\/de\/nei\/\" \/>\n<meta property=\"og:locale\" content=\"de_DE\" \/>\n<meta property=\"og:type\" content=\"article\" \/>\n<meta property=\"og:title\" content=\"NEI - Holistisch Centrum Brabant\" \/>\n<meta property=\"og:description\" content=\"Het geconcentreerd lezen van een boek, waardoor je de wereld om je heen vergeet, is al hypnose. Bent u benieuwd naar alle mogelijkheden? Bekijk onze website\" \/>\n<meta property=\"og:url\" content=\"https:\/\/holistischcentrum-brabant.nl\/de\/nei\/\" \/>\n<meta property=\"og:site_name\" content=\"Holistisch Centrum Brabant\" \/>\n<meta property=\"article:publisher\" content=\"https:\/\/www.facebook.com\/holistischcentrumbrabant\" \/>\n<meta property=\"article:modified_time\" content=\"2024-11-20T13:15:35+00:00\" \/>\n<meta name=\"twitter:card\" content=\"summary_large_image\" \/>\n<meta name=\"twitter:label1\" content=\"Gesch\u00e4tzte Lesezeit\" \/>\n\t<meta name=\"twitter:data1\" content=\"3\u00a0Minuten\" \/>\n<script type=\"application\/ld+json\" class=\"yoast-schema-graph\">{\"@context\":\"https:\\\/\\\/schema.org\",\"@graph\":[{\"@type\":\"WebPage\",\"@id\":\"https:\\\/\\\/holistischcentrum-brabant.nl\\\/nei\\\/\",\"url\":\"https:\\\/\\\/holistischcentrum-brabant.nl\\\/nei\\\/\",\"name\":\"NEI - Holistisch Centrum Brabant\",\"isPartOf\":{\"@id\":\"https:\\\/\\\/holistischcentrum-brabant.nl\\\/#website\"},\"datePublished\":\"2024-07-08T13:48:08+00:00\",\"dateModified\":\"2024-11-20T13:15:35+00:00\",\"description\":\"Het geconcentreerd lezen van een boek, waardoor je de wereld om je heen vergeet, is al hypnose. Bent u benieuwd naar alle mogelijkheden? Bekijk onze website\",\"breadcrumb\":{\"@id\":\"https:\\\/\\\/holistischcentrum-brabant.nl\\\/nei\\\/#breadcrumb\"},\"inLanguage\":\"de\",\"potentialAction\":[{\"@type\":\"ReadAction\",\"target\":[\"https:\\\/\\\/holistischcentrum-brabant.nl\\\/nei\\\/\"]}]},{\"@type\":\"BreadcrumbList\",\"@id\":\"https:\\\/\\\/holistischcentrum-brabant.nl\\\/nei\\\/#breadcrumb\",\"itemListElement\":[{\"@type\":\"ListItem\",\"position\":1,\"name\":\"Home\",\"item\":\"https:\\\/\\\/holistischcentrum-brabant.nl\\\/\"},{\"@type\":\"ListItem\",\"position\":2,\"name\":\"NEI\"}]},{\"@type\":\"WebSite\",\"@id\":\"https:\\\/\\\/holistischcentrum-brabant.nl\\\/#website\",\"url\":\"https:\\\/\\\/holistischcentrum-brabant.nl\\\/\",\"name\":\"Holistisch Centrum Brabant\",\"description\":\"\",\"publisher\":{\"@id\":\"https:\\\/\\\/holistischcentrum-brabant.nl\\\/#organization\"},\"potentialAction\":[{\"@type\":\"SearchAction\",\"target\":{\"@type\":\"EntryPoint\",\"urlTemplate\":\"https:\\\/\\\/holistischcentrum-brabant.nl\\\/?s={search_term_string}\"},\"query-input\":{\"@type\":\"PropertyValueSpecification\",\"valueRequired\":true,\"valueName\":\"search_term_string\"}}],\"inLanguage\":\"de\"},{\"@type\":\"Organization\",\"@id\":\"https:\\\/\\\/holistischcentrum-brabant.nl\\\/#organization\",\"name\":\"Holistisch Centrum Brabant\",\"url\":\"https:\\\/\\\/holistischcentrum-brabant.nl\\\/\",\"logo\":{\"@type\":\"ImageObject\",\"inLanguage\":\"de\",\"@id\":\"https:\\\/\\\/holistischcentrum-brabant.nl\\\/#\\\/schema\\\/logo\\\/image\\\/\",\"url\":\"https:\\\/\\\/holistischcentrum-brabant.nl\\\/wp-content\\\/uploads\\\/2024\\\/06\\\/Logo-HCB-hoge-resolutie-1.jpg\",\"contentUrl\":\"https:\\\/\\\/holistischcentrum-brabant.nl\\\/wp-content\\\/uploads\\\/2024\\\/06\\\/Logo-HCB-hoge-resolutie-1.jpg\",\"width\":527,\"height\":205,\"caption\":\"Holistisch Centrum Brabant\"},\"image\":{\"@id\":\"https:\\\/\\\/holistischcentrum-brabant.nl\\\/#\\\/schema\\\/logo\\\/image\\\/\"},\"sameAs\":[\"https:\\\/\\\/www.facebook.com\\\/holistischcentrumbrabant\"]}]}<\/script>\n<!-- \/ Yoast SEO plugin. -->","yoast_head_json":{"title":"NEI \u2013 Holistisches Zentrum Brabant","description":"Das konzentrierte Lesen eines Buches, bei dem man die Welt um sich herum vergisst, ist bereits Hypnose. Sind Sie neugierig auf alle M\u00f6glichkeiten? Besuchen Sie unsere Website.","robots":{"index":"index","follow":"follow","max-snippet":"max-snippet:-1","max-image-preview":"max-image-preview:large","max-video-preview":"max-video-preview:-1"},"canonical":"https:\/\/holistischcentrum-brabant.nl\/de\/nei\/","og_locale":"de_DE","og_type":"article","og_title":"NEI - Holistisch Centrum Brabant","og_description":"Het geconcentreerd lezen van een boek, waardoor je de wereld om je heen vergeet, is al hypnose. Bent u benieuwd naar alle mogelijkheden? Bekijk onze website","og_url":"https:\/\/holistischcentrum-brabant.nl\/de\/nei\/","og_site_name":"Holistisch Centrum Brabant","article_publisher":"https:\/\/www.facebook.com\/holistischcentrumbrabant","article_modified_time":"2024-11-20T13:15:35+00:00","twitter_card":"summary_large_image","twitter_misc":{"Gesch\u00e4tzte Lesezeit":"3\u00a0Minuten"},"schema":{"@context":"https:\/\/schema.org","@graph":[{"@type":"WebPage","@id":"https:\/\/holistischcentrum-brabant.nl\/nei\/","url":"https:\/\/holistischcentrum-brabant.nl\/nei\/","name":"NEI \u2013 Holistisches Zentrum Brabant","isPartOf":{"@id":"https:\/\/holistischcentrum-brabant.nl\/#website"},"datePublished":"2024-07-08T13:48:08+00:00","dateModified":"2024-11-20T13:15:35+00:00","description":"Das konzentrierte Lesen eines Buches, bei dem man die Welt um sich herum vergisst, ist bereits Hypnose. Sind Sie neugierig auf alle M\u00f6glichkeiten? Besuchen Sie unsere Website.","breadcrumb":{"@id":"https:\/\/holistischcentrum-brabant.nl\/nei\/#breadcrumb"},"inLanguage":"de","potentialAction":[{"@type":"ReadAction","target":["https:\/\/holistischcentrum-brabant.nl\/nei\/"]}]},{"@type":"BreadcrumbList","@id":"https:\/\/holistischcentrum-brabant.nl\/nei\/#breadcrumb","itemListElement":[{"@type":"ListItem","position":1,"name":"Home","item":"https:\/\/holistischcentrum-brabant.nl\/"},{"@type":"ListItem","position":2,"name":"NEI"}]},{"@type":"WebSite","@id":"https:\/\/holistischcentrum-brabant.nl\/#website","url":"https:\/\/holistischcentrum-brabant.nl\/","name":"Holistic Center Brabant","description":"","publisher":{"@id":"https:\/\/holistischcentrum-brabant.nl\/#organization"},"potentialAction":[{"@type":"SearchAction","target":{"@type":"EntryPoint","urlTemplate":"https:\/\/holistischcentrum-brabant.nl\/?s={search_term_string}"},"query-input":{"@type":"PropertyValueSpecification","valueRequired":true,"valueName":"search_term_string"}}],"inLanguage":"de"},{"@type":"Organization","@id":"https:\/\/holistischcentrum-brabant.nl\/#organization","name":"Holistic Center Brabant","url":"https:\/\/holistischcentrum-brabant.nl\/","logo":{"@type":"ImageObject","inLanguage":"de","@id":"https:\/\/holistischcentrum-brabant.nl\/#\/schema\/logo\/image\/","url":"https:\/\/holistischcentrum-brabant.nl\/wp-content\/uploads\/2024\/06\/Logo-HCB-hoge-resolutie-1.jpg","contentUrl":"https:\/\/holistischcentrum-brabant.nl\/wp-content\/uploads\/2024\/06\/Logo-HCB-hoge-resolutie-1.jpg","width":527,"height":205,"caption":"Holistisch Centrum Brabant"},"image":{"@id":"https:\/\/holistischcentrum-brabant.nl\/#\/schema\/logo\/image\/"},"sameAs":["https:\/\/www.facebook.com\/holistischcentrumbrabant"]}]}},"_links":{"self":[{"href":"https:\/\/holistischcentrum-brabant.nl\/de\/wp-json\/wp\/v2\/pages\/7159","targetHints":{"allow":["GET"]}}],"collection":[{"href":"https:\/\/holistischcentrum-brabant.nl\/de\/wp-json\/wp\/v2\/pages"}],"about":[{"href":"https:\/\/holistischcentrum-brabant.nl\/de\/wp-json\/wp\/v2\/types\/page"}],"author":[{"embeddable":true,"href":"https:\/\/holistischcentrum-brabant.nl\/de\/wp-json\/wp\/v2\/users\/5"}],"replies":[{"embeddable":true,"href":"https:\/\/holistischcentrum-brabant.nl\/de\/wp-json\/wp\/v2\/comments?post=7159"}],"version-history":[{"count":8,"href":"https:\/\/holistischcentrum-brabant.nl\/de\/wp-json\/wp\/v2\/pages\/7159\/revisions"}],"predecessor-version":[{"id":7779,"href":"https:\/\/holistischcentrum-brabant.nl\/de\/wp-json\/wp\/v2\/pages\/7159\/revisions\/7779"}],"wp:attachment":[{"href":"https:\/\/holistischcentrum-brabant.nl\/de\/wp-json\/wp\/v2\/media?parent=7159"}],"curies":[{"name":"wp","href":"https:\/\/api.w.org\/{rel}","templated":true}]}}