{"id":7188,"date":"2024-07-08T16:08:35","date_gmt":"2024-07-08T14:08:35","guid":{"rendered":"https:\/\/holistischcentrum-brabant.nl\/?page_id=7188"},"modified":"2024-10-31T13:59:21","modified_gmt":"2024-10-31T12:59:21","slug":"beziehungscoaching","status":"publish","type":"page","link":"https:\/\/holistischcentrum-brabant.nl\/de\/beziehungscoaching\/","title":{"rendered":"Beziehungscoaching"},"content":{"rendered":"<div class=\"wpb-content-wrapper\"><div class=\"vc_row wpb_row vc_row-fluid wpex-relative\"><div class=\"wpb_column vc_column_container vc_col-sm-12\"><div class=\"vc_column-inner\"><div class=\"wpb_wrapper\"><div class=\"vc_row wpb_row vc_inner vc_row-fluid wpex-relative\"><div class=\"wpb_column vc_column_container vc_col-sm-12\"><div class=\"vc_column-inner\"><div class=\"wpb_wrapper\"><div class=\"templatera_shortcode\"><div class=\"vc_row wpb_row vc_row-fluid vc_custom_1482426130675 wpex-relative\"><div class=\"wpb_column vc_column_container vc_col-sm-3\"><div class=\"vc_column-inner\"><div class=\"wpb_wrapper\"><style>.vcex-icon.vcex_69e300c0d1211 .vcex-icon-wrap{color:#e63e23;}.vcex-icon.vcex_69e300c0d1211 .vcex-icon-wrap:hover{color:#ed6719;}<\/style><div class=\"vcex-icon vcex-module vcex-icon-medium wpex-text-center vcex_69e300c0d1211\"><a href=\"https:\/\/holistischcentrum-brabant.nl\/de\/coaching\/\" class=\"vcex-icon-link wpex-no-underline wpex-text-current wpex-hover-text-current\"><div class=\"vcex-icon-wrap wpex-inline-flex wpex-items-center wpex-justify-center wpex-leading-none wpex-transition-colors wpex-duration-200\"><span aria-hidden=\"true\" class=\"vc-oi vc-oi-chat\"><\/span><\/div><\/a><\/div><style>.vcex-button.vcex_69e300c0d14a5{background:#ffffff;color:#e63e23!important;font-size:20px;font-weight:700;}.vcex-button.vcex_69e300c0d14a5:hover{background:#ffffff!important;color:#ed6719!important;}<\/style><div class=\"theme-button-wrap textcenter wpex-clr\"><a href=\"https:\/\/holistischcentrum-brabant.nl\/de\/coaching\/\" class=\"vcex-button theme-button align-center inline vcex_69e300c0d14a5\"><span class=\"vcex-button-inner theme-button-inner wpex-flex wpex-flex-wrap wpex-items-center wpex-justify-center\">COACHING<\/span><\/a><\/div> <\/div><\/div><\/div><div class=\"wpb_column vc_column_container vc_col-sm-3\"><div class=\"vc_column-inner\"><div class=\"wpb_wrapper\"><style>.vcex-icon.vcex_69e300c0d1737 .vcex-icon-wrap{color:#f9c90b;}.vcex-icon.vcex_69e300c0d1737 .vcex-icon-wrap:hover{color:#fad90b;}<\/style><div class=\"vcex-icon vcex-module vcex-icon-medium wpex-text-center vcex_69e300c0d1737\"><a href=\"https:\/\/holistischcentrum-brabant.nl\/de\/hypnose\/\" class=\"vcex-icon-link wpex-no-underline wpex-text-current wpex-hover-text-current\"><div class=\"vcex-icon-wrap wpex-inline-flex wpex-items-center wpex-justify-center wpex-leading-none wpex-transition-colors wpex-duration-200\"><span aria-hidden=\"true\" class=\"vc-oi vc-oi-aperture\"><\/span><\/div><\/a><\/div><style>.vcex-button.vcex_69e300c0d190d{background:#ffffff;color:#f9c90b!important;font-size:20px;font-weight:700;}.vcex-button.vcex_69e300c0d190d:hover{background:#ffffff!important;color:#fad90b!important;}<\/style><div class=\"theme-button-wrap textcenter wpex-clr\"><a href=\"https:\/\/holistischcentrum-brabant.nl\/de\/hypnose\/\" class=\"vcex-button theme-button align-center inline vcex_69e300c0d190d\"><span class=\"vcex-button-inner theme-button-inner wpex-flex wpex-flex-wrap wpex-items-center wpex-justify-center\">HYPNOSE<\/span><\/a><\/div> <\/div><\/div><\/div><div class=\"wpb_column vc_column_container vc_col-sm-3\"><div class=\"vc_column-inner\"><div class=\"wpb_wrapper\"><style>.vcex-icon.vcex_69e300c0d1b2e .vcex-icon-wrap{color:#56b13d;}.vcex-icon.vcex_69e300c0d1b2e .vcex-icon-wrap:hover{color:#accf20;}<\/style><div class=\"vcex-icon vcex-module vcex-icon-medium wpex-text-center vcex_69e300c0d1b2e\"><a href=\"https:\/\/holistischcentrum-brabant.nl\/de\/spiritualitat\/\" class=\"vcex-icon-link wpex-no-underline wpex-text-current wpex-hover-text-current\"><div class=\"vcex-icon-wrap wpex-inline-flex wpex-items-center wpex-justify-center wpex-leading-none wpex-transition-colors wpex-duration-200\"><span aria-hidden=\"true\" class=\"entypo-icon entypo-icon-users\"><\/span><\/div><\/a><\/div><style>.vcex-button.vcex_69e300c0d1cf5{background:#ffffff;color:#56b13d!important;font-size:20px;font-weight:700;}.vcex-button.vcex_69e300c0d1cf5:hover{background:#ffffff!important;color:#accf20!important;}<\/style><div class=\"theme-button-wrap textcenter wpex-clr\"><a href=\"https:\/\/holistischcentrum-brabant.nl\/de\/spiritualitat\/\" class=\"vcex-button theme-button align-center inline vcex_69e300c0d1cf5\"><span class=\"vcex-button-inner theme-button-inner wpex-flex wpex-flex-wrap wpex-items-center wpex-justify-center\">SYSTEMISCH<\/span><\/a><\/div> <\/div><\/div><\/div><div class=\"wpb_column vc_column_container vc_col-sm-3\"><div class=\"vc_column-inner\"><div class=\"wpb_wrapper\"><style>.vcex-icon.vcex_69e300c0d1efa .vcex-icon-wrap{color:#543287;}.vcex-icon.vcex_69e300c0d1efa .vcex-icon-wrap:hover{color:#843e90;}<\/style><div class=\"vcex-icon vcex-module vcex-icon-medium wpex-text-center vcex_69e300c0d1efa\"><a href=\"https:\/\/holistischcentrum-brabant.nl\/de\/energetische-behandlung\/\" class=\"vcex-icon-link wpex-no-underline wpex-text-current wpex-hover-text-current\"><div class=\"vcex-icon-wrap wpex-inline-flex wpex-items-center wpex-justify-center wpex-leading-none wpex-transition-colors wpex-duration-200\"><span aria-hidden=\"true\" class=\"fas fa-feather-alt\"><\/span><\/div><\/a><\/div><style>.vcex-button.vcex_69e300c0d20c6{background:#ffffff;color:#543287!important;font-size:20px;font-weight:700;}.vcex-button.vcex_69e300c0d20c6:hover{background:#ffffff!important;color:#843e90!important;}<\/style><div class=\"theme-button-wrap textcenter wpex-clr\"><a href=\"https:\/\/holistischcentrum-brabant.nl\/de\/energetische-behandlung\/\" class=\"vcex-button theme-button align-center inline vcex_69e300c0d20c6\"><span class=\"vcex-button-inner theme-button-inner wpex-flex wpex-flex-wrap wpex-items-center wpex-justify-center\">ENERGETISCH<\/span><\/a><\/div> <\/div><\/div><\/div><\/div><\/div><\/div><\/div><\/div><\/div><\/div><\/div><\/div><\/div><div class=\"vc_row wpb_row vc_row-fluid vc_row-o-equal-height vc_row-flex wpex-relative\"><div class=\"wpb_column vc_column_container vc_col-sm-8\"><div class=\"vc_column-inner\"><div class=\"wpb_wrapper\"><style>.vcex-heading.vcex_69e300c0d24d9{color:#543287;}<\/style><h2 class=\"vcex-heading vcex-heading-plain vcex-module wpex-heading wpex-text-2xl wpex-mb-20 vcex_69e300c0d24d9\"><span class=\"vcex-heading-inner wpex-inline-block\">Wie arbeiten wir mit Beziehungscoaching?<\/span><\/h2>\n\t<div class=\"wpb_text_column wpb_content_element\" >\n\t\t<div class=\"wpb_wrapper\">\n\t\t\t<p>Viele Paare erleben \u2013 fr\u00fcher oder sp\u00e4ter \u2013 Herausforderungen: Untreue, Auseinanderleben, Stress, Krankheit oder was auch immer uns bevorsteht. Das ist nicht sch\u00f6n. Aber es bietet auch bereichernde Chancen. Bei Holistisch Centrum Brabant glauben wir, dass Partnerbeziehungen eine au\u00dfergew\u00f6hnliche Gelegenheit bieten, viel \u00fcber uns selbst zu lernen.<\/p>\n\n\t\t<\/div>\n\t<\/div>\n<\/div><\/div><\/div><div class=\"wpb_column vc_column_container vc_col-sm-4\"><div class=\"vc_column-inner\"><div class=\"wpb_wrapper\"><figure class=\"vcex-image vcex-module\"><div class=\"vcex-image-inner wpex-relative wpex-inline-block\"><img width=\"683\" height=\"1024\" src=\"https:\/\/holistischcentrum-brabant.nl\/wp-content\/uploads\/2023\/08\/Tim-Brinkman.png\" class=\"vcex-image-img wpex-align-middle\" alt=\"\" loading=\"lazy\" decoding=\"async\" srcset=\"https:\/\/holistischcentrum-brabant.nl\/wp-content\/uploads\/2023\/08\/Tim-Brinkman.png 683w, https:\/\/holistischcentrum-brabant.nl\/wp-content\/uploads\/2023\/08\/Tim-Brinkman-200x300.png 200w\" sizes=\"auto, (max-width: 683px) 100vw, 683px\" \/><\/div><\/figure><\/div><\/div><\/div><\/div><div class=\"vc_row wpb_row vc_row-fluid vc_custom_1709821581691 wpex-relative\"><div class=\"wpb_column vc_column_container vc_col-sm-6\"><div class=\"vc_column-inner\"><div class=\"wpb_wrapper\"><style>.vcex-heading.vcex_69e300c0d2be4{color:#543287;}<\/style><h2 class=\"vcex-heading vcex-heading-plain vcex-module wpex-heading wpex-text-2xl wpex-mt-30 wpex-mb-20 wpex-text-left vcex_69e300c0d2be4\"><span class=\"vcex-heading-inner wpex-inline-block\">Die Methodik<\/span><\/h2>\n\t<div style=\"text-align:start;\" class=\"wpb_text_column wpb_content_element\" >\n\t\t<div class=\"wpb_wrapper\">\n\t\t\t<p>F\u00fcr die Paartherapie verwenden wir \u2013 neben NLP als Grundlage \u2013 eine Kombination aus IBCT (Integrative Behavioral Couples Therapy) und EFT (Emotionally Focused Therapy). Beide Therapieformen sind fundierte Ans\u00e4tze f\u00fcr die Paartherapie, unterscheiden sich jedoch in ihren theoretischen Grundlagen, Zielen und Techniken.<\/p>\n<p>IBCT kombiniert Verhaltens\u00e4nderung mit Akzeptanz, w\u00e4hrend EFT sich auf die St\u00e4rkung emotionaler Bindungen konzentriert. Wir betrachten IBCT und EFT nicht als konkurrierende Therapien. Beide Methoden bieten einfach einen anderen Ansatz zur Verbesserung von Beziehungen, wobei jede ihre eigenen Ideen, Techniken und Wirkstoffe hat.<\/p>\n<p>Beide Therapieformen basieren auf einer fundierten wissenschaftlichen Theorie und erg\u00e4nzen sich \u2013 wenn sie richtig kombiniert werden \u2013 gegenseitig.<\/p>\n\n\t\t<\/div>\n\t<\/div>\n<style>.vcex-heading.vcex_69e300c0d2de6{color:#543287;}<\/style><h2 class=\"vcex-heading vcex-heading-plain vcex-module wpex-heading wpex-text-2xl wpex-mt-30 wpex-mb-20 wpex-text-left vcex_69e300c0d2de6\"><span class=\"vcex-heading-inner wpex-inline-block\">In verschiedenen Sitzungen arbeiten wir an den folgenden Interventionen:<\/span><\/h2>\n\t<div style=\"text-align:start;\" class=\"wpb_text_column wpb_content_element\" >\n\t\t<div class=\"wpb_wrapper\">\n\t\t\t<ul>\n<li>Erkennen und Beenden sch\u00e4dlicher Interaktionsmuster.<\/li>\n<li>Bewusstsein f\u00fcr Absichten, Verhalten und Emotionen (bei sich selbst und Ihrem Partner) entwickeln.<\/li>\n<li>Energie auf das richten, was sich \u00e4ndern l\u00e4sst. Loslassen, was sich nicht \u00e4ndern l\u00e4sst.<\/li>\n<li>Schaffung einer sicheren Kommunikation und Bindung.<\/li>\n<li>Sich selbst und Ihren Partner besser (und manchmal neu) kennenlernen.<\/li>\n<li>Bewusstsein f\u00fcr unbewusste Muster und Belastungen aus dem Familiensystem.<\/li>\n<\/ul>\n\n\t\t<\/div>\n\t<\/div>\n<div class=\"vc_empty_space\"   style=\"height: 32px\"><span class=\"vc_empty_space_inner\"><\/span><\/div><\/div><\/div><\/div><div class=\"wpb_column vc_column_container vc_col-sm-6\"><div class=\"vc_column-inner\"><div class=\"wpb_wrapper\"><style>.vcex-heading.vcex_69e300c0d30ad{color:#543287;}<\/style><h2 class=\"vcex-heading vcex-heading-plain vcex-module wpex-heading wpex-text-2xl wpex-mt-30 wpex-mb-20 wpex-text-left vcex_69e300c0d30ad\"><span class=\"vcex-heading-inner wpex-inline-block\">Wie sieht ein Ablauf aus?<\/span><\/h2>\n\t<div style=\"text-align:start;\" class=\"wpb_text_column wpb_content_element\" >\n\t\t<div class=\"wpb_wrapper\">\n\t\t\t<p>Ein Behandlungsprozess beginnt mit einem Aufnahmegespr\u00e4ch. Das Aufnahmegespr\u00e4ch umfasst eine Sitzung, die teilweise gemeinsam und teilweise einzeln durchgef\u00fchrt wird. Daraus ergibt sich ein (vorl\u00e4ufiger) Behandlungsplan.<\/p>\n<p>Der gesamte Prozess ist immer ma\u00dfgeschneidert. Daher l\u00e4sst sich im Voraus nicht sagen, wie viele Sitzungen erforderlich sein werden. In der Regel dauert ein Prozess zwischen 5 und 10 Sitzungen, je nach Komplexit\u00e4t.<\/p>\n<p>W\u00e4hrend des gesamten Prozesses wechseln sich pers\u00f6nliche Betreuung und \u00dcbungsaufgaben ab. Es bleibt also nicht nur beim Reden; Sie werden individuell und gemeinsam aktiv.<\/p>\n<p>Der Prozess erfordert Engagement und Reflexionsbereitschaft von beiden Partnern.<\/p>\n<p>Bei Bedarf ist eine zus\u00e4tzliche Begleitung m\u00f6glich, beispielsweise in Form von systemischen Aufstellungen oder EMDR.<\/p>\n<p>All dies bietet keine Garantie f\u00fcr die \u2018Rettung\u2019 der Beziehung. Manchmal geht man gemeinsam gest\u00e4rkt weiter. Manchmal l\u00e4sst man einander liebevoll los. Aber in jedem Fall ist es eine Investition in Wohlbefinden, Bewusstsein und Heilung. Und es bietet Unterst\u00fctzung und Begleitung in schwierigen Zeiten, mit dem n\u00f6tigen Licht am Horizont.<\/p>\n\n\t\t<\/div>\n\t<\/div>\n<div class=\"vc_empty_space\"   style=\"height: 32px\"><span class=\"vc_empty_space_inner\"><\/span><\/div><style>.vcex-button.vcex_69e300c0d3311{background:#543287;margin-block-start:10px;}.vcex-button.vcex_69e300c0d3311:hover{background:#843e90!important;}<\/style><a href=\"https:\/\/holistischcentrum-brabant.nl\/de\/termin-vereinbaren\/\" class=\"vcex-button theme-button inline vcex_69e300c0d3311\"><span class=\"vcex-button-inner theme-button-inner wpex-flex wpex-flex-wrap wpex-items-center wpex-justify-center\">Termin vereinbaren <\/span><\/a> <\/div><\/div><\/div><\/div><div class=\"vc_row wpb_row vc_row-fluid wpex-relative\"><div class=\"wpb_column vc_column_container vc_col-sm-12\"><div class=\"vc_column-inner\"><div class=\"wpb_wrapper\"><div class=\"vc_row wpb_row vc_inner vc_row-fluid wpex-relative\"><div class=\"wpb_column vc_column_container vc_col-sm-12\"><div class=\"vc_column-inner\"><div class=\"wpb_wrapper\"><style>.vcex-heading.vcex_69e300c0d36a0{color:#543287;}.vcex-heading.vcex_69e300c0d36a0:hover{color:#543287;}<\/style><h2 class=\"vcex-heading vcex-heading-plain vcex-module wpex-heading wpex-text-2xl vcex_69e300c0d36a0\"><span class=\"vcex-heading-inner wpex-inline-block\">Unsere Preise<\/span><\/h2><\/div><\/div><\/div><\/div><div class=\"vc_row wpb_row vc_inner vc_row-fluid wpex-relative\"><div class=\"wpb_column vc_column_container vc_col-sm-12\"><div class=\"vc_column-inner\"><div class=\"wpb_wrapper\"><section ><div id=\"vc-pricing-table-69e300c0d385b\" class=\"vc_general wpb-pricing-table\"><h3 class=\"wpb-plan-title\">Beziehungscoach-Sitzung<\/h2><p class=\"wpb-plan-description\"><\/p><div class=\"wpb-price-container\"><sup class=\"wpb-currency\">\u20ac<\/sup><strong class=\"wpb-price\">125<\/strong><sub class=\"wpb-period\">pro Stunde<\/sub><\/div><div class=\"vc_btn3-container vc_btn3-center\" ><a style=\"background-color:#543287; color:#ffffff;\" class=\"vc_general vc_btn3 vc_btn3-size-md vc_btn3-shape-rounded vc_btn3-style-custom vc_btn3-block\" href=\"https:\/\/holistischcentrum-brabant.nl\/de\/termin-vereinbaren\/\" title=\"\">Vereinbaren Sie einen Termin<\/a><\/div><ul class=\"wpb-plan-features\">\n<li>Der Tarif gilt pro Stunde und die Sitzungen dauern zwischen anderthalb und maximal zwei Stunden.<\/li>\n<li>Die Sitzung wird von Tim Brinkman oder anderen Therapeuten auf Anfrage begleitet.<\/li>\n<\/ul>\n<\/div><\/section><style>#vc-pricing-table-69e300c0d385b .wpb-plan-features li::before {  content: \"\";  display: inline-block;  margin: 0 10px 0 0; width: 18px;  height: 18px;  vertical-align: middle;  background: url(\"data:image\/svg+xml,%3Csvg xmlns='http:\/\/www.w3.org\/2000\/svg' width='22px' height='22px' viewBox='0 0 22 22' version='1.1'%3E%3Cg id='Page-1' stroke='none' stroke-width='1' fill='none' fill-rule='evenodd'%3E%3Cg id='Artboard' transform='translate(-472.000000, -546.000000)' fill-rule='nonzero'%3E%3Cg id='wpb-pricing-table-element' transform='translate(445.000000, 222.000000)'%3E%3Cg id='bullet' transform='translate(27.000000, 324.000000)'%3E%3Cpath d='M22,10.9999756 C22,17.0751668 17.0751778,22 11,22 C4.92487111,22 0,17.0751668 0,10.9999756 C0,4.92488206 4.92487111,0 11,0 C17.0751778,0 22,4.92488206 22,10.9999756 Z' id='Path' fill='%23543287'\/%3E%3Cpolygon id='Path' fill='%23FFFFFF' transform='translate(11.011123, 9.631788) rotate(-45.000000) translate(-11.011123, -9.631788) ' points='8.39375516 6.63178844 8.39375516 10.0231025 16.2371538 10.0231255 16.2371538 12.6317884 5.78509217 12.6317133 5.78509217 6.63178844'\/%3E%3C\/g%3E%3C\/g%3E%3C\/g%3E%3C\/g%3E%3C\/svg%3E\") center no-repeat;  background-size: 18px; }<\/style><\/div><\/div><\/div><\/div><div class=\"vc_row wpb_row vc_inner vc_row-fluid wpex-relative\"><div class=\"wpb_column vc_column_container vc_col-sm-12\"><div class=\"vc_column-inner\"><div class=\"wpb_wrapper\"><div class=\"vc_empty_space\"   style=\"height: 32px\"><span class=\"vc_empty_space_inner\"><\/span><\/div><\/div><\/div><\/div><\/div><\/div><\/div><\/div><\/div>\n<\/div>","protected":false},"excerpt":{"rendered":"COACHING HYPNOSE SYSTEMISCH ENERGETISCH Op welke manier werken we met relatie coaching ? Veel koppels ervaren \u2013 vroeg of laat \u2013 uitdagingen: overspel, uit elkaar groeien, stress, ziekte of wat&hellip;","protected":false},"author":5,"featured_media":0,"parent":0,"menu_order":0,"comment_status":"closed","ping_status":"closed","template":"","meta":{"_exactmetrics_skip_tracking":false,"_exactmetrics_sitenote_active":false,"_exactmetrics_sitenote_note":"","_exactmetrics_sitenote_category":0,"footnotes":""},"class_list":["post-7188","page","type-page","status-publish","hentry","entry","no-media"],"yoast_head":"<!-- This site is optimized with the Yoast SEO plugin v27.4 - https:\/\/yoast.com\/product\/yoast-seo-wordpress\/ -->\n<title>Relatie coaching - Holistisch Centrum Brabant<\/title>\n<meta name=\"description\" content=\"Het geconcentreerd lezen van een boek, waardoor je de wereld om je heen vergeet, is al hypnose. Bent u benieuwd naar alle mogelijkheden? Bekijk onze website\" \/>\n<meta name=\"robots\" content=\"index, follow, max-snippet:-1, max-image-preview:large, max-video-preview:-1\" \/>\n<link rel=\"canonical\" href=\"https:\/\/holistischcentrum-brabant.nl\/de\/beziehungscoaching\/\" \/>\n<meta property=\"og:locale\" content=\"de_DE\" \/>\n<meta property=\"og:type\" content=\"article\" \/>\n<meta property=\"og:title\" content=\"Relatie coaching - Holistisch Centrum Brabant\" \/>\n<meta property=\"og:description\" content=\"Het geconcentreerd lezen van een boek, waardoor je de wereld om je heen vergeet, is al hypnose. Bent u benieuwd naar alle mogelijkheden? Bekijk onze website\" \/>\n<meta property=\"og:url\" content=\"https:\/\/holistischcentrum-brabant.nl\/de\/beziehungscoaching\/\" \/>\n<meta property=\"og:site_name\" content=\"Holistisch Centrum Brabant\" \/>\n<meta property=\"article:publisher\" content=\"https:\/\/www.facebook.com\/holistischcentrumbrabant\" \/>\n<meta property=\"article:modified_time\" content=\"2024-10-31T12:59:21+00:00\" \/>\n<meta name=\"twitter:card\" content=\"summary_large_image\" \/>\n<meta name=\"twitter:label1\" content=\"Gesch\u00e4tzte Lesezeit\" \/>\n\t<meta name=\"twitter:data1\" content=\"3\u00a0Minuten\" \/>\n<script type=\"application\/ld+json\" class=\"yoast-schema-graph\">{\"@context\":\"https:\\\/\\\/schema.org\",\"@graph\":[{\"@type\":\"WebPage\",\"@id\":\"https:\\\/\\\/holistischcentrum-brabant.nl\\\/relatie-coaching\\\/\",\"url\":\"https:\\\/\\\/holistischcentrum-brabant.nl\\\/relatie-coaching\\\/\",\"name\":\"Relatie coaching - Holistisch Centrum Brabant\",\"isPartOf\":{\"@id\":\"https:\\\/\\\/holistischcentrum-brabant.nl\\\/#website\"},\"datePublished\":\"2024-07-08T14:08:35+00:00\",\"dateModified\":\"2024-10-31T12:59:21+00:00\",\"description\":\"Het geconcentreerd lezen van een boek, waardoor je de wereld om je heen vergeet, is al hypnose. Bent u benieuwd naar alle mogelijkheden? Bekijk onze website\",\"breadcrumb\":{\"@id\":\"https:\\\/\\\/holistischcentrum-brabant.nl\\\/relatie-coaching\\\/#breadcrumb\"},\"inLanguage\":\"de\",\"potentialAction\":[{\"@type\":\"ReadAction\",\"target\":[\"https:\\\/\\\/holistischcentrum-brabant.nl\\\/relatie-coaching\\\/\"]}]},{\"@type\":\"BreadcrumbList\",\"@id\":\"https:\\\/\\\/holistischcentrum-brabant.nl\\\/relatie-coaching\\\/#breadcrumb\",\"itemListElement\":[{\"@type\":\"ListItem\",\"position\":1,\"name\":\"Home\",\"item\":\"https:\\\/\\\/holistischcentrum-brabant.nl\\\/\"},{\"@type\":\"ListItem\",\"position\":2,\"name\":\"Relatie coaching\"}]},{\"@type\":\"WebSite\",\"@id\":\"https:\\\/\\\/holistischcentrum-brabant.nl\\\/#website\",\"url\":\"https:\\\/\\\/holistischcentrum-brabant.nl\\\/\",\"name\":\"Holistisch Centrum Brabant\",\"description\":\"\",\"publisher\":{\"@id\":\"https:\\\/\\\/holistischcentrum-brabant.nl\\\/#organization\"},\"potentialAction\":[{\"@type\":\"SearchAction\",\"target\":{\"@type\":\"EntryPoint\",\"urlTemplate\":\"https:\\\/\\\/holistischcentrum-brabant.nl\\\/?s={search_term_string}\"},\"query-input\":{\"@type\":\"PropertyValueSpecification\",\"valueRequired\":true,\"valueName\":\"search_term_string\"}}],\"inLanguage\":\"de\"},{\"@type\":\"Organization\",\"@id\":\"https:\\\/\\\/holistischcentrum-brabant.nl\\\/#organization\",\"name\":\"Holistisch Centrum Brabant\",\"url\":\"https:\\\/\\\/holistischcentrum-brabant.nl\\\/\",\"logo\":{\"@type\":\"ImageObject\",\"inLanguage\":\"de\",\"@id\":\"https:\\\/\\\/holistischcentrum-brabant.nl\\\/#\\\/schema\\\/logo\\\/image\\\/\",\"url\":\"https:\\\/\\\/holistischcentrum-brabant.nl\\\/wp-content\\\/uploads\\\/2024\\\/06\\\/Logo-HCB-hoge-resolutie-1.jpg\",\"contentUrl\":\"https:\\\/\\\/holistischcentrum-brabant.nl\\\/wp-content\\\/uploads\\\/2024\\\/06\\\/Logo-HCB-hoge-resolutie-1.jpg\",\"width\":527,\"height\":205,\"caption\":\"Holistisch Centrum Brabant\"},\"image\":{\"@id\":\"https:\\\/\\\/holistischcentrum-brabant.nl\\\/#\\\/schema\\\/logo\\\/image\\\/\"},\"sameAs\":[\"https:\\\/\\\/www.facebook.com\\\/holistischcentrumbrabant\"]}]}<\/script>\n<!-- \/ Yoast SEO plugin. -->","yoast_head_json":{"title":"Beziehungscoaching \u2013 Holistisch Centrum Brabant","description":"Das konzentrierte Lesen eines Buches, bei dem man die Welt um sich herum vergisst, ist bereits Hypnose. Sind Sie neugierig auf alle M\u00f6glichkeiten? Besuchen Sie unsere Website.","robots":{"index":"index","follow":"follow","max-snippet":"max-snippet:-1","max-image-preview":"max-image-preview:large","max-video-preview":"max-video-preview:-1"},"canonical":"https:\/\/holistischcentrum-brabant.nl\/de\/beziehungscoaching\/","og_locale":"de_DE","og_type":"article","og_title":"Relatie coaching - Holistisch Centrum Brabant","og_description":"Het geconcentreerd lezen van een boek, waardoor je de wereld om je heen vergeet, is al hypnose. Bent u benieuwd naar alle mogelijkheden? Bekijk onze website","og_url":"https:\/\/holistischcentrum-brabant.nl\/de\/beziehungscoaching\/","og_site_name":"Holistisch Centrum Brabant","article_publisher":"https:\/\/www.facebook.com\/holistischcentrumbrabant","article_modified_time":"2024-10-31T12:59:21+00:00","twitter_card":"summary_large_image","twitter_misc":{"Gesch\u00e4tzte Lesezeit":"3\u00a0Minuten"},"schema":{"@context":"https:\/\/schema.org","@graph":[{"@type":"WebPage","@id":"https:\/\/holistischcentrum-brabant.nl\/relatie-coaching\/","url":"https:\/\/holistischcentrum-brabant.nl\/relatie-coaching\/","name":"Beziehungscoaching \u2013 Holistisch Centrum Brabant","isPartOf":{"@id":"https:\/\/holistischcentrum-brabant.nl\/#website"},"datePublished":"2024-07-08T14:08:35+00:00","dateModified":"2024-10-31T12:59:21+00:00","description":"Das konzentrierte Lesen eines Buches, bei dem man die Welt um sich herum vergisst, ist bereits Hypnose. Sind Sie neugierig auf alle M\u00f6glichkeiten? Besuchen Sie unsere Website.","breadcrumb":{"@id":"https:\/\/holistischcentrum-brabant.nl\/relatie-coaching\/#breadcrumb"},"inLanguage":"de","potentialAction":[{"@type":"ReadAction","target":["https:\/\/holistischcentrum-brabant.nl\/relatie-coaching\/"]}]},{"@type":"BreadcrumbList","@id":"https:\/\/holistischcentrum-brabant.nl\/relatie-coaching\/#breadcrumb","itemListElement":[{"@type":"ListItem","position":1,"name":"Home","item":"https:\/\/holistischcentrum-brabant.nl\/"},{"@type":"ListItem","position":2,"name":"Relatie coaching"}]},{"@type":"WebSite","@id":"https:\/\/holistischcentrum-brabant.nl\/#website","url":"https:\/\/holistischcentrum-brabant.nl\/","name":"Holistic Center Brabant","description":"","publisher":{"@id":"https:\/\/holistischcentrum-brabant.nl\/#organization"},"potentialAction":[{"@type":"SearchAction","target":{"@type":"EntryPoint","urlTemplate":"https:\/\/holistischcentrum-brabant.nl\/?s={search_term_string}"},"query-input":{"@type":"PropertyValueSpecification","valueRequired":true,"valueName":"search_term_string"}}],"inLanguage":"de"},{"@type":"Organization","@id":"https:\/\/holistischcentrum-brabant.nl\/#organization","name":"Holistic Center Brabant","url":"https:\/\/holistischcentrum-brabant.nl\/","logo":{"@type":"ImageObject","inLanguage":"de","@id":"https:\/\/holistischcentrum-brabant.nl\/#\/schema\/logo\/image\/","url":"https:\/\/holistischcentrum-brabant.nl\/wp-content\/uploads\/2024\/06\/Logo-HCB-hoge-resolutie-1.jpg","contentUrl":"https:\/\/holistischcentrum-brabant.nl\/wp-content\/uploads\/2024\/06\/Logo-HCB-hoge-resolutie-1.jpg","width":527,"height":205,"caption":"Holistisch Centrum Brabant"},"image":{"@id":"https:\/\/holistischcentrum-brabant.nl\/#\/schema\/logo\/image\/"},"sameAs":["https:\/\/www.facebook.com\/holistischcentrumbrabant"]}]}},"_links":{"self":[{"href":"https:\/\/holistischcentrum-brabant.nl\/de\/wp-json\/wp\/v2\/pages\/7188","targetHints":{"allow":["GET"]}}],"collection":[{"href":"https:\/\/holistischcentrum-brabant.nl\/de\/wp-json\/wp\/v2\/pages"}],"about":[{"href":"https:\/\/holistischcentrum-brabant.nl\/de\/wp-json\/wp\/v2\/types\/page"}],"author":[{"embeddable":true,"href":"https:\/\/holistischcentrum-brabant.nl\/de\/wp-json\/wp\/v2\/users\/5"}],"replies":[{"embeddable":true,"href":"https:\/\/holistischcentrum-brabant.nl\/de\/wp-json\/wp\/v2\/comments?post=7188"}],"version-history":[{"count":12,"href":"https:\/\/holistischcentrum-brabant.nl\/de\/wp-json\/wp\/v2\/pages\/7188\/revisions"}],"predecessor-version":[{"id":7699,"href":"https:\/\/holistischcentrum-brabant.nl\/de\/wp-json\/wp\/v2\/pages\/7188\/revisions\/7699"}],"wp:attachment":[{"href":"https:\/\/holistischcentrum-brabant.nl\/de\/wp-json\/wp\/v2\/media?parent=7188"}],"curies":[{"name":"wp","href":"https:\/\/api.w.org\/{rel}","templated":true}]}}