{"id":3099,"date":"2018-06-04T12:36:31","date_gmt":"2018-06-04T10:36:31","guid":{"rendered":"https:\/\/holistischcentrum-brabant.nl\/?page_id=3099"},"modified":"2023-01-16T19:49:52","modified_gmt":"2023-01-16T18:49:52","slug":"delta-m","status":"publish","type":"page","link":"https:\/\/holistischcentrum-brabant.nl\/it\/delta-m\/","title":{"rendered":"Delta M"},"content":{"rendered":"<p style=\"text-align: left;\"><em>Siete stati collegati al sito web di Holistisch Centrum Brabant, l'azienda che ho fondato insieme a Wilma. Siamo insieme da quasi 40 anni e siamo imprenditori dall'inizio del 2007. Sentitevi liberi di dare un'occhiata al sito e qui di seguito troverete informazioni sulle attivit\u00e0 che offro tuttora con il marchio Delta M.<\/em><\/p>\n<p><img loading=\"lazy\" decoding=\"async\" class=\"wp-image-5793 alignleft\" src=\"https:\/\/holistischcentrum-brabant.nl\/wp-content\/uploads\/2021\/08\/holistischcentrum-4442LR.jpg\" alt=\"\" width=\"400\" height=\"600\" srcset=\"https:\/\/holistischcentrum-brabant.nl\/wp-content\/uploads\/2021\/08\/holistischcentrum-4442LR.jpg 667w, https:\/\/holistischcentrum-brabant.nl\/wp-content\/uploads\/2021\/08\/holistischcentrum-4442LR-200x300.jpg 200w\" sizes=\"auto, (max-width: 400px) 100vw, 400px\" \/><\/p>\n<h2>Su di me<\/h2>\n<p>Come coach, sono sempre alla ricerca di ci\u00f2 che pu\u00f2 aiutare voi e i dipendenti della vostra azienda a muoversi e a fare il passo successivo. La mia domanda preferita \u00e8 quindi: di cosa avete bisogno per.....? In questo modo, credo che abbiate tutte le risposte di cui avete bisogno dentro di voi. Il mio ruolo \u00e8 solo quello di far emergere la vostra saggezza.<\/p>\n<p>Nel ruolo di formatore, ho una buona percezione di ci\u00f2 che accade nel gruppo, uso l'umorismo, ma indico anche le responsabilit\u00e0 e i dolori. La conoscenza \u00e8 da condividere, quindi utilizzo principalmente la conoscenza presente nel gruppo per imparare gli uni dagli altri. La condivisione dell'esperienza \u00e8 uno strumento potente. Utilizzo anche molti esercizi fisici per consolidare il processo di apprendimento.<\/p>\n<p>Nei ruoli manageriali, le persone mi definiscono: manager pratico, creativo, organizzatore, con visione dall'alto, innovativo, entusiasta, guidato, orientato ai risultati.<\/p>\n<p>&nbsp;<\/p>\n<p>Come essere umano, sono contemporaneamente alla ricerca spirituale di un significato nella coscienza cosmica. La consapevolezza di come incontri apparentemente insignificanti tra le persone possano talvolta cambiare la vita rende ogni giorno e ogni conversazione speciali. Due lati della stessa personalit\u00e0: la ricerca spirituale da un lato e il manager energico che ama \u201cfare le cose\u201d dall'altro.<\/p>\n<p>Per molto tempo ho pensato in termini di \u2018o\/o\u2019, ma \u00e8 emerso che non \u00e8 cos\u00ec. La mia esperienza e convinzione \u00e8 che si tratti di \u2018e\/ e\u2019. La mia saggezza spirituale \u00e8 che le interazioni tra le persone avvengono in un sistema cosmico vasto e insondabile. Ho l'assoluta certezza che la vita non \u00e8 una tantum, ma pu\u00f2 essere vissuta una sola volta. Questo rende ogni giorno una vacanza per me... ok... quasi ogni giorno \ud83d\ude42 .<\/p>\n<h2><\/h2>\n<p>&nbsp;<\/p>\n<h2>Formazione<\/h2>\n<p>Questi sono sempre personalizzati in base al cliente, al pubblico di riferimento e al risultato desiderato. Alcuni esempi sono:<\/p>\n<ul>\n<li>Corsi di formazione commerciale<\/li>\n<li>Leadership personale<\/li>\n<li>Capacit\u00e0 di comunicazione<\/li>\n<li>Collaborare<\/li>\n<\/ul>\n<p>A seconda della domanda del cliente, collaboro con diverse organizzazioni e ho molti specialisti nella mia rete per supportare le sottoaree.<\/p>","protected":false},"excerpt":{"rendered":"<p>Je bent door gelinkt naar de website van Holistisch Centrum Brabant de onderneming die ik samen met Wilma ben gestart. Wij zijn al bijna 40 jaar samen en sinds begin&hellip;<\/p>","protected":false},"author":1,"featured_media":0,"parent":0,"menu_order":0,"comment_status":"closed","ping_status":"closed","template":"","meta":{"_exactmetrics_skip_tracking":false,"_exactmetrics_sitenote_active":false,"_exactmetrics_sitenote_note":"","_exactmetrics_sitenote_category":0,"footnotes":""},"class_list":["post-3099","page","type-page","status-publish","hentry","entry","no-media"],"yoast_head":"<!-- This site is optimized with the Yoast SEO plugin v27.4 - https:\/\/yoast.com\/product\/yoast-seo-wordpress\/ -->\n<title>Delta M - Holistisch Centrum Brabant<\/title>\n<meta name=\"robots\" content=\"index, follow, max-snippet:-1, max-image-preview:large, max-video-preview:-1\" \/>\n<link rel=\"canonical\" href=\"https:\/\/holistischcentrum-brabant.nl\/it\/delta-m\/\" \/>\n<meta property=\"og:locale\" content=\"it_IT\" \/>\n<meta property=\"og:type\" content=\"article\" \/>\n<meta property=\"og:title\" content=\"Delta M - Holistisch Centrum Brabant\" \/>\n<meta property=\"og:description\" content=\"Je bent door gelinkt naar de website van Holistisch Centrum Brabant de onderneming die ik samen met Wilma ben gestart. Wij zijn al bijna 40 jaar samen en sinds begin&hellip;\" \/>\n<meta property=\"og:url\" content=\"https:\/\/holistischcentrum-brabant.nl\/it\/delta-m\/\" \/>\n<meta property=\"og:site_name\" content=\"Holistisch Centrum Brabant\" \/>\n<meta property=\"article:publisher\" content=\"https:\/\/www.facebook.com\/holistischcentrumbrabant\" \/>\n<meta property=\"article:modified_time\" content=\"2023-01-16T18:49:52+00:00\" \/>\n<meta property=\"og:image\" content=\"https:\/\/holistischcentrum-brabant.nl\/wp-content\/uploads\/2021\/08\/holistischcentrum-4442LR.jpg\" \/>\n<meta name=\"twitter:card\" content=\"summary_large_image\" \/>\n<meta name=\"twitter:label1\" content=\"Tempo di lettura stimato\" \/>\n\t<meta name=\"twitter:data1\" content=\"3 minuti\" \/>\n<script type=\"application\/ld+json\" class=\"yoast-schema-graph\">{\"@context\":\"https:\\\/\\\/schema.org\",\"@graph\":[{\"@type\":\"WebPage\",\"@id\":\"https:\\\/\\\/holistischcentrum-brabant.nl\\\/delta-m\\\/\",\"url\":\"https:\\\/\\\/holistischcentrum-brabant.nl\\\/delta-m\\\/\",\"name\":\"Delta M - Holistisch Centrum Brabant\",\"isPartOf\":{\"@id\":\"https:\\\/\\\/holistischcentrum-brabant.nl\\\/#website\"},\"primaryImageOfPage\":{\"@id\":\"https:\\\/\\\/holistischcentrum-brabant.nl\\\/delta-m\\\/#primaryimage\"},\"image\":{\"@id\":\"https:\\\/\\\/holistischcentrum-brabant.nl\\\/delta-m\\\/#primaryimage\"},\"thumbnailUrl\":\"https:\\\/\\\/holistischcentrum-brabant.nl\\\/wp-content\\\/uploads\\\/2021\\\/08\\\/holistischcentrum-4442LR.jpg\",\"datePublished\":\"2018-06-04T10:36:31+00:00\",\"dateModified\":\"2023-01-16T18:49:52+00:00\",\"breadcrumb\":{\"@id\":\"https:\\\/\\\/holistischcentrum-brabant.nl\\\/delta-m\\\/#breadcrumb\"},\"inLanguage\":\"it-IT\",\"potentialAction\":[{\"@type\":\"ReadAction\",\"target\":[\"https:\\\/\\\/holistischcentrum-brabant.nl\\\/delta-m\\\/\"]}]},{\"@type\":\"ImageObject\",\"inLanguage\":\"it-IT\",\"@id\":\"https:\\\/\\\/holistischcentrum-brabant.nl\\\/delta-m\\\/#primaryimage\",\"url\":\"https:\\\/\\\/holistischcentrum-brabant.nl\\\/wp-content\\\/uploads\\\/2021\\\/08\\\/holistischcentrum-4442LR.jpg\",\"contentUrl\":\"https:\\\/\\\/holistischcentrum-brabant.nl\\\/wp-content\\\/uploads\\\/2021\\\/08\\\/holistischcentrum-4442LR.jpg\"},{\"@type\":\"BreadcrumbList\",\"@id\":\"https:\\\/\\\/holistischcentrum-brabant.nl\\\/delta-m\\\/#breadcrumb\",\"itemListElement\":[{\"@type\":\"ListItem\",\"position\":1,\"name\":\"Home\",\"item\":\"https:\\\/\\\/holistischcentrum-brabant.nl\\\/\"},{\"@type\":\"ListItem\",\"position\":2,\"name\":\"Delta M\"}]},{\"@type\":\"WebSite\",\"@id\":\"https:\\\/\\\/holistischcentrum-brabant.nl\\\/#website\",\"url\":\"https:\\\/\\\/holistischcentrum-brabant.nl\\\/\",\"name\":\"Holistisch Centrum Brabant\",\"description\":\"\",\"publisher\":{\"@id\":\"https:\\\/\\\/holistischcentrum-brabant.nl\\\/#organization\"},\"potentialAction\":[{\"@type\":\"SearchAction\",\"target\":{\"@type\":\"EntryPoint\",\"urlTemplate\":\"https:\\\/\\\/holistischcentrum-brabant.nl\\\/?s={search_term_string}\"},\"query-input\":{\"@type\":\"PropertyValueSpecification\",\"valueRequired\":true,\"valueName\":\"search_term_string\"}}],\"inLanguage\":\"it-IT\"},{\"@type\":\"Organization\",\"@id\":\"https:\\\/\\\/holistischcentrum-brabant.nl\\\/#organization\",\"name\":\"Holistisch Centrum Brabant\",\"url\":\"https:\\\/\\\/holistischcentrum-brabant.nl\\\/\",\"logo\":{\"@type\":\"ImageObject\",\"inLanguage\":\"it-IT\",\"@id\":\"https:\\\/\\\/holistischcentrum-brabant.nl\\\/#\\\/schema\\\/logo\\\/image\\\/\",\"url\":\"https:\\\/\\\/holistischcentrum-brabant.nl\\\/wp-content\\\/uploads\\\/2024\\\/06\\\/Logo-HCB-hoge-resolutie-1.jpg\",\"contentUrl\":\"https:\\\/\\\/holistischcentrum-brabant.nl\\\/wp-content\\\/uploads\\\/2024\\\/06\\\/Logo-HCB-hoge-resolutie-1.jpg\",\"width\":527,\"height\":205,\"caption\":\"Holistisch Centrum Brabant\"},\"image\":{\"@id\":\"https:\\\/\\\/holistischcentrum-brabant.nl\\\/#\\\/schema\\\/logo\\\/image\\\/\"},\"sameAs\":[\"https:\\\/\\\/www.facebook.com\\\/holistischcentrumbrabant\"]}]}<\/script>\n<!-- \/ Yoast SEO plugin. -->","yoast_head_json":{"title":"Delta M - Centro olistico del Brabante","robots":{"index":"index","follow":"follow","max-snippet":"max-snippet:-1","max-image-preview":"max-image-preview:large","max-video-preview":"max-video-preview:-1"},"canonical":"https:\/\/holistischcentrum-brabant.nl\/it\/delta-m\/","og_locale":"it_IT","og_type":"article","og_title":"Delta M - Holistisch Centrum Brabant","og_description":"Je bent door gelinkt naar de website van Holistisch Centrum Brabant de onderneming die ik samen met Wilma ben gestart. Wij zijn al bijna 40 jaar samen en sinds begin&hellip;","og_url":"https:\/\/holistischcentrum-brabant.nl\/it\/delta-m\/","og_site_name":"Holistisch Centrum Brabant","article_publisher":"https:\/\/www.facebook.com\/holistischcentrumbrabant","article_modified_time":"2023-01-16T18:49:52+00:00","og_image":[{"url":"https:\/\/holistischcentrum-brabant.nl\/wp-content\/uploads\/2021\/08\/holistischcentrum-4442LR.jpg","type":"","width":"","height":""}],"twitter_card":"summary_large_image","twitter_misc":{"Tempo di lettura stimato":"3 minuti"},"schema":{"@context":"https:\/\/schema.org","@graph":[{"@type":"WebPage","@id":"https:\/\/holistischcentrum-brabant.nl\/delta-m\/","url":"https:\/\/holistischcentrum-brabant.nl\/delta-m\/","name":"Delta M - Centro olistico del Brabante","isPartOf":{"@id":"https:\/\/holistischcentrum-brabant.nl\/#website"},"primaryImageOfPage":{"@id":"https:\/\/holistischcentrum-brabant.nl\/delta-m\/#primaryimage"},"image":{"@id":"https:\/\/holistischcentrum-brabant.nl\/delta-m\/#primaryimage"},"thumbnailUrl":"https:\/\/holistischcentrum-brabant.nl\/wp-content\/uploads\/2021\/08\/holistischcentrum-4442LR.jpg","datePublished":"2018-06-04T10:36:31+00:00","dateModified":"2023-01-16T18:49:52+00:00","breadcrumb":{"@id":"https:\/\/holistischcentrum-brabant.nl\/delta-m\/#breadcrumb"},"inLanguage":"it-IT","potentialAction":[{"@type":"ReadAction","target":["https:\/\/holistischcentrum-brabant.nl\/delta-m\/"]}]},{"@type":"ImageObject","inLanguage":"it-IT","@id":"https:\/\/holistischcentrum-brabant.nl\/delta-m\/#primaryimage","url":"https:\/\/holistischcentrum-brabant.nl\/wp-content\/uploads\/2021\/08\/holistischcentrum-4442LR.jpg","contentUrl":"https:\/\/holistischcentrum-brabant.nl\/wp-content\/uploads\/2021\/08\/holistischcentrum-4442LR.jpg"},{"@type":"BreadcrumbList","@id":"https:\/\/holistischcentrum-brabant.nl\/delta-m\/#breadcrumb","itemListElement":[{"@type":"ListItem","position":1,"name":"Home","item":"https:\/\/holistischcentrum-brabant.nl\/"},{"@type":"ListItem","position":2,"name":"Delta M"}]},{"@type":"WebSite","@id":"https:\/\/holistischcentrum-brabant.nl\/#website","url":"https:\/\/holistischcentrum-brabant.nl\/","name":"Centro olistico Brabant","description":"","publisher":{"@id":"https:\/\/holistischcentrum-brabant.nl\/#organization"},"potentialAction":[{"@type":"SearchAction","target":{"@type":"EntryPoint","urlTemplate":"https:\/\/holistischcentrum-brabant.nl\/?s={search_term_string}"},"query-input":{"@type":"PropertyValueSpecification","valueRequired":true,"valueName":"search_term_string"}}],"inLanguage":"it-IT"},{"@type":"Organization","@id":"https:\/\/holistischcentrum-brabant.nl\/#organization","name":"Centro olistico Brabant","url":"https:\/\/holistischcentrum-brabant.nl\/","logo":{"@type":"ImageObject","inLanguage":"it-IT","@id":"https:\/\/holistischcentrum-brabant.nl\/#\/schema\/logo\/image\/","url":"https:\/\/holistischcentrum-brabant.nl\/wp-content\/uploads\/2024\/06\/Logo-HCB-hoge-resolutie-1.jpg","contentUrl":"https:\/\/holistischcentrum-brabant.nl\/wp-content\/uploads\/2024\/06\/Logo-HCB-hoge-resolutie-1.jpg","width":527,"height":205,"caption":"Holistisch Centrum Brabant"},"image":{"@id":"https:\/\/holistischcentrum-brabant.nl\/#\/schema\/logo\/image\/"},"sameAs":["https:\/\/www.facebook.com\/holistischcentrumbrabant"]}]}},"_links":{"self":[{"href":"https:\/\/holistischcentrum-brabant.nl\/it\/wp-json\/wp\/v2\/pages\/3099","targetHints":{"allow":["GET"]}}],"collection":[{"href":"https:\/\/holistischcentrum-brabant.nl\/it\/wp-json\/wp\/v2\/pages"}],"about":[{"href":"https:\/\/holistischcentrum-brabant.nl\/it\/wp-json\/wp\/v2\/types\/page"}],"author":[{"embeddable":true,"href":"https:\/\/holistischcentrum-brabant.nl\/it\/wp-json\/wp\/v2\/users\/1"}],"replies":[{"embeddable":true,"href":"https:\/\/holistischcentrum-brabant.nl\/it\/wp-json\/wp\/v2\/comments?post=3099"}],"version-history":[{"count":13,"href":"https:\/\/holistischcentrum-brabant.nl\/it\/wp-json\/wp\/v2\/pages\/3099\/revisions"}],"predecessor-version":[{"id":3648,"href":"https:\/\/holistischcentrum-brabant.nl\/it\/wp-json\/wp\/v2\/pages\/3099\/revisions\/3648"}],"wp:attachment":[{"href":"https:\/\/holistischcentrum-brabant.nl\/it\/wp-json\/wp\/v2\/media?parent=3099"}],"curies":[{"name":"wp","href":"https:\/\/api.w.org\/{rel}","templated":true}]}}