{"id":7171,"date":"2024-07-08T15:54:56","date_gmt":"2024-07-08T13:54:56","guid":{"rendered":"https:\/\/holistischcentrum-brabant.nl\/?page_id=7171"},"modified":"2024-08-25T13:02:35","modified_gmt":"2024-08-25T11:02:35","slug":"ciotole-per-il-canto","status":"publish","type":"page","link":"https:\/\/holistischcentrum-brabant.nl\/it\/ciotole-per-il-canto\/","title":{"rendered":"Ciotole per il canto"},"content":{"rendered":"<div class=\"wpb-content-wrapper\"><div class=\"vc_row wpb_row vc_row-fluid wpex-relative\"><div class=\"wpb_column vc_column_container vc_col-sm-12\"><div class=\"vc_column-inner\"><div class=\"wpb_wrapper\"><div class=\"vc_row wpb_row vc_inner vc_row-fluid wpex-relative\"><div class=\"wpb_column vc_column_container vc_col-sm-12\"><div class=\"vc_column-inner\"><div class=\"wpb_wrapper\"><div class=\"templatera_shortcode\"><div class=\"vc_row wpb_row vc_row-fluid vc_custom_1482426130675 wpex-relative\"><div class=\"wpb_column vc_column_container vc_col-sm-3\"><div class=\"vc_column-inner\"><div class=\"wpb_wrapper\"><style>.vcex-icon.vcex_69e2ff9138b50 .vcex-icon-wrap{color:#e63e23;}.vcex-icon.vcex_69e2ff9138b50 .vcex-icon-wrap:hover{color:#ed6719;}<\/style><div class=\"vcex-icon vcex-module vcex-icon-medium wpex-text-center vcex_69e2ff9138b50\"><a href=\"https:\/\/holistischcentrum-brabant.nl\/it\/coaching\/\" class=\"vcex-icon-link wpex-no-underline wpex-text-current wpex-hover-text-current\"><div class=\"vcex-icon-wrap wpex-inline-flex wpex-items-center wpex-justify-center wpex-leading-none wpex-transition-colors wpex-duration-200\"><span aria-hidden=\"true\" class=\"vc-oi vc-oi-chat\"><\/span><\/div><\/a><\/div><style>.vcex-button.vcex_69e2ff9138d23{background:#ffffff;color:#e63e23!important;font-size:20px;font-weight:700;}.vcex-button.vcex_69e2ff9138d23:hover{background:#ffffff!important;color:#ed6719!important;}<\/style><div class=\"theme-button-wrap textcenter wpex-clr\"><a href=\"https:\/\/holistischcentrum-brabant.nl\/it\/coaching\/\" class=\"vcex-button theme-button align-center inline vcex_69e2ff9138d23\"><span class=\"vcex-button-inner theme-button-inner wpex-flex wpex-flex-wrap wpex-items-center wpex-justify-center\">ALLENAMENTO<\/span><\/a><\/div> <\/div><\/div><\/div><div class=\"wpb_column vc_column_container vc_col-sm-3\"><div class=\"vc_column-inner\"><div class=\"wpb_wrapper\"><style>.vcex-icon.vcex_69e2ff9138f1c .vcex-icon-wrap{color:#f9c90b;}.vcex-icon.vcex_69e2ff9138f1c .vcex-icon-wrap:hover{color:#fad90b;}<\/style><div class=\"vcex-icon vcex-module vcex-icon-medium wpex-text-center vcex_69e2ff9138f1c\"><a href=\"https:\/\/holistischcentrum-brabant.nl\/it\/ipnosi\/\" class=\"vcex-icon-link wpex-no-underline wpex-text-current wpex-hover-text-current\"><div class=\"vcex-icon-wrap wpex-inline-flex wpex-items-center wpex-justify-center wpex-leading-none wpex-transition-colors wpex-duration-200\"><span aria-hidden=\"true\" class=\"vc-oi vc-oi-aperture\"><\/span><\/div><\/a><\/div><style>.vcex-button.vcex_69e2ff91390b7{background:#ffffff;color:#f9c90b!important;font-size:20px;font-weight:700;}.vcex-button.vcex_69e2ff91390b7:hover{background:#ffffff!important;color:#fad90b!important;}<\/style><div class=\"theme-button-wrap textcenter wpex-clr\"><a href=\"https:\/\/holistischcentrum-brabant.nl\/it\/ipnosi\/\" class=\"vcex-button theme-button align-center inline vcex_69e2ff91390b7\"><span class=\"vcex-button-inner theme-button-inner wpex-flex wpex-flex-wrap wpex-items-center wpex-justify-center\">IPNOSI<\/span><\/a><\/div> <\/div><\/div><\/div><div class=\"wpb_column vc_column_container vc_col-sm-3\"><div class=\"vc_column-inner\"><div class=\"wpb_wrapper\"><style>.vcex-icon.vcex_69e2ff91392bd .vcex-icon-wrap{color:#56b13d;}.vcex-icon.vcex_69e2ff91392bd .vcex-icon-wrap:hover{color:#accf20;}<\/style><div class=\"vcex-icon vcex-module vcex-icon-medium wpex-text-center vcex_69e2ff91392bd\"><a href=\"https:\/\/holistischcentrum-brabant.nl\/it\/spiritualita\/\" class=\"vcex-icon-link wpex-no-underline wpex-text-current wpex-hover-text-current\"><div class=\"vcex-icon-wrap wpex-inline-flex wpex-items-center wpex-justify-center wpex-leading-none wpex-transition-colors wpex-duration-200\"><span aria-hidden=\"true\" class=\"entypo-icon entypo-icon-users\"><\/span><\/div><\/a><\/div><style>.vcex-button.vcex_69e2ff913945a{background:#ffffff;color:#56b13d!important;font-size:20px;font-weight:700;}.vcex-button.vcex_69e2ff913945a:hover{background:#ffffff!important;color:#accf20!important;}<\/style><div class=\"theme-button-wrap textcenter wpex-clr\"><a href=\"https:\/\/holistischcentrum-brabant.nl\/it\/spiritualita\/\" class=\"vcex-button theme-button align-center inline vcex_69e2ff913945a\"><span class=\"vcex-button-inner theme-button-inner wpex-flex wpex-flex-wrap wpex-items-center wpex-justify-center\">SISTEMICO<\/span><\/a><\/div> <\/div><\/div><\/div><div class=\"wpb_column vc_column_container vc_col-sm-3\"><div class=\"vc_column-inner\"><div class=\"wpb_wrapper\"><style>.vcex-icon.vcex_69e2ff9139632 .vcex-icon-wrap{color:#543287;}.vcex-icon.vcex_69e2ff9139632 .vcex-icon-wrap:hover{color:#843e90;}<\/style><div class=\"vcex-icon vcex-module vcex-icon-medium wpex-text-center vcex_69e2ff9139632\"><a href=\"https:\/\/holistischcentrum-brabant.nl\/it\/trattamento-energetico\/\" class=\"vcex-icon-link wpex-no-underline wpex-text-current wpex-hover-text-current\"><div class=\"vcex-icon-wrap wpex-inline-flex wpex-items-center wpex-justify-center wpex-leading-none wpex-transition-colors wpex-duration-200\"><span aria-hidden=\"true\" class=\"fas fa-feather-alt\"><\/span><\/div><\/a><\/div><style>.vcex-button.vcex_69e2ff91397b5{background:#ffffff;color:#543287!important;font-size:20px;font-weight:700;}.vcex-button.vcex_69e2ff91397b5:hover{background:#ffffff!important;color:#843e90!important;}<\/style><div class=\"theme-button-wrap textcenter wpex-clr\"><a href=\"https:\/\/holistischcentrum-brabant.nl\/it\/trattamento-energetico\/\" class=\"vcex-button theme-button align-center inline vcex_69e2ff91397b5\"><span class=\"vcex-button-inner theme-button-inner wpex-flex wpex-flex-wrap wpex-items-center wpex-justify-center\">ENERGETICO<\/span><\/a><\/div> <\/div><\/div><\/div><\/div><\/div><\/div><\/div><\/div><\/div><\/div><\/div><\/div><\/div><div class=\"vc_row wpb_row vc_row-fluid vc_row-o-equal-height vc_row-flex wpex-relative\"><div class=\"wpb_column vc_column_container vc_col-sm-8\"><div class=\"vc_column-inner\"><div class=\"wpb_wrapper\"><style>.vcex-heading.vcex_69e2ff9139b07{color:#543287;}<\/style><h2 class=\"vcex-heading vcex-heading-plain vcex-module wpex-heading wpex-text-2xl wpex-mb-20 vcex_69e2ff9139b07\"><span class=\"vcex-heading-inner wpex-inline-block\">Le origini delle singing bowls<\/span><\/h2>\n\t<div class=\"wpb_text_column wpb_content_element\" >\n\t\t<div class=\"wpb_wrapper\">\n\t\t\t<p>Wiki dice: le singing bowls sono originarie della <a title=\"Buddismo tibetano\" href=\"https:\/\/nl.wikipedia.org\/wiki\/Tibetaans_boeddhisme\">Buddista tibetano<\/a>\u00a0aree nei vari Stati del\u00a0<a title=\"Himalaya\" href=\"https:\/\/nl.wikipedia.org\/wiki\/Himalaya\">Himalaya<\/a>. Ogni ciotola ha il suo carattere, il suo timbro e il suo\u00a0<a class=\"mw-redirect\" title=\"Colore del suono\" href=\"https:\/\/nl.wikipedia.org\/wiki\/Klankkleur\">timbro<\/a>.<\/p>\n\n\t\t<\/div>\n\t<\/div>\n<style>.vcex-button.vcex_69e2ff9139d45{background:#543287;margin-block-start:10px;}.vcex-button.vcex_69e2ff9139d45:hover{background:#843e90!important;}<\/style><a href=\"https:\/\/holistischcentrum-brabant.nl\/it\/fissare-un-appuntamento\/\" class=\"vcex-button theme-button inline vcex_69e2ff9139d45\"><span class=\"vcex-button-inner theme-button-inner wpex-flex wpex-flex-wrap wpex-items-center wpex-justify-center\">Fissare un appuntamento <\/span><\/a> <\/div><\/div><\/div><div class=\"wpb_column vc_column_container vc_col-sm-4\"><div class=\"vc_column-inner\"><div class=\"wpb_wrapper\"><figure class=\"vcex-image vcex-module\"><div class=\"vcex-image-inner wpex-relative wpex-inline-block\"><img width=\"1000\" height=\"667\" src=\"https:\/\/holistischcentrum-brabant.nl\/wp-content\/uploads\/2021\/08\/holistischcentrum-4273LR.jpg\" class=\"vcex-image-img wpex-align-middle\" alt=\"\" loading=\"lazy\" decoding=\"async\" srcset=\"https:\/\/holistischcentrum-brabant.nl\/wp-content\/uploads\/2021\/08\/holistischcentrum-4273LR.jpg 1000w, https:\/\/holistischcentrum-brabant.nl\/wp-content\/uploads\/2021\/08\/holistischcentrum-4273LR-300x200.jpg 300w, https:\/\/holistischcentrum-brabant.nl\/wp-content\/uploads\/2021\/08\/holistischcentrum-4273LR-768x512.jpg 768w\" sizes=\"auto, (max-width: 1000px) 100vw, 1000px\" \/><\/div><\/figure><\/div><\/div><\/div><\/div><div class=\"vc_row wpb_row vc_row-fluid vc_custom_1709821581691 wpex-relative\"><div class=\"wpb_column vc_column_container vc_col-sm-12\"><div class=\"vc_column-inner\"><div class=\"wpb_wrapper\"><style>.vcex-heading.vcex_69e2ff913a3d0{color:#543287;}<\/style><h2 class=\"vcex-heading vcex-heading-plain vcex-module wpex-heading wpex-text-2xl wpex-mt-30 wpex-mb-20 wpex-text-left vcex_69e2ff913a3d0\"><span class=\"vcex-heading-inner wpex-inline-block\">Ulteriori informazioni a seguire<\/span><\/h2>\n\t<div style=\"text-align:start;\" class=\"wpb_text_column wpb_content_element\" >\n\t\t<div class=\"wpb_wrapper\">\n\t\t\t\n\t\t<\/div>\n\t<\/div>\n<div class=\"vc_empty_space\"   style=\"height: 32px\"><span class=\"vc_empty_space_inner\"><\/span><\/div><\/div><\/div><\/div><\/div><div class=\"vc_row wpb_row vc_row-fluid wpex-relative\"><div class=\"wpb_column vc_column_container vc_col-sm-12\"><div class=\"vc_column-inner\"><div class=\"wpb_wrapper\"><style>.vcex-heading.vcex_69e2ff913a6ea{color:#543287;}<\/style><h3 class=\"vcex-heading vcex-heading-plain vcex-module wpex-heading wpex-text-2xl wpex-mb-20 vcex_69e2ff913a6ea\"><span class=\"vcex-heading-inner wpex-inline-block\">Chi \u00e8 il vostro terapeuta delle ciotole?<\/span><\/h3><div class=\"vc_row wpb_row vc_inner vc_row-fluid vc_row-o-equal-height vc_row-flex wpex-relative\"><div class=\"wpb_column vc_column_container vc_col-sm-4\"><div class=\"vc_column-inner\"><div class=\"wpb_wrapper\"><figure class=\"vcex-image vcex-module\"><div class=\"vcex-image-inner wpex-relative wpex-inline-block\"><img width=\"667\" height=\"1000\" src=\"https:\/\/holistischcentrum-brabant.nl\/wp-content\/uploads\/2021\/08\/holistischcentrum-4412LR-kopie-1.jpg\" class=\"vcex-image-img wpex-align-middle\" alt=\"\" loading=\"lazy\" decoding=\"async\" srcset=\"https:\/\/holistischcentrum-brabant.nl\/wp-content\/uploads\/2021\/08\/holistischcentrum-4412LR-kopie-1.jpg 667w, https:\/\/holistischcentrum-brabant.nl\/wp-content\/uploads\/2021\/08\/holistischcentrum-4412LR-kopie-1-200x300.jpg 200w\" sizes=\"auto, (max-width: 667px) 100vw, 667px\" \/><\/div><\/figure>\n\t<div style=\"font-size:16px;\" class=\"wpb_text_column wpb_content_element\" >\n\t\t<div class=\"wpb_wrapper\">\n\t\t\t<p>Wilma ter Horst<\/p>\n\n\t\t<\/div>\n\t<\/div>\n<\/div><\/div><\/div><div class=\"wpb_column vc_column_container vc_col-sm-4\"><div class=\"vc_column-inner\"><div class=\"wpb_wrapper\"><\/div><\/div><\/div><div class=\"wpb_column vc_column_container vc_col-sm-4\"><div class=\"vc_column-inner\"><div class=\"wpb_wrapper\"><\/div><\/div><\/div><\/div><div class=\"vc_row wpb_row vc_inner vc_row-fluid wpex-relative\"><div class=\"wpb_column vc_column_container vc_col-sm-12\"><div class=\"vc_column-inner\"><div class=\"wpb_wrapper\"><div class=\"vc_empty_space\"   style=\"height: 32px\"><span class=\"vc_empty_space_inner\"><\/span><\/div><\/div><\/div><\/div><\/div><div class=\"vc_row wpb_row vc_inner vc_row-fluid wpex-relative\"><div class=\"wpb_column vc_column_container vc_col-sm-12\"><div class=\"vc_column-inner\"><div class=\"wpb_wrapper\"><style>.vcex-heading.vcex_69e2ff913ad47{color:#543287;}.vcex-heading.vcex_69e2ff913ad47:hover{color:#543287;}<\/style><h2 class=\"vcex-heading vcex-heading-plain vcex-module wpex-heading wpex-text-2xl vcex_69e2ff913ad47\"><span class=\"vcex-heading-inner wpex-inline-block\">Le nostre tariffe<\/span><\/h2><\/div><\/div><\/div><\/div><div class=\"vc_row wpb_row vc_inner vc_row-fluid wpex-relative\"><div class=\"wpb_column vc_column_container vc_col-sm-12\"><div class=\"vc_column-inner\"><div class=\"wpb_wrapper\"><section ><div id=\"vc-pricing-table-69e2ff913aefb\" class=\"vc_general wpb-pricing-table\"><h3 class=\"wpb-plan-title\">Trattamento con le ciotole per il canto<\/h2><p class=\"wpb-plan-description\"><\/p><div class=\"wpb-price-container\"><sup class=\"wpb-currency\">\u20ac<\/sup><strong class=\"wpb-price\">95<\/strong><sub class=\"wpb-period\"><\/sub><\/div><div class=\"vc_btn3-container vc_btn3-center\" ><a style=\"background-color:#543287; color:#ffffff;\" class=\"vc_general vc_btn3 vc_btn3-size-md vc_btn3-shape-rounded vc_btn3-style-custom vc_btn3-block\" href=\"https:\/\/holistischcentrum-brabant.nl\/it\/fissare-un-appuntamento\/\" title=\"\">Fissare un appuntamento<\/a><\/div><ul class=\"wpb-plan-features\">\n<li>La tariffa \u00e8 di 95 euro per +\/- un'ora.<\/li>\n<li>Trattamento di Wilma ter Horst<\/li>\n<\/ul>\n<\/div><\/section><style>#vc-pricing-table-69e2ff913aefb .wpb-plan-features li::before {  content: \"\";  display: inline-block;  margin: 0 10px 0 0; width: 18px;  height: 18px;  vertical-align: middle;  background: url(\"data:image\/svg+xml,%3Csvg xmlns='http:\/\/www.w3.org\/2000\/svg' width='22px' height='22px' viewBox='0 0 22 22' version='1.1'%3E%3Cg id='Page-1' stroke='none' stroke-width='1' fill='none' fill-rule='evenodd'%3E%3Cg id='Artboard' transform='translate(-472.000000, -546.000000)' fill-rule='nonzero'%3E%3Cg id='wpb-pricing-table-element' transform='translate(445.000000, 222.000000)'%3E%3Cg id='bullet' transform='translate(27.000000, 324.000000)'%3E%3Cpath d='M22,10.9999756 C22,17.0751668 17.0751778,22 11,22 C4.92487111,22 0,17.0751668 0,10.9999756 C0,4.92488206 4.92487111,0 11,0 C17.0751778,0 22,4.92488206 22,10.9999756 Z' id='Path' fill='%23543287'\/%3E%3Cpolygon id='Path' fill='%23FFFFFF' transform='translate(11.011123, 9.631788) rotate(-45.000000) translate(-11.011123, -9.631788) ' points='8.39375516 6.63178844 8.39375516 10.0231025 16.2371538 10.0231255 16.2371538 12.6317884 5.78509217 12.6317133 5.78509217 6.63178844'\/%3E%3C\/g%3E%3C\/g%3E%3C\/g%3E%3C\/g%3E%3C\/svg%3E\") center no-repeat;  background-size: 18px; }<\/style><\/div><\/div><\/div><\/div><div class=\"vc_row wpb_row vc_inner vc_row-fluid wpex-relative\"><div class=\"wpb_column vc_column_container vc_col-sm-12\"><div class=\"vc_column-inner\"><div class=\"wpb_wrapper\"><div class=\"vc_empty_space\"   style=\"height: 32px\"><span class=\"vc_empty_space_inner\"><\/span><\/div><\/div><\/div><\/div><\/div><\/div><\/div><\/div><\/div>\n<\/div>","protected":false},"excerpt":{"rendered":"COACHING HYPNOSE SYSTEMISCH ENERGETISCH De oorsprong van de klankschalen Wiki zegt; klankschalen zijn afkomstig uit de Tibetaans boeddhistische\u00a0gebieden in de verschillende staten in de\u00a0Himalaya. Elke klankschaal heeft een eigen karakter,&hellip;","protected":false},"author":5,"featured_media":0,"parent":0,"menu_order":0,"comment_status":"closed","ping_status":"closed","template":"","meta":{"_exactmetrics_skip_tracking":false,"_exactmetrics_sitenote_active":false,"_exactmetrics_sitenote_note":"","_exactmetrics_sitenote_category":0,"footnotes":""},"class_list":["post-7171","page","type-page","status-publish","hentry","entry","no-media"],"yoast_head":"<!-- This site is optimized with the Yoast SEO plugin v27.4 - https:\/\/yoast.com\/product\/yoast-seo-wordpress\/ -->\n<title>Klankschalen - Holistisch Centrum Brabant<\/title>\n<meta name=\"description\" content=\"Het geconcentreerd lezen van een boek, waardoor je de wereld om je heen vergeet, is al hypnose. Bent u benieuwd naar alle mogelijkheden? Bekijk onze website\" \/>\n<meta name=\"robots\" content=\"index, follow, max-snippet:-1, max-image-preview:large, max-video-preview:-1\" \/>\n<link rel=\"canonical\" href=\"https:\/\/holistischcentrum-brabant.nl\/it\/ciotole-per-il-canto\/\" \/>\n<meta property=\"og:locale\" content=\"it_IT\" \/>\n<meta property=\"og:type\" content=\"article\" \/>\n<meta property=\"og:title\" content=\"Klankschalen - Holistisch Centrum Brabant\" \/>\n<meta property=\"og:description\" content=\"Het geconcentreerd lezen van een boek, waardoor je de wereld om je heen vergeet, is al hypnose. Bent u benieuwd naar alle mogelijkheden? Bekijk onze website\" \/>\n<meta property=\"og:url\" content=\"https:\/\/holistischcentrum-brabant.nl\/it\/ciotole-per-il-canto\/\" \/>\n<meta property=\"og:site_name\" content=\"Holistisch Centrum Brabant\" \/>\n<meta property=\"article:publisher\" content=\"https:\/\/www.facebook.com\/holistischcentrumbrabant\" \/>\n<meta property=\"article:modified_time\" content=\"2024-08-25T11:02:35+00:00\" \/>\n<meta name=\"twitter:card\" content=\"summary_large_image\" \/>\n<meta name=\"twitter:label1\" content=\"Tempo di lettura stimato\" \/>\n\t<meta name=\"twitter:data1\" content=\"1 minuto\" \/>\n<script type=\"application\/ld+json\" class=\"yoast-schema-graph\">{\"@context\":\"https:\\\/\\\/schema.org\",\"@graph\":[{\"@type\":\"WebPage\",\"@id\":\"https:\\\/\\\/holistischcentrum-brabant.nl\\\/klankschalen\\\/\",\"url\":\"https:\\\/\\\/holistischcentrum-brabant.nl\\\/klankschalen\\\/\",\"name\":\"Klankschalen - Holistisch Centrum Brabant\",\"isPartOf\":{\"@id\":\"https:\\\/\\\/holistischcentrum-brabant.nl\\\/#website\"},\"datePublished\":\"2024-07-08T13:54:56+00:00\",\"dateModified\":\"2024-08-25T11:02:35+00:00\",\"description\":\"Het geconcentreerd lezen van een boek, waardoor je de wereld om je heen vergeet, is al hypnose. Bent u benieuwd naar alle mogelijkheden? Bekijk onze website\",\"breadcrumb\":{\"@id\":\"https:\\\/\\\/holistischcentrum-brabant.nl\\\/klankschalen\\\/#breadcrumb\"},\"inLanguage\":\"it-IT\",\"potentialAction\":[{\"@type\":\"ReadAction\",\"target\":[\"https:\\\/\\\/holistischcentrum-brabant.nl\\\/klankschalen\\\/\"]}]},{\"@type\":\"BreadcrumbList\",\"@id\":\"https:\\\/\\\/holistischcentrum-brabant.nl\\\/klankschalen\\\/#breadcrumb\",\"itemListElement\":[{\"@type\":\"ListItem\",\"position\":1,\"name\":\"Home\",\"item\":\"https:\\\/\\\/holistischcentrum-brabant.nl\\\/\"},{\"@type\":\"ListItem\",\"position\":2,\"name\":\"Klankschalen\"}]},{\"@type\":\"WebSite\",\"@id\":\"https:\\\/\\\/holistischcentrum-brabant.nl\\\/#website\",\"url\":\"https:\\\/\\\/holistischcentrum-brabant.nl\\\/\",\"name\":\"Holistisch Centrum Brabant\",\"description\":\"\",\"publisher\":{\"@id\":\"https:\\\/\\\/holistischcentrum-brabant.nl\\\/#organization\"},\"potentialAction\":[{\"@type\":\"SearchAction\",\"target\":{\"@type\":\"EntryPoint\",\"urlTemplate\":\"https:\\\/\\\/holistischcentrum-brabant.nl\\\/?s={search_term_string}\"},\"query-input\":{\"@type\":\"PropertyValueSpecification\",\"valueRequired\":true,\"valueName\":\"search_term_string\"}}],\"inLanguage\":\"it-IT\"},{\"@type\":\"Organization\",\"@id\":\"https:\\\/\\\/holistischcentrum-brabant.nl\\\/#organization\",\"name\":\"Holistisch Centrum Brabant\",\"url\":\"https:\\\/\\\/holistischcentrum-brabant.nl\\\/\",\"logo\":{\"@type\":\"ImageObject\",\"inLanguage\":\"it-IT\",\"@id\":\"https:\\\/\\\/holistischcentrum-brabant.nl\\\/#\\\/schema\\\/logo\\\/image\\\/\",\"url\":\"https:\\\/\\\/holistischcentrum-brabant.nl\\\/wp-content\\\/uploads\\\/2024\\\/06\\\/Logo-HCB-hoge-resolutie-1.jpg\",\"contentUrl\":\"https:\\\/\\\/holistischcentrum-brabant.nl\\\/wp-content\\\/uploads\\\/2024\\\/06\\\/Logo-HCB-hoge-resolutie-1.jpg\",\"width\":527,\"height\":205,\"caption\":\"Holistisch Centrum Brabant\"},\"image\":{\"@id\":\"https:\\\/\\\/holistischcentrum-brabant.nl\\\/#\\\/schema\\\/logo\\\/image\\\/\"},\"sameAs\":[\"https:\\\/\\\/www.facebook.com\\\/holistischcentrumbrabant\"]}]}<\/script>\n<!-- \/ Yoast SEO plugin. -->","yoast_head_json":{"title":"Ciotole per il canto - Centro Olistico Brabant","description":"Leggere un libro con concentrazione, facendovi dimenticare il mondo circostante, \u00e8 gi\u00e0 ipnosi. Siete curiosi di conoscere tutte le possibilit\u00e0? Consultate il nostro sito web","robots":{"index":"index","follow":"follow","max-snippet":"max-snippet:-1","max-image-preview":"max-image-preview:large","max-video-preview":"max-video-preview:-1"},"canonical":"https:\/\/holistischcentrum-brabant.nl\/it\/ciotole-per-il-canto\/","og_locale":"it_IT","og_type":"article","og_title":"Klankschalen - Holistisch Centrum Brabant","og_description":"Het geconcentreerd lezen van een boek, waardoor je de wereld om je heen vergeet, is al hypnose. Bent u benieuwd naar alle mogelijkheden? Bekijk onze website","og_url":"https:\/\/holistischcentrum-brabant.nl\/it\/ciotole-per-il-canto\/","og_site_name":"Holistisch Centrum Brabant","article_publisher":"https:\/\/www.facebook.com\/holistischcentrumbrabant","article_modified_time":"2024-08-25T11:02:35+00:00","twitter_card":"summary_large_image","twitter_misc":{"Tempo di lettura stimato":"1 minuto"},"schema":{"@context":"https:\/\/schema.org","@graph":[{"@type":"WebPage","@id":"https:\/\/holistischcentrum-brabant.nl\/klankschalen\/","url":"https:\/\/holistischcentrum-brabant.nl\/klankschalen\/","name":"Ciotole per il canto - Centro Olistico Brabant","isPartOf":{"@id":"https:\/\/holistischcentrum-brabant.nl\/#website"},"datePublished":"2024-07-08T13:54:56+00:00","dateModified":"2024-08-25T11:02:35+00:00","description":"Leggere un libro con concentrazione, facendovi dimenticare il mondo circostante, \u00e8 gi\u00e0 ipnosi. Siete curiosi di conoscere tutte le possibilit\u00e0? Consultate il nostro sito web","breadcrumb":{"@id":"https:\/\/holistischcentrum-brabant.nl\/klankschalen\/#breadcrumb"},"inLanguage":"it-IT","potentialAction":[{"@type":"ReadAction","target":["https:\/\/holistischcentrum-brabant.nl\/klankschalen\/"]}]},{"@type":"BreadcrumbList","@id":"https:\/\/holistischcentrum-brabant.nl\/klankschalen\/#breadcrumb","itemListElement":[{"@type":"ListItem","position":1,"name":"Home","item":"https:\/\/holistischcentrum-brabant.nl\/"},{"@type":"ListItem","position":2,"name":"Klankschalen"}]},{"@type":"WebSite","@id":"https:\/\/holistischcentrum-brabant.nl\/#website","url":"https:\/\/holistischcentrum-brabant.nl\/","name":"Centro olistico Brabant","description":"","publisher":{"@id":"https:\/\/holistischcentrum-brabant.nl\/#organization"},"potentialAction":[{"@type":"SearchAction","target":{"@type":"EntryPoint","urlTemplate":"https:\/\/holistischcentrum-brabant.nl\/?s={search_term_string}"},"query-input":{"@type":"PropertyValueSpecification","valueRequired":true,"valueName":"search_term_string"}}],"inLanguage":"it-IT"},{"@type":"Organization","@id":"https:\/\/holistischcentrum-brabant.nl\/#organization","name":"Centro olistico Brabant","url":"https:\/\/holistischcentrum-brabant.nl\/","logo":{"@type":"ImageObject","inLanguage":"it-IT","@id":"https:\/\/holistischcentrum-brabant.nl\/#\/schema\/logo\/image\/","url":"https:\/\/holistischcentrum-brabant.nl\/wp-content\/uploads\/2024\/06\/Logo-HCB-hoge-resolutie-1.jpg","contentUrl":"https:\/\/holistischcentrum-brabant.nl\/wp-content\/uploads\/2024\/06\/Logo-HCB-hoge-resolutie-1.jpg","width":527,"height":205,"caption":"Holistisch Centrum Brabant"},"image":{"@id":"https:\/\/holistischcentrum-brabant.nl\/#\/schema\/logo\/image\/"},"sameAs":["https:\/\/www.facebook.com\/holistischcentrumbrabant"]}]}},"_links":{"self":[{"href":"https:\/\/holistischcentrum-brabant.nl\/it\/wp-json\/wp\/v2\/pages\/7171","targetHints":{"allow":["GET"]}}],"collection":[{"href":"https:\/\/holistischcentrum-brabant.nl\/it\/wp-json\/wp\/v2\/pages"}],"about":[{"href":"https:\/\/holistischcentrum-brabant.nl\/it\/wp-json\/wp\/v2\/types\/page"}],"author":[{"embeddable":true,"href":"https:\/\/holistischcentrum-brabant.nl\/it\/wp-json\/wp\/v2\/users\/5"}],"replies":[{"embeddable":true,"href":"https:\/\/holistischcentrum-brabant.nl\/it\/wp-json\/wp\/v2\/comments?post=7171"}],"version-history":[{"count":4,"href":"https:\/\/holistischcentrum-brabant.nl\/it\/wp-json\/wp\/v2\/pages\/7171\/revisions"}],"predecessor-version":[{"id":7473,"href":"https:\/\/holistischcentrum-brabant.nl\/it\/wp-json\/wp\/v2\/pages\/7171\/revisions\/7473"}],"wp:attachment":[{"href":"https:\/\/holistischcentrum-brabant.nl\/it\/wp-json\/wp\/v2\/media?parent=7171"}],"curies":[{"name":"wp","href":"https:\/\/api.w.org\/{rel}","templated":true}]}}