{"id":7175,"date":"2024-07-08T15:57:17","date_gmt":"2024-07-08T13:57:17","guid":{"rendered":"https:\/\/holistischcentrum-brabant.nl\/?page_id=7175"},"modified":"2024-11-20T14:36:48","modified_gmt":"2024-11-20T13:36:48","slug":"spiritualita","status":"publish","type":"page","link":"https:\/\/holistischcentrum-brabant.nl\/it\/spiritualita\/","title":{"rendered":"Spiritualit\u00e0"},"content":{"rendered":"<div class=\"wpb-content-wrapper\"><div class=\"vc_row wpb_row vc_row-fluid wpex-relative\"><div class=\"wpb_column vc_column_container vc_col-sm-12\"><div class=\"vc_column-inner\"><div class=\"wpb_wrapper\"><div class=\"vc_row wpb_row vc_inner vc_row-fluid wpex-relative\"><div class=\"wpb_column vc_column_container vc_col-sm-12\"><div class=\"vc_column-inner\"><div class=\"wpb_wrapper\"><div class=\"templatera_shortcode\"><div class=\"vc_row wpb_row vc_row-fluid vc_custom_1482426130675 wpex-relative\"><div class=\"wpb_column vc_column_container vc_col-sm-3\"><div class=\"vc_column-inner\"><div class=\"wpb_wrapper\"><style>.vcex-icon.vcex_69e2ff30c9b69 .vcex-icon-wrap{color:#e63e23;}.vcex-icon.vcex_69e2ff30c9b69 .vcex-icon-wrap:hover{color:#ed6719;}<\/style><div class=\"vcex-icon vcex-module vcex-icon-medium wpex-text-center vcex_69e2ff30c9b69\"><a href=\"https:\/\/holistischcentrum-brabant.nl\/it\/coaching\/\" class=\"vcex-icon-link wpex-no-underline wpex-text-current wpex-hover-text-current\"><div class=\"vcex-icon-wrap wpex-inline-flex wpex-items-center wpex-justify-center wpex-leading-none wpex-transition-colors wpex-duration-200\"><span aria-hidden=\"true\" class=\"vc-oi vc-oi-chat\"><\/span><\/div><\/a><\/div><style>.vcex-button.vcex_69e2ff30c9d57{background:#ffffff;color:#e63e23!important;font-size:20px;font-weight:700;}.vcex-button.vcex_69e2ff30c9d57:hover{background:#ffffff!important;color:#ed6719!important;}<\/style><div class=\"theme-button-wrap textcenter wpex-clr\"><a href=\"https:\/\/holistischcentrum-brabant.nl\/it\/coaching\/\" class=\"vcex-button theme-button align-center inline vcex_69e2ff30c9d57\"><span class=\"vcex-button-inner theme-button-inner wpex-flex wpex-flex-wrap wpex-items-center wpex-justify-center\">ALLENAMENTO<\/span><\/a><\/div> <\/div><\/div><\/div><div class=\"wpb_column vc_column_container vc_col-sm-3\"><div class=\"vc_column-inner\"><div class=\"wpb_wrapper\"><style>.vcex-icon.vcex_69e2ff30c9f83 .vcex-icon-wrap{color:#f9c90b;}.vcex-icon.vcex_69e2ff30c9f83 .vcex-icon-wrap:hover{color:#fad90b;}<\/style><div class=\"vcex-icon vcex-module vcex-icon-medium wpex-text-center vcex_69e2ff30c9f83\"><a href=\"https:\/\/holistischcentrum-brabant.nl\/it\/ipnosi\/\" class=\"vcex-icon-link wpex-no-underline wpex-text-current wpex-hover-text-current\"><div class=\"vcex-icon-wrap wpex-inline-flex wpex-items-center wpex-justify-center wpex-leading-none wpex-transition-colors wpex-duration-200\"><span aria-hidden=\"true\" class=\"vc-oi vc-oi-aperture\"><\/span><\/div><\/a><\/div><style>.vcex-button.vcex_69e2ff30ca115{background:#ffffff;color:#f9c90b!important;font-size:20px;font-weight:700;}.vcex-button.vcex_69e2ff30ca115:hover{background:#ffffff!important;color:#fad90b!important;}<\/style><div class=\"theme-button-wrap textcenter wpex-clr\"><a href=\"https:\/\/holistischcentrum-brabant.nl\/it\/ipnosi\/\" class=\"vcex-button theme-button align-center inline vcex_69e2ff30ca115\"><span class=\"vcex-button-inner theme-button-inner wpex-flex wpex-flex-wrap wpex-items-center wpex-justify-center\">IPNOSI<\/span><\/a><\/div> <\/div><\/div><\/div><div class=\"wpb_column vc_column_container vc_col-sm-3\"><div class=\"vc_column-inner\"><div class=\"wpb_wrapper\"><style>.vcex-icon.vcex_69e2ff30ca2fb .vcex-icon-wrap{color:#56b13d;}.vcex-icon.vcex_69e2ff30ca2fb .vcex-icon-wrap:hover{color:#accf20;}<\/style><div class=\"vcex-icon vcex-module vcex-icon-medium wpex-text-center vcex_69e2ff30ca2fb\"><a href=\"https:\/\/holistischcentrum-brabant.nl\/it\/spiritualita\/\" class=\"vcex-icon-link wpex-no-underline wpex-text-current wpex-hover-text-current\"><div class=\"vcex-icon-wrap wpex-inline-flex wpex-items-center wpex-justify-center wpex-leading-none wpex-transition-colors wpex-duration-200\"><span aria-hidden=\"true\" class=\"entypo-icon entypo-icon-users\"><\/span><\/div><\/a><\/div><style>.vcex-button.vcex_69e2ff30ca473{background:#ffffff;color:#56b13d!important;font-size:20px;font-weight:700;}.vcex-button.vcex_69e2ff30ca473:hover{background:#ffffff!important;color:#accf20!important;}<\/style><div class=\"theme-button-wrap textcenter wpex-clr\"><a href=\"https:\/\/holistischcentrum-brabant.nl\/it\/spiritualita\/\" class=\"vcex-button theme-button align-center inline vcex_69e2ff30ca473\"><span class=\"vcex-button-inner theme-button-inner wpex-flex wpex-flex-wrap wpex-items-center wpex-justify-center\">SISTEMICO<\/span><\/a><\/div> <\/div><\/div><\/div><div class=\"wpb_column vc_column_container vc_col-sm-3\"><div class=\"vc_column-inner\"><div class=\"wpb_wrapper\"><style>.vcex-icon.vcex_69e2ff30ca64a .vcex-icon-wrap{color:#543287;}.vcex-icon.vcex_69e2ff30ca64a .vcex-icon-wrap:hover{color:#843e90;}<\/style><div class=\"vcex-icon vcex-module vcex-icon-medium wpex-text-center vcex_69e2ff30ca64a\"><a href=\"https:\/\/holistischcentrum-brabant.nl\/it\/trattamento-energetico\/\" class=\"vcex-icon-link wpex-no-underline wpex-text-current wpex-hover-text-current\"><div class=\"vcex-icon-wrap wpex-inline-flex wpex-items-center wpex-justify-center wpex-leading-none wpex-transition-colors wpex-duration-200\"><span aria-hidden=\"true\" class=\"fas fa-feather-alt\"><\/span><\/div><\/a><\/div><style>.vcex-button.vcex_69e2ff30ca7bc{background:#ffffff;color:#543287!important;font-size:20px;font-weight:700;}.vcex-button.vcex_69e2ff30ca7bc:hover{background:#ffffff!important;color:#843e90!important;}<\/style><div class=\"theme-button-wrap textcenter wpex-clr\"><a href=\"https:\/\/holistischcentrum-brabant.nl\/it\/trattamento-energetico\/\" class=\"vcex-button theme-button align-center inline vcex_69e2ff30ca7bc\"><span class=\"vcex-button-inner theme-button-inner wpex-flex wpex-flex-wrap wpex-items-center wpex-justify-center\">ENERGETICO<\/span><\/a><\/div> <\/div><\/div><\/div><\/div><\/div><\/div><\/div><\/div><\/div><\/div><\/div><\/div><\/div><div class=\"vc_row wpb_row vc_row-fluid vc_row-o-equal-height vc_row-flex wpex-relative\"><div class=\"wpb_column vc_column_container vc_col-sm-8\"><div class=\"vc_column-inner\"><div class=\"wpb_wrapper\"><style>.vcex-heading.vcex_69e2ff30caae1{color:#543287;}<\/style><h2 class=\"vcex-heading vcex-heading-plain vcex-module wpex-heading wpex-text-2xl wpex-mb-20 vcex_69e2ff30caae1\"><span class=\"vcex-heading-inner wpex-inline-block\">Cosa intendiamo per spiritualit\u00e0<\/span><\/h2>\n\t<div class=\"wpb_text_column wpb_content_element\" >\n\t\t<div class=\"wpb_wrapper\">\n\t\t\t<p>La spiritualit\u00e0, nella sua accezione pi\u00f9 ampia, ha a che fare con questioni che coinvolgono la mente (spiritus in latino) e quindi la parola viene usata in molti significati.<\/p>\n<p>La usiamo su questo sito come una rubrica per quegli argomenti che spesso sono sfuggenti. Il nostro punto di vista \u00e8 che non esiste una verit\u00e0 assoluta. Per questo motivo, siamo anche non religiosi: non c'\u00e8 una \u201cvia migliore\u201d, c'\u00e8 solo la vostra via. Un altro elemento di questa spiritualit\u00e0 \u00e8 la convinzione che siamo tutti energia e siamo un tutt'uno con il nostro corpo (un'unit\u00e0 cibernetica). Perci\u00f2 alcune forme di trattamento lavorano con le vibrazioni, l'energia o l'acqua del corpo.<\/p>\n\n\t\t<\/div>\n\t<\/div>\n<style>.vcex-button.vcex_69e2ff30cacdf{background:#543287;margin-block-start:10px;}.vcex-button.vcex_69e2ff30cacdf:hover{background:#843e90!important;}<\/style><a href=\"https:\/\/holistischcentrum-brabant.nl\/it\/fissare-un-appuntamento\/\" class=\"vcex-button theme-button inline vcex_69e2ff30cacdf\"><span class=\"vcex-button-inner theme-button-inner wpex-flex wpex-flex-wrap wpex-items-center wpex-justify-center\">Fissare un appuntamento <\/span><\/a> <\/div><\/div><\/div><div class=\"wpb_column vc_column_container vc_col-sm-4\"><div class=\"vc_column-inner\"><div class=\"wpb_wrapper\"><figure class=\"vcex-image vcex-module\"><div class=\"vcex-image-inner wpex-relative wpex-inline-block\"><img width=\"1280\" height=\"1024\" src=\"https:\/\/holistischcentrum-brabant.nl\/wp-content\/uploads\/2023\/01\/4156161.jpeg\" class=\"vcex-image-img wpex-align-middle\" alt=\"\" loading=\"lazy\" decoding=\"async\" srcset=\"https:\/\/holistischcentrum-brabant.nl\/wp-content\/uploads\/2023\/01\/4156161.jpeg 1280w, https:\/\/holistischcentrum-brabant.nl\/wp-content\/uploads\/2023\/01\/4156161-300x240.jpeg 300w, https:\/\/holistischcentrum-brabant.nl\/wp-content\/uploads\/2023\/01\/4156161-1024x819.jpeg 1024w, https:\/\/holistischcentrum-brabant.nl\/wp-content\/uploads\/2023\/01\/4156161-768x614.jpeg 768w\" sizes=\"auto, (max-width: 1280px) 100vw, 1280px\" \/><\/div><\/figure><\/div><\/div><\/div><\/div><div class=\"vc_row wpb_row vc_row-fluid vc_custom_1709821581691 wpex-relative\"><div class=\"wpb_column vc_column_container vc_col-sm-12\"><div class=\"vc_column-inner\"><div class=\"wpb_wrapper\"><style>.vcex-heading.vcex_69e2ff30cb2e7{color:#543287;}<\/style><h2 class=\"vcex-heading vcex-heading-plain vcex-module wpex-heading wpex-text-2xl wpex-mt-30 wpex-mb-20 wpex-text-left vcex_69e2ff30cb2e7\"><span class=\"vcex-heading-inner wpex-inline-block\">Le nostre camere di trattamento pi\u00f9 richieste sono:<\/span><\/h2><div class=\"vcex-module vcex-bullets vcex-bullets--vertical vcex-bullets-check\">\n<ul role=\"list\">\n<li>Medio<\/li>\n<li>Guarigione<\/li>\n<li>Lettura<\/li>\n<\/ul>\n<\/div><div class=\"vc_empty_space\"   style=\"height: 32px\"><span class=\"vc_empty_space_inner\"><\/span><\/div><\/div><\/div><\/div><\/div><div class=\"vc_row wpb_row vc_row-fluid wpex-relative\"><div class=\"wpb_column vc_column_container vc_col-sm-12\"><div class=\"vc_column-inner\"><div class=\"wpb_wrapper\"><style>.vcex-heading.vcex_69e2ff30cb6a5{color:#543287;}<\/style><h3 class=\"vcex-heading vcex-heading-plain vcex-module wpex-heading wpex-text-2xl wpex-mb-20 vcex_69e2ff30cb6a5\"><span class=\"vcex-heading-inner wpex-inline-block\">Chi \u00e8 il vostro interlocutore?<\/span><\/h3><div class=\"vc_row wpb_row vc_inner vc_row-fluid vc_row-o-equal-height vc_row-flex wpex-relative\"><div class=\"wpb_column vc_column_container vc_col-sm-4\"><div class=\"vc_column-inner\"><div class=\"wpb_wrapper\"><figure class=\"vcex-image vcex-module\"><div class=\"vcex-image-inner wpex-relative wpex-inline-block\"><img width=\"2560\" height=\"1707\" src=\"https:\/\/holistischcentrum-brabant.nl\/wp-content\/uploads\/2022\/08\/holistischcentrum-6366-scaled.jpg\" class=\"vcex-image-img wpex-align-middle\" alt=\"\" loading=\"lazy\" decoding=\"async\" srcset=\"https:\/\/holistischcentrum-brabant.nl\/wp-content\/uploads\/2022\/08\/holistischcentrum-6366-scaled.jpg 2560w, https:\/\/holistischcentrum-brabant.nl\/wp-content\/uploads\/2022\/08\/holistischcentrum-6366-300x200.jpg 300w, https:\/\/holistischcentrum-brabant.nl\/wp-content\/uploads\/2022\/08\/holistischcentrum-6366-1024x683.jpg 1024w, https:\/\/holistischcentrum-brabant.nl\/wp-content\/uploads\/2022\/08\/holistischcentrum-6366-768x512.jpg 768w, https:\/\/holistischcentrum-brabant.nl\/wp-content\/uploads\/2022\/08\/holistischcentrum-6366-1536x1024.jpg 1536w, https:\/\/holistischcentrum-brabant.nl\/wp-content\/uploads\/2022\/08\/holistischcentrum-6366-2048x1365.jpg 2048w\" sizes=\"auto, (max-width: 2560px) 100vw, 2560px\" \/><\/div><\/figure>\n\t<div style=\"font-size:16px;\" class=\"wpb_text_column wpb_content_element\" >\n\t\t<div class=\"wpb_wrapper\">\n\t\t\t<p>Wilma ter Horst<\/p>\n\n\t\t<\/div>\n\t<\/div>\n<\/div><\/div><\/div><div class=\"wpb_column vc_column_container vc_col-sm-4\"><div class=\"vc_column-inner\"><div class=\"wpb_wrapper\"><\/div><\/div><\/div><div class=\"wpb_column vc_column_container vc_col-sm-4\"><div class=\"vc_column-inner\"><div class=\"wpb_wrapper\"><\/div><\/div><\/div><\/div><\/div><\/div><\/div><\/div>\n<\/div>","protected":false},"excerpt":{"rendered":"COACHING HYPNOSE SYSTEMISCH ENERGETISCH Wat verstaan we onder spiritualiteit Spiritualiteit heeft in de breedste zin te maken met zaken die de geest (Latijn spiritus) betreffen en dus wordt het woord&hellip;","protected":false},"author":5,"featured_media":0,"parent":0,"menu_order":0,"comment_status":"closed","ping_status":"closed","template":"","meta":{"_exactmetrics_skip_tracking":false,"_exactmetrics_sitenote_active":false,"_exactmetrics_sitenote_note":"","_exactmetrics_sitenote_category":0,"footnotes":""},"class_list":["post-7175","page","type-page","status-publish","hentry","entry","no-media"],"yoast_head":"<!-- This site is optimized with the Yoast SEO plugin v27.4 - https:\/\/yoast.com\/product\/yoast-seo-wordpress\/ -->\n<title>Spiritualiteit - Holistisch Centrum Brabant<\/title>\n<meta name=\"description\" content=\"Het geconcentreerd lezen van een boek, waardoor je de wereld om je heen vergeet, is al hypnose. Bent u benieuwd naar alle mogelijkheden? Bekijk onze website\" \/>\n<meta name=\"robots\" content=\"index, follow, max-snippet:-1, max-image-preview:large, max-video-preview:-1\" \/>\n<link rel=\"canonical\" href=\"https:\/\/holistischcentrum-brabant.nl\/it\/spiritualita\/\" \/>\n<meta property=\"og:locale\" content=\"it_IT\" \/>\n<meta property=\"og:type\" content=\"article\" \/>\n<meta property=\"og:title\" content=\"Spiritualiteit - Holistisch Centrum Brabant\" \/>\n<meta property=\"og:description\" content=\"Het geconcentreerd lezen van een boek, waardoor je de wereld om je heen vergeet, is al hypnose. Bent u benieuwd naar alle mogelijkheden? Bekijk onze website\" \/>\n<meta property=\"og:url\" content=\"https:\/\/holistischcentrum-brabant.nl\/it\/spiritualita\/\" \/>\n<meta property=\"og:site_name\" content=\"Holistisch Centrum Brabant\" \/>\n<meta property=\"article:publisher\" content=\"https:\/\/www.facebook.com\/holistischcentrumbrabant\" \/>\n<meta property=\"article:modified_time\" content=\"2024-11-20T13:36:48+00:00\" \/>\n<meta name=\"twitter:card\" content=\"summary_large_image\" \/>\n<meta name=\"twitter:label1\" content=\"Tempo di lettura stimato\" \/>\n\t<meta name=\"twitter:data1\" content=\"2 minuti\" \/>\n<script type=\"application\/ld+json\" class=\"yoast-schema-graph\">{\"@context\":\"https:\\\/\\\/schema.org\",\"@graph\":[{\"@type\":\"WebPage\",\"@id\":\"https:\\\/\\\/holistischcentrum-brabant.nl\\\/spiritualiteit\\\/\",\"url\":\"https:\\\/\\\/holistischcentrum-brabant.nl\\\/spiritualiteit\\\/\",\"name\":\"Spiritualiteit - Holistisch Centrum Brabant\",\"isPartOf\":{\"@id\":\"https:\\\/\\\/holistischcentrum-brabant.nl\\\/#website\"},\"datePublished\":\"2024-07-08T13:57:17+00:00\",\"dateModified\":\"2024-11-20T13:36:48+00:00\",\"description\":\"Het geconcentreerd lezen van een boek, waardoor je de wereld om je heen vergeet, is al hypnose. Bent u benieuwd naar alle mogelijkheden? Bekijk onze website\",\"breadcrumb\":{\"@id\":\"https:\\\/\\\/holistischcentrum-brabant.nl\\\/spiritualiteit\\\/#breadcrumb\"},\"inLanguage\":\"it-IT\",\"potentialAction\":[{\"@type\":\"ReadAction\",\"target\":[\"https:\\\/\\\/holistischcentrum-brabant.nl\\\/spiritualiteit\\\/\"]}]},{\"@type\":\"BreadcrumbList\",\"@id\":\"https:\\\/\\\/holistischcentrum-brabant.nl\\\/spiritualiteit\\\/#breadcrumb\",\"itemListElement\":[{\"@type\":\"ListItem\",\"position\":1,\"name\":\"Home\",\"item\":\"https:\\\/\\\/holistischcentrum-brabant.nl\\\/\"},{\"@type\":\"ListItem\",\"position\":2,\"name\":\"Spiritualiteit\"}]},{\"@type\":\"WebSite\",\"@id\":\"https:\\\/\\\/holistischcentrum-brabant.nl\\\/#website\",\"url\":\"https:\\\/\\\/holistischcentrum-brabant.nl\\\/\",\"name\":\"Holistisch Centrum Brabant\",\"description\":\"\",\"publisher\":{\"@id\":\"https:\\\/\\\/holistischcentrum-brabant.nl\\\/#organization\"},\"potentialAction\":[{\"@type\":\"SearchAction\",\"target\":{\"@type\":\"EntryPoint\",\"urlTemplate\":\"https:\\\/\\\/holistischcentrum-brabant.nl\\\/?s={search_term_string}\"},\"query-input\":{\"@type\":\"PropertyValueSpecification\",\"valueRequired\":true,\"valueName\":\"search_term_string\"}}],\"inLanguage\":\"it-IT\"},{\"@type\":\"Organization\",\"@id\":\"https:\\\/\\\/holistischcentrum-brabant.nl\\\/#organization\",\"name\":\"Holistisch Centrum Brabant\",\"url\":\"https:\\\/\\\/holistischcentrum-brabant.nl\\\/\",\"logo\":{\"@type\":\"ImageObject\",\"inLanguage\":\"it-IT\",\"@id\":\"https:\\\/\\\/holistischcentrum-brabant.nl\\\/#\\\/schema\\\/logo\\\/image\\\/\",\"url\":\"https:\\\/\\\/holistischcentrum-brabant.nl\\\/wp-content\\\/uploads\\\/2024\\\/06\\\/Logo-HCB-hoge-resolutie-1.jpg\",\"contentUrl\":\"https:\\\/\\\/holistischcentrum-brabant.nl\\\/wp-content\\\/uploads\\\/2024\\\/06\\\/Logo-HCB-hoge-resolutie-1.jpg\",\"width\":527,\"height\":205,\"caption\":\"Holistisch Centrum Brabant\"},\"image\":{\"@id\":\"https:\\\/\\\/holistischcentrum-brabant.nl\\\/#\\\/schema\\\/logo\\\/image\\\/\"},\"sameAs\":[\"https:\\\/\\\/www.facebook.com\\\/holistischcentrumbrabant\"]}]}<\/script>\n<!-- \/ Yoast SEO plugin. -->","yoast_head_json":{"title":"Spiritualit\u00e0 - Centro Olistico Brabant","description":"Leggere un libro con concentrazione, facendovi dimenticare il mondo circostante, \u00e8 gi\u00e0 ipnosi. Siete curiosi di conoscere tutte le possibilit\u00e0? Consultate il nostro sito web","robots":{"index":"index","follow":"follow","max-snippet":"max-snippet:-1","max-image-preview":"max-image-preview:large","max-video-preview":"max-video-preview:-1"},"canonical":"https:\/\/holistischcentrum-brabant.nl\/it\/spiritualita\/","og_locale":"it_IT","og_type":"article","og_title":"Spiritualiteit - Holistisch Centrum Brabant","og_description":"Het geconcentreerd lezen van een boek, waardoor je de wereld om je heen vergeet, is al hypnose. Bent u benieuwd naar alle mogelijkheden? Bekijk onze website","og_url":"https:\/\/holistischcentrum-brabant.nl\/it\/spiritualita\/","og_site_name":"Holistisch Centrum Brabant","article_publisher":"https:\/\/www.facebook.com\/holistischcentrumbrabant","article_modified_time":"2024-11-20T13:36:48+00:00","twitter_card":"summary_large_image","twitter_misc":{"Tempo di lettura stimato":"2 minuti"},"schema":{"@context":"https:\/\/schema.org","@graph":[{"@type":"WebPage","@id":"https:\/\/holistischcentrum-brabant.nl\/spiritualiteit\/","url":"https:\/\/holistischcentrum-brabant.nl\/spiritualiteit\/","name":"Spiritualit\u00e0 - Centro Olistico Brabant","isPartOf":{"@id":"https:\/\/holistischcentrum-brabant.nl\/#website"},"datePublished":"2024-07-08T13:57:17+00:00","dateModified":"2024-11-20T13:36:48+00:00","description":"Leggere un libro con concentrazione, facendovi dimenticare il mondo circostante, \u00e8 gi\u00e0 ipnosi. Siete curiosi di conoscere tutte le possibilit\u00e0? Consultate il nostro sito web","breadcrumb":{"@id":"https:\/\/holistischcentrum-brabant.nl\/spiritualiteit\/#breadcrumb"},"inLanguage":"it-IT","potentialAction":[{"@type":"ReadAction","target":["https:\/\/holistischcentrum-brabant.nl\/spiritualiteit\/"]}]},{"@type":"BreadcrumbList","@id":"https:\/\/holistischcentrum-brabant.nl\/spiritualiteit\/#breadcrumb","itemListElement":[{"@type":"ListItem","position":1,"name":"Home","item":"https:\/\/holistischcentrum-brabant.nl\/"},{"@type":"ListItem","position":2,"name":"Spiritualiteit"}]},{"@type":"WebSite","@id":"https:\/\/holistischcentrum-brabant.nl\/#website","url":"https:\/\/holistischcentrum-brabant.nl\/","name":"Centro olistico Brabant","description":"","publisher":{"@id":"https:\/\/holistischcentrum-brabant.nl\/#organization"},"potentialAction":[{"@type":"SearchAction","target":{"@type":"EntryPoint","urlTemplate":"https:\/\/holistischcentrum-brabant.nl\/?s={search_term_string}"},"query-input":{"@type":"PropertyValueSpecification","valueRequired":true,"valueName":"search_term_string"}}],"inLanguage":"it-IT"},{"@type":"Organization","@id":"https:\/\/holistischcentrum-brabant.nl\/#organization","name":"Centro olistico Brabant","url":"https:\/\/holistischcentrum-brabant.nl\/","logo":{"@type":"ImageObject","inLanguage":"it-IT","@id":"https:\/\/holistischcentrum-brabant.nl\/#\/schema\/logo\/image\/","url":"https:\/\/holistischcentrum-brabant.nl\/wp-content\/uploads\/2024\/06\/Logo-HCB-hoge-resolutie-1.jpg","contentUrl":"https:\/\/holistischcentrum-brabant.nl\/wp-content\/uploads\/2024\/06\/Logo-HCB-hoge-resolutie-1.jpg","width":527,"height":205,"caption":"Holistisch Centrum Brabant"},"image":{"@id":"https:\/\/holistischcentrum-brabant.nl\/#\/schema\/logo\/image\/"},"sameAs":["https:\/\/www.facebook.com\/holistischcentrumbrabant"]}]}},"_links":{"self":[{"href":"https:\/\/holistischcentrum-brabant.nl\/it\/wp-json\/wp\/v2\/pages\/7175","targetHints":{"allow":["GET"]}}],"collection":[{"href":"https:\/\/holistischcentrum-brabant.nl\/it\/wp-json\/wp\/v2\/pages"}],"about":[{"href":"https:\/\/holistischcentrum-brabant.nl\/it\/wp-json\/wp\/v2\/types\/page"}],"author":[{"embeddable":true,"href":"https:\/\/holistischcentrum-brabant.nl\/it\/wp-json\/wp\/v2\/users\/5"}],"replies":[{"embeddable":true,"href":"https:\/\/holistischcentrum-brabant.nl\/it\/wp-json\/wp\/v2\/comments?post=7175"}],"version-history":[{"count":5,"href":"https:\/\/holistischcentrum-brabant.nl\/it\/wp-json\/wp\/v2\/pages\/7175\/revisions"}],"predecessor-version":[{"id":7787,"href":"https:\/\/holistischcentrum-brabant.nl\/it\/wp-json\/wp\/v2\/pages\/7175\/revisions\/7787"}],"wp:attachment":[{"href":"https:\/\/holistischcentrum-brabant.nl\/it\/wp-json\/wp\/v2\/media?parent=7175"}],"curies":[{"name":"wp","href":"https:\/\/api.w.org\/{rel}","templated":true}]}}