{"id":7468,"date":"2024-08-25T12:27:36","date_gmt":"2024-08-25T10:27:36","guid":{"rendered":"https:\/\/holistischcentrum-brabant.nl\/?page_id=7468"},"modified":"2024-11-20T14:27:49","modified_gmt":"2024-11-20T13:27:49","slug":"quantum-touch-2","status":"publish","type":"page","link":"https:\/\/holistischcentrum-brabant.nl\/it\/quantum-touch-2\/","title":{"rendered":"Tocco Quantico"},"content":{"rendered":"<div class=\"wpb-content-wrapper\"><div class=\"vc_row wpb_row vc_row-fluid wpex-relative\"><div class=\"wpb_column vc_column_container vc_col-sm-12\"><div class=\"vc_column-inner\"><div class=\"wpb_wrapper\"><div class=\"vc_row wpb_row vc_inner vc_row-fluid wpex-relative\"><div class=\"wpb_column vc_column_container vc_col-sm-12\"><div class=\"vc_column-inner\"><div class=\"wpb_wrapper\"><div class=\"templatera_shortcode\"><div class=\"vc_row wpb_row vc_row-fluid vc_custom_1482426130675 wpex-relative\"><div class=\"wpb_column vc_column_container vc_col-sm-3\"><div class=\"vc_column-inner\"><div class=\"wpb_wrapper\"><style>.vcex-icon.vcex_69e48632ed543 .vcex-icon-wrap{color:#e63e23;}.vcex-icon.vcex_69e48632ed543 .vcex-icon-wrap:hover{color:#ed6719;}<\/style><div class=\"vcex-icon vcex-module vcex-icon-medium wpex-text-center vcex_69e48632ed543\"><a href=\"https:\/\/holistischcentrum-brabant.nl\/it\/coaching\/\" class=\"vcex-icon-link wpex-no-underline wpex-text-current wpex-hover-text-current\"><div class=\"vcex-icon-wrap wpex-inline-flex wpex-items-center wpex-justify-center wpex-leading-none wpex-transition-colors wpex-duration-200\"><span aria-hidden=\"true\" class=\"vc-oi vc-oi-chat\"><\/span><\/div><\/a><\/div><style>.vcex-button.vcex_69e48632ed7b4{background:#ffffff;color:#e63e23!important;font-size:20px;font-weight:700;}.vcex-button.vcex_69e48632ed7b4:hover{background:#ffffff!important;color:#ed6719!important;}<\/style><div class=\"theme-button-wrap textcenter wpex-clr\"><a href=\"https:\/\/holistischcentrum-brabant.nl\/it\/coaching\/\" class=\"vcex-button theme-button align-center inline vcex_69e48632ed7b4\"><span class=\"vcex-button-inner theme-button-inner wpex-flex wpex-flex-wrap wpex-items-center wpex-justify-center\">ALLENAMENTO<\/span><\/a><\/div> <\/div><\/div><\/div><div class=\"wpb_column vc_column_container vc_col-sm-3\"><div class=\"vc_column-inner\"><div class=\"wpb_wrapper\"><style>.vcex-icon.vcex_69e48632eda83 .vcex-icon-wrap{color:#f9c90b;}.vcex-icon.vcex_69e48632eda83 .vcex-icon-wrap:hover{color:#fad90b;}<\/style><div class=\"vcex-icon vcex-module vcex-icon-medium wpex-text-center vcex_69e48632eda83\"><a href=\"https:\/\/holistischcentrum-brabant.nl\/it\/ipnosi\/\" class=\"vcex-icon-link wpex-no-underline wpex-text-current wpex-hover-text-current\"><div class=\"vcex-icon-wrap wpex-inline-flex wpex-items-center wpex-justify-center wpex-leading-none wpex-transition-colors wpex-duration-200\"><span aria-hidden=\"true\" class=\"vc-oi vc-oi-aperture\"><\/span><\/div><\/a><\/div><style>.vcex-button.vcex_69e48632edc0e{background:#ffffff;color:#f9c90b!important;font-size:20px;font-weight:700;}.vcex-button.vcex_69e48632edc0e:hover{background:#ffffff!important;color:#fad90b!important;}<\/style><div class=\"theme-button-wrap textcenter wpex-clr\"><a href=\"https:\/\/holistischcentrum-brabant.nl\/it\/ipnosi\/\" class=\"vcex-button theme-button align-center inline vcex_69e48632edc0e\"><span class=\"vcex-button-inner theme-button-inner wpex-flex wpex-flex-wrap wpex-items-center wpex-justify-center\">IPNOSI<\/span><\/a><\/div> <\/div><\/div><\/div><div class=\"wpb_column vc_column_container vc_col-sm-3\"><div class=\"vc_column-inner\"><div class=\"wpb_wrapper\"><style>.vcex-icon.vcex_69e48632eddde .vcex-icon-wrap{color:#56b13d;}.vcex-icon.vcex_69e48632eddde .vcex-icon-wrap:hover{color:#accf20;}<\/style><div class=\"vcex-icon vcex-module vcex-icon-medium wpex-text-center vcex_69e48632eddde\"><a href=\"https:\/\/holistischcentrum-brabant.nl\/it\/spiritualita\/\" class=\"vcex-icon-link wpex-no-underline wpex-text-current wpex-hover-text-current\"><div class=\"vcex-icon-wrap wpex-inline-flex wpex-items-center wpex-justify-center wpex-leading-none wpex-transition-colors wpex-duration-200\"><span aria-hidden=\"true\" class=\"entypo-icon entypo-icon-users\"><\/span><\/div><\/a><\/div><style>.vcex-button.vcex_69e48632edf44{background:#ffffff;color:#56b13d!important;font-size:20px;font-weight:700;}.vcex-button.vcex_69e48632edf44:hover{background:#ffffff!important;color:#accf20!important;}<\/style><div class=\"theme-button-wrap textcenter wpex-clr\"><a href=\"https:\/\/holistischcentrum-brabant.nl\/it\/spiritualita\/\" class=\"vcex-button theme-button align-center inline vcex_69e48632edf44\"><span class=\"vcex-button-inner theme-button-inner wpex-flex wpex-flex-wrap wpex-items-center wpex-justify-center\">SISTEMICO<\/span><\/a><\/div> <\/div><\/div><\/div><div class=\"wpb_column vc_column_container vc_col-sm-3\"><div class=\"vc_column-inner\"><div class=\"wpb_wrapper\"><style>.vcex-icon.vcex_69e48632ee0f6 .vcex-icon-wrap{color:#543287;}.vcex-icon.vcex_69e48632ee0f6 .vcex-icon-wrap:hover{color:#843e90;}<\/style><div class=\"vcex-icon vcex-module vcex-icon-medium wpex-text-center vcex_69e48632ee0f6\"><a href=\"https:\/\/holistischcentrum-brabant.nl\/it\/trattamento-energetico\/\" class=\"vcex-icon-link wpex-no-underline wpex-text-current wpex-hover-text-current\"><div class=\"vcex-icon-wrap wpex-inline-flex wpex-items-center wpex-justify-center wpex-leading-none wpex-transition-colors wpex-duration-200\"><span aria-hidden=\"true\" class=\"fas fa-feather-alt\"><\/span><\/div><\/a><\/div><style>.vcex-button.vcex_69e48632ee24f{background:#ffffff;color:#543287!important;font-size:20px;font-weight:700;}.vcex-button.vcex_69e48632ee24f:hover{background:#ffffff!important;color:#843e90!important;}<\/style><div class=\"theme-button-wrap textcenter wpex-clr\"><a href=\"https:\/\/holistischcentrum-brabant.nl\/it\/trattamento-energetico\/\" class=\"vcex-button theme-button align-center inline vcex_69e48632ee24f\"><span class=\"vcex-button-inner theme-button-inner wpex-flex wpex-flex-wrap wpex-items-center wpex-justify-center\">ENERGETICO<\/span><\/a><\/div> <\/div><\/div><\/div><\/div><\/div><\/div><\/div><\/div><\/div><\/div><\/div><\/div><\/div><div class=\"vc_row wpb_row vc_row-fluid vc_row-o-equal-height vc_row-flex wpex-relative\"><div class=\"wpb_column vc_column_container vc_col-sm-8\"><div class=\"vc_column-inner\"><div class=\"wpb_wrapper\"><style>.vcex-heading.vcex_69e48632ee594{color:#543287;}<\/style><h2 class=\"vcex-heading vcex-heading-plain vcex-module wpex-heading wpex-text-2xl wpex-mb-20 vcex_69e48632ee594\"><span class=\"vcex-heading-inner wpex-inline-block\">Pulsazione olistica, Quantum Touch Reiki?<\/span><\/h2>\n\t<div class=\"wpb_text_column wpb_content_element\" >\n\t\t<div class=\"wpb_wrapper\">\n\t\t\t<p>Il lavoro con l'energia comporta molte tecniche diverse e altrettanti nomi diversi. Per me, tutto funziona insieme e in questa pagina approfondir\u00f2 il termine \u201cpulsazione olistica\u201d. Il punto di partenza di tutte le tecniche \u00e8 stimolare il vostro potere di autoguarigione, in modo da utilizzare la vostra forza interiore.<\/p>\n\n\t\t<\/div>\n\t<\/div>\n<style>.vcex-button.vcex_69e48632ee782{background:#543287;margin-block-start:10px;}.vcex-button.vcex_69e48632ee782:hover{background:#843e90!important;}<\/style><a href=\"https:\/\/holistischcentrum-brabant.nl\/it\/fissare-un-appuntamento\/\" class=\"vcex-button theme-button inline vcex_69e48632ee782\"><span class=\"vcex-button-inner theme-button-inner wpex-flex wpex-flex-wrap wpex-items-center wpex-justify-center\">Fissare un appuntamento <\/span><\/a> <\/div><\/div><\/div><div class=\"wpb_column vc_column_container vc_col-sm-4\"><div class=\"vc_column-inner\"><div class=\"wpb_wrapper\"><figure class=\"vcex-image vcex-module\"><div class=\"vcex-image-inner wpex-relative wpex-inline-block\"><img width=\"2560\" height=\"1707\" src=\"https:\/\/holistischcentrum-brabant.nl\/wp-content\/uploads\/2022\/08\/holistischcentrum-6354-scaled.jpg\" class=\"vcex-image-img wpex-align-middle\" alt=\"\" loading=\"lazy\" decoding=\"async\" srcset=\"https:\/\/holistischcentrum-brabant.nl\/wp-content\/uploads\/2022\/08\/holistischcentrum-6354-scaled.jpg 2560w, https:\/\/holistischcentrum-brabant.nl\/wp-content\/uploads\/2022\/08\/holistischcentrum-6354-300x200.jpg 300w, https:\/\/holistischcentrum-brabant.nl\/wp-content\/uploads\/2022\/08\/holistischcentrum-6354-1024x683.jpg 1024w, https:\/\/holistischcentrum-brabant.nl\/wp-content\/uploads\/2022\/08\/holistischcentrum-6354-768x512.jpg 768w, https:\/\/holistischcentrum-brabant.nl\/wp-content\/uploads\/2022\/08\/holistischcentrum-6354-1536x1024.jpg 1536w, https:\/\/holistischcentrum-brabant.nl\/wp-content\/uploads\/2022\/08\/holistischcentrum-6354-2048x1365.jpg 2048w\" sizes=\"auto, (max-width: 2560px) 100vw, 2560px\" \/><\/div><\/figure><\/div><\/div><\/div><\/div><div class=\"vc_row wpb_row vc_row-fluid vc_custom_1709821581691 wpex-relative\"><div class=\"wpb_column vc_column_container vc_col-sm-12\"><div class=\"vc_column-inner\"><div class=\"wpb_wrapper\"><style>.vcex-heading.vcex_69e48632eee0b{color:#543287;}<\/style><h2 class=\"vcex-heading vcex-heading-plain vcex-module wpex-heading wpex-text-2xl wpex-mt-30 wpex-mb-20 wpex-text-left vcex_69e48632eee0b\"><span class=\"vcex-heading-inner wpex-inline-block\">Impiegabilit\u00e0 del Quantum Touch<\/span><\/h2>\n\t<div style=\"text-align:start;\" class=\"wpb_text_column wpb_content_element\" >\n\t\t<div class=\"wpb_wrapper\">\n\t\t\t<p>Il Quantum Touch appartiene alla medicina alternativa. Pertanto, il mio consiglio \u00e8 sempre quello di consultare anche un medico abituale. Tuttavia, \u00e8 vero che con la medicina alternativa si trovano spesso soluzioni molto rapide, speciali e soprattutto durature. Nella seduta utilizzo il tocco leggero delle mani in diverse posizioni, ma anche tecniche di visualizzazione, respirazione e consapevolezza del corpo. Cos\u00ec facendo, insieme creiamo un campo vibrazionale elevato intorno al punto disturbato. Questa vibrazione ad alta frequenza innesca l'autoguarigione, dove il corpo ne ha bisogno.<\/p>\n<p>\u00c8 un metodo di guarigione amorevole, indolore e potente attraverso le mani, che pu\u00f2 essere applicato a qualsiasi tipo di dolore, infiammazione, malattia o ostacolo alla nostra salute e al nostro benessere emotivo. Durante la sessione, il cliente ha il controllo e inizia a sperimentare sempre di pi\u00f9 ci\u00f2 che gli fa bene.<\/p>\n<p>Oltre alle tecniche del Quantum Touch, nel trattamento utilizzo anche la mia conoscenza ed esperienza con altre forme di lavoro energetico, come il lavoro con il Reiki, la guarigione olistica dei Chakra e dell'Aura pulsante e l'uso del sesto senso. Quest'ultimo pu\u00f2 essere molto utile se il cliente non ha idea dell'origine di certi schemi o disturbi.<\/p>\n<p>Il trattamento \u00e8 molto efficace non solo per i dolori concreti e fisici, ma anche per i problemi pi\u00f9 emotivi. In questi casi, i blocchi vengono rimossi in modo che l'energia possa tornare a fluire liberamente. A volte sono necessari diversi trattamenti, ma nella maggior parte dei casi una sola seduta d\u00e0 risultati immediati.<\/p>\n\n\t\t<\/div>\n\t<\/div>\n<div class=\"vc_empty_space\"   style=\"height: 32px\"><span class=\"vc_empty_space_inner\"><\/span><\/div><\/div><\/div><\/div><\/div><div class=\"vc_row wpb_row vc_row-fluid wpex-relative\"><div class=\"wpb_column vc_column_container vc_col-sm-4\"><div class=\"vc_column-inner\"><div class=\"wpb_wrapper\"><style>.vcex-heading.vcex_69e48632ef16c{color:#543287;}<\/style><h3 class=\"vcex-heading vcex-heading-plain vcex-module wpex-heading wpex-text-2xl wpex-mb-20 vcex_69e48632ef16c\"><span class=\"vcex-heading-inner wpex-inline-block\">Chi \u00e8 il vostro interlocutore?<\/span><\/h3><div class=\"vc_row wpb_row vc_inner vc_row-fluid vc_row-o-equal-height vc_row-flex wpex-relative\"><div class=\"wpb_column vc_column_container vc_col-sm-6\"><div class=\"vc_column-inner\"><div class=\"wpb_wrapper\"><figure class=\"vcex-image vcex-module\"><div class=\"vcex-image-inner wpex-relative wpex-inline-block\"><img width=\"667\" height=\"1000\" src=\"https:\/\/holistischcentrum-brabant.nl\/wp-content\/uploads\/2021\/08\/holistischcentrum-4412LR.jpg\" class=\"vcex-image-img wpex-align-middle\" alt=\"\" loading=\"lazy\" decoding=\"async\" srcset=\"https:\/\/holistischcentrum-brabant.nl\/wp-content\/uploads\/2021\/08\/holistischcentrum-4412LR.jpg 667w, https:\/\/holistischcentrum-brabant.nl\/wp-content\/uploads\/2021\/08\/holistischcentrum-4412LR-200x300.jpg 200w\" sizes=\"auto, (max-width: 667px) 100vw, 667px\" \/><\/div><\/figure>\n\t<div style=\"font-size:16px;\" class=\"wpb_text_column wpb_content_element\" >\n\t\t<div class=\"wpb_wrapper\">\n\t\t\t<p>Wima ter Horst<\/p>\n\n\t\t<\/div>\n\t<\/div>\n<\/div><\/div><\/div><\/div><div class=\"vc_empty_space\"   style=\"height: 32px\"><span class=\"vc_empty_space_inner\"><\/span><\/div><\/div><\/div><\/div><div class=\"wpb_column vc_column_container vc_col-sm-4\"><div class=\"vc_column-inner\"><div class=\"wpb_wrapper\"><\/div><\/div><\/div><div class=\"wpb_column vc_column_container vc_col-sm-4\"><div class=\"vc_column-inner\"><div class=\"wpb_wrapper\"><\/div><\/div><\/div><\/div><div class=\"vc_row wpb_row vc_row-fluid wpex-relative\"><div class=\"wpb_column vc_column_container vc_col-sm-12\"><div class=\"vc_column-inner\"><div class=\"wpb_wrapper\"><div class=\"vc_row wpb_row vc_inner vc_row-fluid wpex-relative\"><div class=\"wpb_column vc_column_container vc_col-sm-12\"><div class=\"vc_column-inner\"><div class=\"wpb_wrapper\"><style>.vcex-heading.vcex_69e48632ef885{color:#543287;}.vcex-heading.vcex_69e48632ef885:hover{color:#543287;}<\/style><h2 class=\"vcex-heading vcex-heading-plain vcex-module wpex-heading wpex-text-2xl vcex_69e48632ef885\"><span class=\"vcex-heading-inner wpex-inline-block\">Le nostre tariffe<\/span><\/h2><\/div><\/div><\/div><\/div><div class=\"vc_row wpb_row vc_inner vc_row-fluid wpex-relative\"><div class=\"wpb_column vc_column_container vc_col-sm-12\"><div class=\"vc_column-inner\"><div class=\"wpb_wrapper\"><section ><div id=\"vc-pricing-table-69e48632efa48\" class=\"vc_general wpb-pricing-table\"><h3 class=\"wpb-plan-title\">Trattamento Quantum Toch<\/h2><p class=\"wpb-plan-description\"><\/p><div class=\"wpb-price-container\"><sup class=\"wpb-currency\">\u20ac<\/sup><strong class=\"wpb-price\">95<\/strong><sub class=\"wpb-period\"><\/sub><\/div><div class=\"vc_btn3-container vc_btn3-center\" ><a style=\"background-color:#543287; color:#ffffff;\" class=\"vc_general vc_btn3 vc_btn3-size-md vc_btn3-shape-rounded vc_btn3-style-custom vc_btn3-block\" href=\"https:\/\/holistischcentrum-brabant.nl\/it\/fissare-un-appuntamento\/\" title=\"\">Fissare un appuntamento<\/a><\/div><ul class=\"wpb-plan-features\">\n<li>La tariffa \u00e8 di 95 euro per +\/- un'ora.<\/li>\n<li>Trattamento di Wilma ter Horst<\/li>\n<\/ul>\n<\/div><\/section><style>#vc-pricing-table-69e48632efa48 .wpb-plan-features li::before {  content: \"\";  display: inline-block;  margin: 0 10px 0 0; width: 18px;  height: 18px;  vertical-align: middle;  background: url(\"data:image\/svg+xml,%3Csvg xmlns='http:\/\/www.w3.org\/2000\/svg' width='22px' height='22px' viewBox='0 0 22 22' version='1.1'%3E%3Cg id='Page-1' stroke='none' stroke-width='1' fill='none' fill-rule='evenodd'%3E%3Cg id='Artboard' transform='translate(-472.000000, -546.000000)' fill-rule='nonzero'%3E%3Cg id='wpb-pricing-table-element' transform='translate(445.000000, 222.000000)'%3E%3Cg id='bullet' transform='translate(27.000000, 324.000000)'%3E%3Cpath d='M22,10.9999756 C22,17.0751668 17.0751778,22 11,22 C4.92487111,22 0,17.0751668 0,10.9999756 C0,4.92488206 4.92487111,0 11,0 C17.0751778,0 22,4.92488206 22,10.9999756 Z' id='Path' fill='%23543287'\/%3E%3Cpolygon id='Path' fill='%23FFFFFF' transform='translate(11.011123, 9.631788) rotate(-45.000000) translate(-11.011123, -9.631788) ' points='8.39375516 6.63178844 8.39375516 10.0231025 16.2371538 10.0231255 16.2371538 12.6317884 5.78509217 12.6317133 5.78509217 6.63178844'\/%3E%3C\/g%3E%3C\/g%3E%3C\/g%3E%3C\/g%3E%3C\/svg%3E\") center no-repeat;  background-size: 18px; }<\/style><\/div><\/div><\/div><\/div><\/div><\/div><\/div><\/div>\n<\/div>","protected":false},"excerpt":{"rendered":"COACHING HYPNOSE SYSTEMISCH ENERGETISCH Holistic Pulsing, Quantum Touch Reiki? In het werken met energie worden vel verschillend technieken gebruikt en even zoveel benamingen. Voor mij werkt het allemaal samen en&hellip;","protected":false},"author":3,"featured_media":0,"parent":0,"menu_order":0,"comment_status":"closed","ping_status":"closed","template":"","meta":{"_exactmetrics_skip_tracking":false,"_exactmetrics_sitenote_active":false,"_exactmetrics_sitenote_note":"","_exactmetrics_sitenote_category":0,"footnotes":""},"class_list":["post-7468","page","type-page","status-publish","hentry","entry","no-media"],"yoast_head":"<!-- This site is optimized with the Yoast SEO plugin v27.4 - https:\/\/yoast.com\/product\/yoast-seo-wordpress\/ -->\n<title>Quantum Touch - Holistisch Centrum Brabant<\/title>\n<meta name=\"description\" content=\"Het geconcentreerd lezen van een boek, waardoor je de wereld om je heen vergeet, is al hypnose. Bent u benieuwd naar alle mogelijkheden? Bekijk onze website\" \/>\n<meta name=\"robots\" content=\"index, follow, max-snippet:-1, max-image-preview:large, max-video-preview:-1\" \/>\n<link rel=\"canonical\" href=\"https:\/\/holistischcentrum-brabant.nl\/it\/quantum-touch-2\/\" \/>\n<meta property=\"og:locale\" content=\"it_IT\" \/>\n<meta property=\"og:type\" content=\"article\" \/>\n<meta property=\"og:title\" content=\"Quantum Touch - Holistisch Centrum Brabant\" \/>\n<meta property=\"og:description\" content=\"Het geconcentreerd lezen van een boek, waardoor je de wereld om je heen vergeet, is al hypnose. Bent u benieuwd naar alle mogelijkheden? Bekijk onze website\" \/>\n<meta property=\"og:url\" content=\"https:\/\/holistischcentrum-brabant.nl\/it\/quantum-touch-2\/\" \/>\n<meta property=\"og:site_name\" content=\"Holistisch Centrum Brabant\" \/>\n<meta property=\"article:publisher\" content=\"https:\/\/www.facebook.com\/holistischcentrumbrabant\" \/>\n<meta property=\"article:modified_time\" content=\"2024-11-20T13:27:49+00:00\" \/>\n<meta name=\"twitter:card\" content=\"summary_large_image\" \/>\n<meta name=\"twitter:label1\" content=\"Tempo di lettura stimato\" \/>\n\t<meta name=\"twitter:data1\" content=\"3 minuti\" \/>\n<script type=\"application\/ld+json\" class=\"yoast-schema-graph\">{\"@context\":\"https:\\\/\\\/schema.org\",\"@graph\":[{\"@type\":\"WebPage\",\"@id\":\"https:\\\/\\\/holistischcentrum-brabant.nl\\\/quantum-touch-2\\\/\",\"url\":\"https:\\\/\\\/holistischcentrum-brabant.nl\\\/quantum-touch-2\\\/\",\"name\":\"Quantum Touch - Holistisch Centrum Brabant\",\"isPartOf\":{\"@id\":\"https:\\\/\\\/holistischcentrum-brabant.nl\\\/#website\"},\"datePublished\":\"2024-08-25T10:27:36+00:00\",\"dateModified\":\"2024-11-20T13:27:49+00:00\",\"description\":\"Het geconcentreerd lezen van een boek, waardoor je de wereld om je heen vergeet, is al hypnose. Bent u benieuwd naar alle mogelijkheden? Bekijk onze website\",\"breadcrumb\":{\"@id\":\"https:\\\/\\\/holistischcentrum-brabant.nl\\\/quantum-touch-2\\\/#breadcrumb\"},\"inLanguage\":\"it-IT\",\"potentialAction\":[{\"@type\":\"ReadAction\",\"target\":[\"https:\\\/\\\/holistischcentrum-brabant.nl\\\/quantum-touch-2\\\/\"]}]},{\"@type\":\"BreadcrumbList\",\"@id\":\"https:\\\/\\\/holistischcentrum-brabant.nl\\\/quantum-touch-2\\\/#breadcrumb\",\"itemListElement\":[{\"@type\":\"ListItem\",\"position\":1,\"name\":\"Home\",\"item\":\"https:\\\/\\\/holistischcentrum-brabant.nl\\\/\"},{\"@type\":\"ListItem\",\"position\":2,\"name\":\"Quantum Touch\"}]},{\"@type\":\"WebSite\",\"@id\":\"https:\\\/\\\/holistischcentrum-brabant.nl\\\/#website\",\"url\":\"https:\\\/\\\/holistischcentrum-brabant.nl\\\/\",\"name\":\"Holistisch Centrum Brabant\",\"description\":\"\",\"publisher\":{\"@id\":\"https:\\\/\\\/holistischcentrum-brabant.nl\\\/#organization\"},\"potentialAction\":[{\"@type\":\"SearchAction\",\"target\":{\"@type\":\"EntryPoint\",\"urlTemplate\":\"https:\\\/\\\/holistischcentrum-brabant.nl\\\/?s={search_term_string}\"},\"query-input\":{\"@type\":\"PropertyValueSpecification\",\"valueRequired\":true,\"valueName\":\"search_term_string\"}}],\"inLanguage\":\"it-IT\"},{\"@type\":\"Organization\",\"@id\":\"https:\\\/\\\/holistischcentrum-brabant.nl\\\/#organization\",\"name\":\"Holistisch Centrum Brabant\",\"url\":\"https:\\\/\\\/holistischcentrum-brabant.nl\\\/\",\"logo\":{\"@type\":\"ImageObject\",\"inLanguage\":\"it-IT\",\"@id\":\"https:\\\/\\\/holistischcentrum-brabant.nl\\\/#\\\/schema\\\/logo\\\/image\\\/\",\"url\":\"https:\\\/\\\/holistischcentrum-brabant.nl\\\/wp-content\\\/uploads\\\/2024\\\/06\\\/Logo-HCB-hoge-resolutie-1.jpg\",\"contentUrl\":\"https:\\\/\\\/holistischcentrum-brabant.nl\\\/wp-content\\\/uploads\\\/2024\\\/06\\\/Logo-HCB-hoge-resolutie-1.jpg\",\"width\":527,\"height\":205,\"caption\":\"Holistisch Centrum Brabant\"},\"image\":{\"@id\":\"https:\\\/\\\/holistischcentrum-brabant.nl\\\/#\\\/schema\\\/logo\\\/image\\\/\"},\"sameAs\":[\"https:\\\/\\\/www.facebook.com\\\/holistischcentrumbrabant\"]}]}<\/script>\n<!-- \/ Yoast SEO plugin. -->","yoast_head_json":{"title":"Quantum Touch - Centro olistico del Brabante","description":"Leggere un libro con concentrazione, facendovi dimenticare il mondo circostante, \u00e8 gi\u00e0 ipnosi. Siete curiosi di conoscere tutte le possibilit\u00e0? Consultate il nostro sito web","robots":{"index":"index","follow":"follow","max-snippet":"max-snippet:-1","max-image-preview":"max-image-preview:large","max-video-preview":"max-video-preview:-1"},"canonical":"https:\/\/holistischcentrum-brabant.nl\/it\/quantum-touch-2\/","og_locale":"it_IT","og_type":"article","og_title":"Quantum Touch - Holistisch Centrum Brabant","og_description":"Het geconcentreerd lezen van een boek, waardoor je de wereld om je heen vergeet, is al hypnose. Bent u benieuwd naar alle mogelijkheden? Bekijk onze website","og_url":"https:\/\/holistischcentrum-brabant.nl\/it\/quantum-touch-2\/","og_site_name":"Holistisch Centrum Brabant","article_publisher":"https:\/\/www.facebook.com\/holistischcentrumbrabant","article_modified_time":"2024-11-20T13:27:49+00:00","twitter_card":"summary_large_image","twitter_misc":{"Tempo di lettura stimato":"3 minuti"},"schema":{"@context":"https:\/\/schema.org","@graph":[{"@type":"WebPage","@id":"https:\/\/holistischcentrum-brabant.nl\/quantum-touch-2\/","url":"https:\/\/holistischcentrum-brabant.nl\/quantum-touch-2\/","name":"Quantum Touch - Centro olistico del Brabante","isPartOf":{"@id":"https:\/\/holistischcentrum-brabant.nl\/#website"},"datePublished":"2024-08-25T10:27:36+00:00","dateModified":"2024-11-20T13:27:49+00:00","description":"Leggere un libro con concentrazione, facendovi dimenticare il mondo circostante, \u00e8 gi\u00e0 ipnosi. Siete curiosi di conoscere tutte le possibilit\u00e0? Consultate il nostro sito web","breadcrumb":{"@id":"https:\/\/holistischcentrum-brabant.nl\/quantum-touch-2\/#breadcrumb"},"inLanguage":"it-IT","potentialAction":[{"@type":"ReadAction","target":["https:\/\/holistischcentrum-brabant.nl\/quantum-touch-2\/"]}]},{"@type":"BreadcrumbList","@id":"https:\/\/holistischcentrum-brabant.nl\/quantum-touch-2\/#breadcrumb","itemListElement":[{"@type":"ListItem","position":1,"name":"Home","item":"https:\/\/holistischcentrum-brabant.nl\/"},{"@type":"ListItem","position":2,"name":"Quantum Touch"}]},{"@type":"WebSite","@id":"https:\/\/holistischcentrum-brabant.nl\/#website","url":"https:\/\/holistischcentrum-brabant.nl\/","name":"Centro olistico Brabant","description":"","publisher":{"@id":"https:\/\/holistischcentrum-brabant.nl\/#organization"},"potentialAction":[{"@type":"SearchAction","target":{"@type":"EntryPoint","urlTemplate":"https:\/\/holistischcentrum-brabant.nl\/?s={search_term_string}"},"query-input":{"@type":"PropertyValueSpecification","valueRequired":true,"valueName":"search_term_string"}}],"inLanguage":"it-IT"},{"@type":"Organization","@id":"https:\/\/holistischcentrum-brabant.nl\/#organization","name":"Centro olistico Brabant","url":"https:\/\/holistischcentrum-brabant.nl\/","logo":{"@type":"ImageObject","inLanguage":"it-IT","@id":"https:\/\/holistischcentrum-brabant.nl\/#\/schema\/logo\/image\/","url":"https:\/\/holistischcentrum-brabant.nl\/wp-content\/uploads\/2024\/06\/Logo-HCB-hoge-resolutie-1.jpg","contentUrl":"https:\/\/holistischcentrum-brabant.nl\/wp-content\/uploads\/2024\/06\/Logo-HCB-hoge-resolutie-1.jpg","width":527,"height":205,"caption":"Holistisch Centrum Brabant"},"image":{"@id":"https:\/\/holistischcentrum-brabant.nl\/#\/schema\/logo\/image\/"},"sameAs":["https:\/\/www.facebook.com\/holistischcentrumbrabant"]}]}},"_links":{"self":[{"href":"https:\/\/holistischcentrum-brabant.nl\/it\/wp-json\/wp\/v2\/pages\/7468","targetHints":{"allow":["GET"]}}],"collection":[{"href":"https:\/\/holistischcentrum-brabant.nl\/it\/wp-json\/wp\/v2\/pages"}],"about":[{"href":"https:\/\/holistischcentrum-brabant.nl\/it\/wp-json\/wp\/v2\/types\/page"}],"author":[{"embeddable":true,"href":"https:\/\/holistischcentrum-brabant.nl\/it\/wp-json\/wp\/v2\/users\/3"}],"replies":[{"embeddable":true,"href":"https:\/\/holistischcentrum-brabant.nl\/it\/wp-json\/wp\/v2\/comments?post=7468"}],"version-history":[{"count":5,"href":"https:\/\/holistischcentrum-brabant.nl\/it\/wp-json\/wp\/v2\/pages\/7468\/revisions"}],"predecessor-version":[{"id":7784,"href":"https:\/\/holistischcentrum-brabant.nl\/it\/wp-json\/wp\/v2\/pages\/7468\/revisions\/7784"}],"wp:attachment":[{"href":"https:\/\/holistischcentrum-brabant.nl\/it\/wp-json\/wp\/v2\/media?parent=7468"}],"curies":[{"name":"wp","href":"https:\/\/api.w.org\/{rel}","templated":true}]}}